{"id":2785,"date":"2025-11-12T15:38:34","date_gmt":"2025-11-12T15:38:34","guid":{"rendered":"https:\/\/www.elmak.de\/?post_type=product&#038;p=2785"},"modified":"2025-11-12T15:44:05","modified_gmt":"2025-11-12T15:44:05","slug":"mw204-magwaage","status":"publish","type":"product","link":"https:\/\/www.elmak.de\/en\/product\/mw204-magwaage\/","title":{"rendered":"MW204 MAGWaage"},"content":{"rendered":"<p>ELMAK-MAGWAAGE mech 12-80 (100l)<\/p>\n<p>Erm\u00f6glicht die \u00dcberwachung des Zustands des Ausdehnungsgef\u00e4\u00dfes (Gewicht und Druckkombination) und dessen Zur\u00fccksetzen, ohne dass das Wasser aus dem Kreislauf abgelassen werden muss.<br \/>\n(Bei normalen Ausdehnungsgef\u00e4\u00dfen kann nur der Druck \u00fcberpr\u00fcft werden, was keinen Hinweis darauf gibt, wie viel Gaspuffer noch vorhanden ist).<\/p>\n<p>Spart Geld in jeder Zentralheizungsanlage.<\/p>\n<p>&nbsp;<\/p>\n<p>Manometer, Druckschlauch, mit Druckschalter und Unterdruck-Warnleuchte zur Anzeige des kritischen F\u00fcllzustands in Membranausdehnungsgef\u00e4\u00dfen 12 -100 l W\u00e4gung mechanisch \u00fcber kalibrierte Zugfeder. Wandmontage mit mechanischer Gewichtsanzeige im MAG Kennlinienfeld. Ohne Membranausdehnungsgef\u00e4\u00df.<\/p>","protected":false},"excerpt":{"rendered":"<p>ELMAK-MAGWAAGE mech 12-80 (100l) Erm\u00f6glicht die \u00dcberwachung des Zustands des Ausdehnungsgef\u00e4\u00dfes (Gewicht und Druckkombination) und dessen Zur\u00fccksetzen, ohne dass das Wasser aus dem Kreislauf abgelassen werden muss. (Bei normalen Ausdehnungsgef\u00e4\u00dfen kann nur der Druck \u00fcberpr\u00fcft werden, was keinen Hinweis darauf gibt, wie viel Gaspuffer noch vorhanden ist). Spart Geld in jeder Zentralheizungsanlage. &nbsp; Manometer, Druckschlauch, [&hellip;]<\/p>","protected":false},"featured_media":2786,"template":"","meta":{"ocean_post_layout":"","ocean_both_sidebars_style":"","ocean_both_sidebars_content_width":0,"ocean_both_sidebars_sidebars_width":0,"ocean_sidebar":"0","ocean_second_sidebar":"0","ocean_disable_margins":"enable","ocean_add_body_class":"","ocean_shortcode_before_top_bar":"","ocean_shortcode_after_top_bar":"","ocean_shortcode_before_header":"","ocean_shortcode_after_header":"","ocean_has_shortcode":"","ocean_shortcode_after_title":"","ocean_shortcode_before_footer_widgets":"","ocean_shortcode_after_footer_widgets":"","ocean_shortcode_before_footer_bottom":"","ocean_shortcode_after_footer_bottom":"","ocean_display_top_bar":"default","ocean_display_header":"default","ocean_header_style":"","ocean_center_header_left_menu":"0","ocean_custom_header_template":"0","ocean_custom_logo":0,"ocean_custom_retina_logo":0,"ocean_custom_logo_max_width":0,"ocean_custom_logo_tablet_max_width":0,"ocean_custom_logo_mobile_max_width":0,"ocean_custom_logo_max_height":0,"ocean_custom_logo_tablet_max_height":0,"ocean_custom_logo_mobile_max_height":0,"ocean_header_custom_menu":"0","ocean_menu_typo_font_family":"0","ocean_menu_typo_font_subset":"","ocean_menu_typo_font_size":0,"ocean_menu_typo_font_size_tablet":0,"ocean_menu_typo_font_size_mobile":0,"ocean_menu_typo_font_size_unit":"px","ocean_menu_typo_font_weight":"","ocean_menu_typo_font_weight_tablet":"","ocean_menu_typo_font_weight_mobile":"","ocean_menu_typo_transform":"","ocean_menu_typo_transform_tablet":"","ocean_menu_typo_transform_mobile":"","ocean_menu_typo_line_height":0,"ocean_menu_typo_line_height_tablet":0,"ocean_menu_typo_line_height_mobile":0,"ocean_menu_typo_line_height_unit":"","ocean_menu_typo_spacing":0,"ocean_menu_typo_spacing_tablet":0,"ocean_menu_typo_spacing_mobile":0,"ocean_menu_typo_spacing_unit":"","ocean_menu_link_color":"","ocean_menu_link_color_hover":"","ocean_menu_link_color_active":"","ocean_menu_link_background":"","ocean_menu_link_hover_background":"","ocean_menu_link_active_background":"","ocean_menu_social_links_bg":"","ocean_menu_social_hover_links_bg":"","ocean_menu_social_links_color":"","ocean_menu_social_hover_links_color":"","ocean_disable_title":"default","ocean_disable_heading":"default","ocean_post_title":"","ocean_post_subheading":"","ocean_post_title_style":"","ocean_post_title_background_color":"","ocean_post_title_background":0,"ocean_post_title_bg_image_position":"","ocean_post_title_bg_image_attachment":"","ocean_post_title_bg_image_repeat":"","ocean_post_title_bg_image_size":"","ocean_post_title_height":0,"ocean_post_title_bg_overlay":0.5,"ocean_post_title_bg_overlay_color":"","ocean_disable_breadcrumbs":"default","ocean_breadcrumbs_color":"","ocean_breadcrumbs_separator_color":"","ocean_breadcrumbs_links_color":"","ocean_breadcrumbs_links_hover_color":"","ocean_display_footer_widgets":"default","ocean_display_footer_bottom":"default","ocean_custom_footer_template":"0"},"product_brand":[],"product_cat":[24],"product_tag":[],"class_list":{"0":"post-2785","1":"product","2":"type-product","3":"status-publish","4":"has-post-thumbnail","6":"product_cat-geraete-technik","8":"entry","9":"has-media","11":"first","12":"instock","13":"sale","14":"shipping-taxable","15":"purchasable","16":"product-type-simple","17":"has-product-nav","18":"col","19":"span_1_of_3","20":"owp-content-center","21":"owp-thumbs-layout-horizontal","22":"owp-btn-normal","23":"owp-tabs-layout-horizontal","24":"has-no-thumbnails"},"_links":{"self":[{"href":"https:\/\/www.elmak.de\/en\/wp-json\/wp\/v2\/product\/2785","targetHints":{"allow":["GET"]}}],"collection":[{"href":"https:\/\/www.elmak.de\/en\/wp-json\/wp\/v2\/product"}],"about":[{"href":"https:\/\/www.elmak.de\/en\/wp-json\/wp\/v2\/types\/product"}],"version-history":[{"count":1,"href":"https:\/\/www.elmak.de\/en\/wp-json\/wp\/v2\/product\/2785\/revisions"}],"predecessor-version":[{"id":2787,"href":"https:\/\/www.elmak.de\/en\/wp-json\/wp\/v2\/product\/2785\/revisions\/2787"}],"wp:featuredmedia":[{"embeddable":true,"href":"https:\/\/www.elmak.de\/en\/wp-json\/wp\/v2\/media\/2786"}],"wp:attachment":[{"href":"https:\/\/www.elmak.de\/en\/wp-json\/wp\/v2\/media?parent=2785"}],"wp:term":[{"taxonomy":"product_brand","embeddable":true,"href":"https:\/\/www.elmak.de\/en\/wp-json\/wp\/v2\/product_brand?post=2785"},{"taxonomy":"product_cat","embeddable":true,"href":"https:\/\/www.elmak.de\/en\/wp-json\/wp\/v2\/product_cat?post=2785"},{"taxonomy":"product_tag","embeddable":true,"href":"https:\/\/www.elmak.de\/en\/wp-json\/wp\/v2\/product_tag?post=2785"}],"curies":[{"name":"wp","href":"https:\/\/api.w.org\/{rel}","templated":true}]}}