{"id":2526,"date":"2025-11-03T16:26:38","date_gmt":"2025-11-03T16:26:38","guid":{"rendered":"https:\/\/www.elmak.de\/?post_type=product&#038;p=2526"},"modified":"2025-11-03T16:34:46","modified_gmt":"2025-11-03T16:34:46","slug":"gebaeudetrinkwassernetz-reinigung-elma-lavar","status":"publish","type":"product","link":"https:\/\/www.elmak.de\/en\/product\/gebaeudetrinkwassernetz-reinigung-elma-lavar\/","title":{"rendered":"Geb\u00e4udetrinkwassernetz Reinigung ELMA LAVAR Miete"},"content":{"rendered":"<p>Sorgf\u00e4ltige chemiefreie Reinigung eines bestehenden Geb\u00e4udewassernetzes mit einem Gesamtvolumen von weniger als 5 m\u00b3 durch 3-monatige Anmietung eines tragbaren ELMA-LAVAR-Ger\u00e4ts.<\/p>\n<p>Der Preis beinhaltet keine \u00c4nderungen an den Rohrleitungen, um Anschlussstellen f\u00fcr das Ger\u00e4t zu schaffen, falls keine vorhanden sind (muss von einem zugelassenen Klempner durchgef\u00fchrt werden).<\/p>\n<p>Die Arbeitsstunden f\u00fcr einen ersten Besuch vor Ort zur Planung der Installation sowie die Arbeitsstunden des ELMAK-Technikers f\u00fcr die Installation, Inbetriebnahme, Au\u00dferbetriebnahme und Deinstallation des Ger\u00e4ts sind ca. 3000 EUR.<br \/>\nTransport des Ger\u00e4ts gem\u00e4\u00df unseren Standard-Lieferkosten.<br \/>\nBesuche vor Ort gem\u00e4\u00df unseren Standard-Reisekosten (separat angeboten).<br \/>\nWenn auch eine chemische Desinfektion gew\u00fcnscht wird, muss diese separat angeboten werden.<br \/>\nDer Listenpreis unten gilt f\u00fcr die Monatliche Miete unseres Kaltwasserger\u00e4ts beginnen bei 240 Eur\/Monat.\u00a0 Warmwasserger\u00e4te Bitte Anfragen.<\/p>\n<p>Aufgrund der Komplexit\u00e4t solche Anwendungen eine Internet-Budget-Preis ist schwer zu ermitteln. Bitte fragen uns an.<\/p>","protected":false},"excerpt":{"rendered":"<p>Sorgf\u00e4ltige chemiefreie Reinigung eines bestehenden Geb\u00e4udewassernetzes mit einem Gesamtvolumen von weniger als 5 m\u00b3 durch 3-monatige Anmietung eines tragbaren ELMA-LAVAR-Ger\u00e4ts. Der Preis beinhaltet keine \u00c4nderungen an den Rohrleitungen, um Anschlussstellen f\u00fcr das Ger\u00e4t zu schaffen, falls keine vorhanden sind (muss von einem zugelassenen Klempner durchgef\u00fchrt werden). Die Arbeitsstunden f\u00fcr einen ersten Besuch vor Ort zur [&hellip;]<\/p>","protected":false},"featured_media":1820,"template":"","meta":{"ocean_post_layout":"","ocean_both_sidebars_style":"","ocean_both_sidebars_content_width":0,"ocean_both_sidebars_sidebars_width":0,"ocean_sidebar":"0","ocean_second_sidebar":"0","ocean_disable_margins":"enable","ocean_add_body_class":"","ocean_shortcode_before_top_bar":"","ocean_shortcode_after_top_bar":"","ocean_shortcode_before_header":"","ocean_shortcode_after_header":"","ocean_has_shortcode":"","ocean_shortcode_after_title":"","ocean_shortcode_before_footer_widgets":"","ocean_shortcode_after_footer_widgets":"","ocean_shortcode_before_footer_bottom":"","ocean_shortcode_after_footer_bottom":"","ocean_display_top_bar":"default","ocean_display_header":"default","ocean_header_style":"","ocean_center_header_left_menu":"0","ocean_custom_header_template":"0","ocean_custom_logo":0,"ocean_custom_retina_logo":0,"ocean_custom_logo_max_width":0,"ocean_custom_logo_tablet_max_width":0,"ocean_custom_logo_mobile_max_width":0,"ocean_custom_logo_max_height":0,"ocean_custom_logo_tablet_max_height":0,"ocean_custom_logo_mobile_max_height":0,"ocean_header_custom_menu":"0","ocean_menu_typo_font_family":"0","ocean_menu_typo_font_subset":"","ocean_menu_typo_font_size":0,"ocean_menu_typo_font_size_tablet":0,"ocean_menu_typo_font_size_mobile":0,"ocean_menu_typo_font_size_unit":"px","ocean_menu_typo_font_weight":"","ocean_menu_typo_font_weight_tablet":"","ocean_menu_typo_font_weight_mobile":"","ocean_menu_typo_transform":"","ocean_menu_typo_transform_tablet":"","ocean_menu_typo_transform_mobile":"","ocean_menu_typo_line_height":0,"ocean_menu_typo_line_height_tablet":0,"ocean_menu_typo_line_height_mobile":0,"ocean_menu_typo_line_height_unit":"","ocean_menu_typo_spacing":0,"ocean_menu_typo_spacing_tablet":0,"ocean_menu_typo_spacing_mobile":0,"ocean_menu_typo_spacing_unit":"","ocean_menu_link_color":"","ocean_menu_link_color_hover":"","ocean_menu_link_color_active":"","ocean_menu_link_background":"","ocean_menu_link_hover_background":"","ocean_menu_link_active_background":"","ocean_menu_social_links_bg":"","ocean_menu_social_hover_links_bg":"","ocean_menu_social_links_color":"","ocean_menu_social_hover_links_color":"","ocean_disable_title":"default","ocean_disable_heading":"default","ocean_post_title":"","ocean_post_subheading":"","ocean_post_title_style":"","ocean_post_title_background_color":"","ocean_post_title_background":0,"ocean_post_title_bg_image_position":"","ocean_post_title_bg_image_attachment":"","ocean_post_title_bg_image_repeat":"","ocean_post_title_bg_image_size":"","ocean_post_title_height":0,"ocean_post_title_bg_overlay":0.5,"ocean_post_title_bg_overlay_color":"","ocean_disable_breadcrumbs":"default","ocean_breadcrumbs_color":"","ocean_breadcrumbs_separator_color":"","ocean_breadcrumbs_links_color":"","ocean_breadcrumbs_links_hover_color":"","ocean_display_footer_widgets":"default","ocean_display_footer_bottom":"default","ocean_custom_footer_template":"0"},"product_brand":[],"product_cat":[26],"product_tag":[],"class_list":{"0":"post-2526","1":"product","2":"type-product","3":"status-publish","4":"has-post-thumbnail","6":"product_cat-dienstleistungen","8":"entry","9":"has-media","11":"first","12":"instock","13":"shipping-taxable","14":"purchasable","15":"product-type-simple","16":"has-product-nav","17":"col","18":"span_1_of_3","19":"owp-content-center","20":"owp-thumbs-layout-horizontal","21":"owp-btn-normal","22":"owp-tabs-layout-horizontal","23":"has-no-thumbnails"},"_links":{"self":[{"href":"https:\/\/www.elmak.de\/en\/wp-json\/wp\/v2\/product\/2526","targetHints":{"allow":["GET"]}}],"collection":[{"href":"https:\/\/www.elmak.de\/en\/wp-json\/wp\/v2\/product"}],"about":[{"href":"https:\/\/www.elmak.de\/en\/wp-json\/wp\/v2\/types\/product"}],"version-history":[{"count":3,"href":"https:\/\/www.elmak.de\/en\/wp-json\/wp\/v2\/product\/2526\/revisions"}],"predecessor-version":[{"id":2529,"href":"https:\/\/www.elmak.de\/en\/wp-json\/wp\/v2\/product\/2526\/revisions\/2529"}],"wp:featuredmedia":[{"embeddable":true,"href":"https:\/\/www.elmak.de\/en\/wp-json\/wp\/v2\/media\/1820"}],"wp:attachment":[{"href":"https:\/\/www.elmak.de\/en\/wp-json\/wp\/v2\/media?parent=2526"}],"wp:term":[{"taxonomy":"product_brand","embeddable":true,"href":"https:\/\/www.elmak.de\/en\/wp-json\/wp\/v2\/product_brand?post=2526"},{"taxonomy":"product_cat","embeddable":true,"href":"https:\/\/www.elmak.de\/en\/wp-json\/wp\/v2\/product_cat?post=2526"},{"taxonomy":"product_tag","embeddable":true,"href":"https:\/\/www.elmak.de\/en\/wp-json\/wp\/v2\/product_tag?post=2526"}],"curies":[{"name":"wp","href":"https:\/\/api.w.org\/{rel}","templated":true}]}}