{"id":2454,"date":"2025-11-03T09:46:35","date_gmt":"2025-11-03T09:46:35","guid":{"rendered":"https:\/\/www.elmak.de\/?post_type=product&#038;p=2454"},"modified":"2025-11-10T16:58:05","modified_gmt":"2025-11-10T16:58:05","slug":"kalox-iii-oxidation-und-kalkloeser-cp30212","status":"publish","type":"product","link":"https:\/\/www.elmak.de\/en\/product\/kalox-iii-oxidation-und-kalkloeser-cp30212\/","title":{"rendered":"KALOX III, Oxidation und Kalkl\u00f6ser CP30212"},"content":{"rendered":"<p>KALOX III, Oxidation und Kalkl\u00f6ser<\/p>\n<p>kristallin, Eimer 12,5 kg<\/p>\n<p>Chloridfrei und greift das Metall nicht an, wie dies bei anderen Behandlungen der Fall ist (z. B. Schwefels\u00e4ure, Salzs\u00e4ure, Ameisens\u00e4ure).<\/p>\n<p>Geeignet zur Neutralisierung von KS20- und KS21-L\u00f6sungen vor der Entsorgung in die Kanalisation.<\/p>\n<p>Geeignet zur Entfernung von Kalk und Rost von:<br \/>\nMetalloberfl\u00e4chen<br \/>\nWerkzeugen<br \/>\nW\u00e4rmetauschern<\/p>\n<p>Anwendbar in Werkzeugreinigungsger\u00e4te und Temperierkanalreinigung.<\/p>\n<p>Mehr Infos in Produktdatenblatt \u2013 Bitte Anfragen.<\/p>\n<p>Preis is mengenbedingt \u2013 Bitte Anfragen.<\/p>","protected":false},"excerpt":{"rendered":"<p>KALOX III, Oxidation und Kalkl\u00f6ser kristallin, Eimer 12,5 kg Chloridfrei und greift das Metall nicht an, wie dies bei anderen Behandlungen der Fall ist (z. B. Schwefels\u00e4ure, Salzs\u00e4ure, Ameisens\u00e4ure). Geeignet zur Neutralisierung von KS20- und KS21-L\u00f6sungen vor der Entsorgung in die Kanalisation. Geeignet zur Entfernung von Kalk und Rost von: Metalloberfl\u00e4chen Werkzeugen W\u00e4rmetauschern Anwendbar in [&hellip;]<\/p>","protected":false},"featured_media":2455,"template":"","meta":{"ocean_post_layout":"","ocean_both_sidebars_style":"","ocean_both_sidebars_content_width":0,"ocean_both_sidebars_sidebars_width":0,"ocean_sidebar":"0","ocean_second_sidebar":"0","ocean_disable_margins":"enable","ocean_add_body_class":"","ocean_shortcode_before_top_bar":"","ocean_shortcode_after_top_bar":"","ocean_shortcode_before_header":"","ocean_shortcode_after_header":"","ocean_has_shortcode":"","ocean_shortcode_after_title":"","ocean_shortcode_before_footer_widgets":"","ocean_shortcode_after_footer_widgets":"","ocean_shortcode_before_footer_bottom":"","ocean_shortcode_after_footer_bottom":"","ocean_display_top_bar":"default","ocean_display_header":"default","ocean_header_style":"","ocean_center_header_left_menu":"0","ocean_custom_header_template":"0","ocean_custom_logo":0,"ocean_custom_retina_logo":0,"ocean_custom_logo_max_width":0,"ocean_custom_logo_tablet_max_width":0,"ocean_custom_logo_mobile_max_width":0,"ocean_custom_logo_max_height":0,"ocean_custom_logo_tablet_max_height":0,"ocean_custom_logo_mobile_max_height":0,"ocean_header_custom_menu":"0","ocean_menu_typo_font_family":"0","ocean_menu_typo_font_subset":"","ocean_menu_typo_font_size":0,"ocean_menu_typo_font_size_tablet":0,"ocean_menu_typo_font_size_mobile":0,"ocean_menu_typo_font_size_unit":"px","ocean_menu_typo_font_weight":"","ocean_menu_typo_font_weight_tablet":"","ocean_menu_typo_font_weight_mobile":"","ocean_menu_typo_transform":"","ocean_menu_typo_transform_tablet":"","ocean_menu_typo_transform_mobile":"","ocean_menu_typo_line_height":0,"ocean_menu_typo_line_height_tablet":0,"ocean_menu_typo_line_height_mobile":0,"ocean_menu_typo_line_height_unit":"","ocean_menu_typo_spacing":0,"ocean_menu_typo_spacing_tablet":0,"ocean_menu_typo_spacing_mobile":0,"ocean_menu_typo_spacing_unit":"","ocean_menu_link_color":"","ocean_menu_link_color_hover":"","ocean_menu_link_color_active":"","ocean_menu_link_background":"","ocean_menu_link_hover_background":"","ocean_menu_link_active_background":"","ocean_menu_social_links_bg":"","ocean_menu_social_hover_links_bg":"","ocean_menu_social_links_color":"","ocean_menu_social_hover_links_color":"","ocean_disable_title":"default","ocean_disable_heading":"default","ocean_post_title":"","ocean_post_subheading":"","ocean_post_title_style":"","ocean_post_title_background_color":"","ocean_post_title_background":0,"ocean_post_title_bg_image_position":"","ocean_post_title_bg_image_attachment":"","ocean_post_title_bg_image_repeat":"","ocean_post_title_bg_image_size":"","ocean_post_title_height":0,"ocean_post_title_bg_overlay":0.5,"ocean_post_title_bg_overlay_color":"","ocean_disable_breadcrumbs":"default","ocean_breadcrumbs_color":"","ocean_breadcrumbs_separator_color":"","ocean_breadcrumbs_links_color":"","ocean_breadcrumbs_links_hover_color":"","ocean_display_footer_widgets":"default","ocean_display_footer_bottom":"default","ocean_custom_footer_template":"0"},"product_brand":[],"product_cat":[25],"product_tag":[],"class_list":{"0":"post-2454","1":"product","2":"type-product","3":"status-publish","4":"has-post-thumbnail","6":"product_cat-verbrauchsmaterial","8":"entry","9":"has-media","11":"first","12":"instock","13":"shipping-taxable","14":"purchasable","15":"product-type-simple","16":"has-product-nav","17":"col","18":"span_1_of_3","19":"owp-content-center","20":"owp-thumbs-layout-horizontal","21":"owp-btn-normal","22":"owp-tabs-layout-horizontal","23":"has-no-thumbnails"},"_links":{"self":[{"href":"https:\/\/www.elmak.de\/en\/wp-json\/wp\/v2\/product\/2454","targetHints":{"allow":["GET"]}}],"collection":[{"href":"https:\/\/www.elmak.de\/en\/wp-json\/wp\/v2\/product"}],"about":[{"href":"https:\/\/www.elmak.de\/en\/wp-json\/wp\/v2\/types\/product"}],"version-history":[{"count":3,"href":"https:\/\/www.elmak.de\/en\/wp-json\/wp\/v2\/product\/2454\/revisions"}],"predecessor-version":[{"id":2577,"href":"https:\/\/www.elmak.de\/en\/wp-json\/wp\/v2\/product\/2454\/revisions\/2577"}],"wp:featuredmedia":[{"embeddable":true,"href":"https:\/\/www.elmak.de\/en\/wp-json\/wp\/v2\/media\/2455"}],"wp:attachment":[{"href":"https:\/\/www.elmak.de\/en\/wp-json\/wp\/v2\/media?parent=2454"}],"wp:term":[{"taxonomy":"product_brand","embeddable":true,"href":"https:\/\/www.elmak.de\/en\/wp-json\/wp\/v2\/product_brand?post=2454"},{"taxonomy":"product_cat","embeddable":true,"href":"https:\/\/www.elmak.de\/en\/wp-json\/wp\/v2\/product_cat?post=2454"},{"taxonomy":"product_tag","embeddable":true,"href":"https:\/\/www.elmak.de\/en\/wp-json\/wp\/v2\/product_tag?post=2454"}],"curies":[{"name":"wp","href":"https:\/\/api.w.org\/{rel}","templated":true}]}}