{"id":2325,"date":"2025-10-27T14:29:11","date_gmt":"2025-10-27T14:29:11","guid":{"rendered":"https:\/\/www.elmak.de\/?post_type=product&#038;p=2325"},"modified":"2025-10-29T18:29:57","modified_gmt":"2025-10-29T18:29:57","slug":"kuehlturmwasser-verwaltung-watermaster-60l-wm060t0","status":"publish","type":"product","link":"https:\/\/www.elmak.de\/en\/product\/kuehlturmwasser-verwaltung-watermaster-60l-wm060t0\/","title":{"rendered":"K\u00fchlturmwasser-Verwaltung &#8211; Watermaster 60l &#8211; WM060T0"},"content":{"rendered":"<p>Watermaster T 60l<br \/>\nMengenproportionaler K\u00fchlturm Nachsatz- und Absalzungsregler. Regelt das einstellbare Konzentrationsverh\u00e4ltnis zwischen Kreislaufwasser und Nachsatzwasser in Verdunstungsk\u00fchlern.<br \/>\nQuellwasseranschl\u00fcsse an Stadtwasser und Enth\u00e4rter.<br \/>\nSystemwasser-Abzug an der Druckleitung der Kreislaufpumpe. Abwasseranschluss an Abfluss.<br \/>\nFrischwasseranschluss an den K\u00fchlturm-Sammeltank oder Saugleitung der Kreislaufpumpe oder durch eine Ladepumpe.<br \/>\nGeeignet f\u00fcr alle K\u00fchlt\u00fcrme. Die Tankgr\u00f6\u00dfe richtet sich nach dem eff. Wasserverbrauch<br \/>\nbestehend aus:<br \/>\n&#8211; 60l Proportioniertank mit geschalteten Niveau-Einstellungen LBH 350x260x810<br \/>\n&#8211; Steuerschrank f\u00fcr Wandmontage BHT 380x300x155<br \/>\n&#8211; Tankpodest zur freien Aufstellung mit Armaturensatz zur man. Einstellungen<\/p>","protected":false},"excerpt":{"rendered":"<p>Watermaster T 60l Mengenproportionaler K\u00fchlturm Nachsatz- und Absalzungsregler. Regelt das einstellbare Konzentrationsverh\u00e4ltnis zwischen Kreislaufwasser und Nachsatzwasser in Verdunstungsk\u00fchlern. Quellwasseranschl\u00fcsse an Stadtwasser und Enth\u00e4rter. Systemwasser-Abzug an der Druckleitung der Kreislaufpumpe. Abwasseranschluss an Abfluss. Frischwasseranschluss an den K\u00fchlturm-Sammeltank oder Saugleitung der Kreislaufpumpe oder durch eine Ladepumpe. Geeignet f\u00fcr alle K\u00fchlt\u00fcrme. Die Tankgr\u00f6\u00dfe richtet sich nach dem eff. [&hellip;]<\/p>","protected":false},"featured_media":1662,"template":"","meta":{"ocean_post_layout":"","ocean_both_sidebars_style":"","ocean_both_sidebars_content_width":0,"ocean_both_sidebars_sidebars_width":0,"ocean_sidebar":"0","ocean_second_sidebar":"0","ocean_disable_margins":"enable","ocean_add_body_class":"","ocean_shortcode_before_top_bar":"","ocean_shortcode_after_top_bar":"","ocean_shortcode_before_header":"","ocean_shortcode_after_header":"","ocean_has_shortcode":"","ocean_shortcode_after_title":"","ocean_shortcode_before_footer_widgets":"","ocean_shortcode_after_footer_widgets":"","ocean_shortcode_before_footer_bottom":"","ocean_shortcode_after_footer_bottom":"","ocean_display_top_bar":"default","ocean_display_header":"default","ocean_header_style":"","ocean_center_header_left_menu":"0","ocean_custom_header_template":"0","ocean_custom_logo":0,"ocean_custom_retina_logo":0,"ocean_custom_logo_max_width":0,"ocean_custom_logo_tablet_max_width":0,"ocean_custom_logo_mobile_max_width":0,"ocean_custom_logo_max_height":0,"ocean_custom_logo_tablet_max_height":0,"ocean_custom_logo_mobile_max_height":0,"ocean_header_custom_menu":"0","ocean_menu_typo_font_family":"0","ocean_menu_typo_font_subset":"","ocean_menu_typo_font_size":0,"ocean_menu_typo_font_size_tablet":0,"ocean_menu_typo_font_size_mobile":0,"ocean_menu_typo_font_size_unit":"px","ocean_menu_typo_font_weight":"","ocean_menu_typo_font_weight_tablet":"","ocean_menu_typo_font_weight_mobile":"","ocean_menu_typo_transform":"","ocean_menu_typo_transform_tablet":"","ocean_menu_typo_transform_mobile":"","ocean_menu_typo_line_height":0,"ocean_menu_typo_line_height_tablet":0,"ocean_menu_typo_line_height_mobile":0,"ocean_menu_typo_line_height_unit":"","ocean_menu_typo_spacing":0,"ocean_menu_typo_spacing_tablet":0,"ocean_menu_typo_spacing_mobile":0,"ocean_menu_typo_spacing_unit":"","ocean_menu_link_color":"","ocean_menu_link_color_hover":"","ocean_menu_link_color_active":"","ocean_menu_link_background":"","ocean_menu_link_hover_background":"","ocean_menu_link_active_background":"","ocean_menu_social_links_bg":"","ocean_menu_social_hover_links_bg":"","ocean_menu_social_links_color":"","ocean_menu_social_hover_links_color":"","ocean_disable_title":"default","ocean_disable_heading":"default","ocean_post_title":"","ocean_post_subheading":"","ocean_post_title_style":"","ocean_post_title_background_color":"","ocean_post_title_background":0,"ocean_post_title_bg_image_position":"","ocean_post_title_bg_image_attachment":"","ocean_post_title_bg_image_repeat":"","ocean_post_title_bg_image_size":"","ocean_post_title_height":0,"ocean_post_title_bg_overlay":0.5,"ocean_post_title_bg_overlay_color":"","ocean_disable_breadcrumbs":"default","ocean_breadcrumbs_color":"","ocean_breadcrumbs_separator_color":"","ocean_breadcrumbs_links_color":"","ocean_breadcrumbs_links_hover_color":"","ocean_display_footer_widgets":"default","ocean_display_footer_bottom":"default","ocean_custom_footer_template":"0"},"product_brand":[],"product_cat":[24],"product_tag":[],"class_list":{"0":"post-2325","1":"product","2":"type-product","3":"status-publish","4":"has-post-thumbnail","6":"product_cat-geraete-technik","8":"entry","9":"has-media","11":"first","12":"instock","13":"shipping-taxable","14":"purchasable","15":"product-type-simple","16":"has-product-nav","17":"col","18":"span_1_of_3","19":"owp-content-center","20":"owp-thumbs-layout-horizontal","21":"owp-btn-normal","22":"owp-tabs-layout-horizontal","23":"has-no-thumbnails"},"_links":{"self":[{"href":"https:\/\/www.elmak.de\/en\/wp-json\/wp\/v2\/product\/2325","targetHints":{"allow":["GET"]}}],"collection":[{"href":"https:\/\/www.elmak.de\/en\/wp-json\/wp\/v2\/product"}],"about":[{"href":"https:\/\/www.elmak.de\/en\/wp-json\/wp\/v2\/types\/product"}],"version-history":[{"count":1,"href":"https:\/\/www.elmak.de\/en\/wp-json\/wp\/v2\/product\/2325\/revisions"}],"predecessor-version":[{"id":2326,"href":"https:\/\/www.elmak.de\/en\/wp-json\/wp\/v2\/product\/2325\/revisions\/2326"}],"wp:featuredmedia":[{"embeddable":true,"href":"https:\/\/www.elmak.de\/en\/wp-json\/wp\/v2\/media\/1662"}],"wp:attachment":[{"href":"https:\/\/www.elmak.de\/en\/wp-json\/wp\/v2\/media?parent=2325"}],"wp:term":[{"taxonomy":"product_brand","embeddable":true,"href":"https:\/\/www.elmak.de\/en\/wp-json\/wp\/v2\/product_brand?post=2325"},{"taxonomy":"product_cat","embeddable":true,"href":"https:\/\/www.elmak.de\/en\/wp-json\/wp\/v2\/product_cat?post=2325"},{"taxonomy":"product_tag","embeddable":true,"href":"https:\/\/www.elmak.de\/en\/wp-json\/wp\/v2\/product_tag?post=2325"}],"curies":[{"name":"wp","href":"https:\/\/api.w.org\/{rel}","templated":true}]}}