{"id":2316,"date":"2025-10-27T14:09:11","date_gmt":"2025-10-27T14:09:11","guid":{"rendered":"https:\/\/www.elmak.de\/?post_type=product&#038;p=2316"},"modified":"2025-11-03T13:25:54","modified_gmt":"2025-11-03T13:25:54","slug":"hochleistungs-tiefenfilter-fi105","status":"publish","type":"product","link":"https:\/\/www.elmak.de\/en\/product\/hochleistungs-tiefenfilter-fi105\/","title":{"rendered":"FI105 &#8211; Hochleistungs-Tiefenfilter"},"content":{"rendered":"<p>Tiefenfilter 3\/4 DVA mit F\u00fcllung f\u00fcr Betrieb 1 Kreislauf<br \/>\nr\u00fccksp\u00fclbar mit EMM-SUPERPOR F\u00fcllung zum Einbau<br \/>\nin Kalt- und Warmwassersystemen. Filterkessel und<br \/>\nEinbauten aus Edelstahl 1.4571 sowie hitze- und<br \/>\nkorrosionsfesten Werkstof0en, Verrohrung stahlverzinkt.<br \/>\nEntl\u00fcftung, Manometer, Speziald\u00fcse, Flanschdeckel als<br \/>\nEinf\u00fcll\u00f6ffnung, seitliches Service- Handloch als Flanschdeckel,<br \/>\nR\u00fccksp\u00fclschauglas zur Klarkontrolle, Probenahmeventile und<br \/>\nFremdsp\u00fclventil sowie Entleerung<br \/>\nLeistung gesp\u00fclt: 2-4 m3\/h<br \/>\nAufstellfl\u00e4che: 550 x 600mm<\/p>\n<p>BITTE BEACHTEN\u00a0 &#8211; LISTPREIS<br \/>\nPUMPENLEISTUNG UND WEITERE DETAILS MUSSEN NACH ANWENDUNG ANGEPASST WERDEN.<\/p>","protected":false},"excerpt":{"rendered":"<p>Tiefenfilter 3\/4 DVA mit F\u00fcllung f\u00fcr Betrieb 1 Kreislauf r\u00fccksp\u00fclbar mit EMM-SUPERPOR F\u00fcllung zum Einbau in Kalt- und Warmwassersystemen. Filterkessel und Einbauten aus Edelstahl 1.4571 sowie hitze- und korrosionsfesten Werkstof0en, Verrohrung stahlverzinkt. Entl\u00fcftung, Manometer, Speziald\u00fcse, Flanschdeckel als Einf\u00fcll\u00f6ffnung, seitliches Service- Handloch als Flanschdeckel, R\u00fccksp\u00fclschauglas zur Klarkontrolle, Probenahmeventile und Fremdsp\u00fclventil sowie Entleerung Leistung gesp\u00fclt: 2-4 m3\/h [&hellip;]<\/p>","protected":false},"featured_media":1233,"template":"","meta":{"ocean_post_layout":"","ocean_both_sidebars_style":"","ocean_both_sidebars_content_width":0,"ocean_both_sidebars_sidebars_width":0,"ocean_sidebar":"0","ocean_second_sidebar":"0","ocean_disable_margins":"enable","ocean_add_body_class":"","ocean_shortcode_before_top_bar":"","ocean_shortcode_after_top_bar":"","ocean_shortcode_before_header":"","ocean_shortcode_after_header":"","ocean_has_shortcode":"","ocean_shortcode_after_title":"","ocean_shortcode_before_footer_widgets":"","ocean_shortcode_after_footer_widgets":"","ocean_shortcode_before_footer_bottom":"","ocean_shortcode_after_footer_bottom":"","ocean_display_top_bar":"default","ocean_display_header":"default","ocean_header_style":"","ocean_center_header_left_menu":"0","ocean_custom_header_template":"0","ocean_custom_logo":0,"ocean_custom_retina_logo":0,"ocean_custom_logo_max_width":0,"ocean_custom_logo_tablet_max_width":0,"ocean_custom_logo_mobile_max_width":0,"ocean_custom_logo_max_height":0,"ocean_custom_logo_tablet_max_height":0,"ocean_custom_logo_mobile_max_height":0,"ocean_header_custom_menu":"0","ocean_menu_typo_font_family":"0","ocean_menu_typo_font_subset":"","ocean_menu_typo_font_size":0,"ocean_menu_typo_font_size_tablet":0,"ocean_menu_typo_font_size_mobile":0,"ocean_menu_typo_font_size_unit":"px","ocean_menu_typo_font_weight":"","ocean_menu_typo_font_weight_tablet":"","ocean_menu_typo_font_weight_mobile":"","ocean_menu_typo_transform":"","ocean_menu_typo_transform_tablet":"","ocean_menu_typo_transform_mobile":"","ocean_menu_typo_line_height":0,"ocean_menu_typo_line_height_tablet":0,"ocean_menu_typo_line_height_mobile":0,"ocean_menu_typo_line_height_unit":"","ocean_menu_typo_spacing":0,"ocean_menu_typo_spacing_tablet":0,"ocean_menu_typo_spacing_mobile":0,"ocean_menu_typo_spacing_unit":"","ocean_menu_link_color":"","ocean_menu_link_color_hover":"","ocean_menu_link_color_active":"","ocean_menu_link_background":"","ocean_menu_link_hover_background":"","ocean_menu_link_active_background":"","ocean_menu_social_links_bg":"","ocean_menu_social_hover_links_bg":"","ocean_menu_social_links_color":"","ocean_menu_social_hover_links_color":"","ocean_disable_title":"default","ocean_disable_heading":"default","ocean_post_title":"","ocean_post_subheading":"","ocean_post_title_style":"","ocean_post_title_background_color":"","ocean_post_title_background":0,"ocean_post_title_bg_image_position":"","ocean_post_title_bg_image_attachment":"","ocean_post_title_bg_image_repeat":"","ocean_post_title_bg_image_size":"","ocean_post_title_height":0,"ocean_post_title_bg_overlay":0.5,"ocean_post_title_bg_overlay_color":"","ocean_disable_breadcrumbs":"default","ocean_breadcrumbs_color":"","ocean_breadcrumbs_separator_color":"","ocean_breadcrumbs_links_color":"","ocean_breadcrumbs_links_hover_color":"","ocean_display_footer_widgets":"default","ocean_display_footer_bottom":"default","ocean_custom_footer_template":"0"},"product_brand":[],"product_cat":[24],"product_tag":[],"class_list":{"0":"post-2316","1":"product","2":"type-product","3":"status-publish","4":"has-post-thumbnail","6":"product_cat-geraete-technik","8":"entry","9":"has-media","11":"first","12":"instock","13":"shipping-taxable","14":"purchasable","15":"product-type-simple","16":"has-product-nav","17":"col","18":"span_1_of_3","19":"owp-content-center","20":"owp-thumbs-layout-horizontal","21":"owp-btn-normal","22":"owp-tabs-layout-horizontal","23":"has-no-thumbnails"},"_links":{"self":[{"href":"https:\/\/www.elmak.de\/en\/wp-json\/wp\/v2\/product\/2316","targetHints":{"allow":["GET"]}}],"collection":[{"href":"https:\/\/www.elmak.de\/en\/wp-json\/wp\/v2\/product"}],"about":[{"href":"https:\/\/www.elmak.de\/en\/wp-json\/wp\/v2\/types\/product"}],"version-history":[{"count":2,"href":"https:\/\/www.elmak.de\/en\/wp-json\/wp\/v2\/product\/2316\/revisions"}],"predecessor-version":[{"id":2504,"href":"https:\/\/www.elmak.de\/en\/wp-json\/wp\/v2\/product\/2316\/revisions\/2504"}],"wp:featuredmedia":[{"embeddable":true,"href":"https:\/\/www.elmak.de\/en\/wp-json\/wp\/v2\/media\/1233"}],"wp:attachment":[{"href":"https:\/\/www.elmak.de\/en\/wp-json\/wp\/v2\/media?parent=2316"}],"wp:term":[{"taxonomy":"product_brand","embeddable":true,"href":"https:\/\/www.elmak.de\/en\/wp-json\/wp\/v2\/product_brand?post=2316"},{"taxonomy":"product_cat","embeddable":true,"href":"https:\/\/www.elmak.de\/en\/wp-json\/wp\/v2\/product_cat?post=2316"},{"taxonomy":"product_tag","embeddable":true,"href":"https:\/\/www.elmak.de\/en\/wp-json\/wp\/v2\/product_tag?post=2316"}],"curies":[{"name":"wp","href":"https:\/\/api.w.org\/{rel}","templated":true}]}}