{"id":2310,"date":"2025-10-27T13:56:30","date_gmt":"2025-10-27T13:56:30","guid":{"rendered":"https:\/\/www.elmak.de\/?post_type=product&#038;p=2310"},"modified":"2025-11-03T07:54:35","modified_gmt":"2025-11-03T07:54:35","slug":"af102-wasserpflege-geraet-fuer-temperierkreisen","status":"publish","type":"product","link":"https:\/\/www.elmak.de\/en\/product\/af102-wasserpflege-geraet-fuer-temperierkreisen\/","title":{"rendered":"AF102 &#8211; Wasserpflegeger\u00e4t f\u00fcr Temperierkreise"},"content":{"rendered":"<p>AFV Ger\u00e4t 43l mit FE511 und FI852BB 5\u00b5m<br \/>\nf\u00fcr Temperier Syst.<\/p>\n<p>Temperierwasser, Werkzeuge und Temperierger\u00e4te sauber halten, getrennt vom Hauptk\u00fchlkreislauf.<\/p>\n<p>Anwendung: alle Temperierger\u00e4te, alle Fabrikate<\/p>\n<p>anschlie\u00dfbare TG: bis 50 St\u00fcck.<br \/>\nbestehend aus:<br \/>\nTank 1 &#8211; Sammler Schmutzwasser<br \/>\nTank 2 &#8211; als Spender Reinwasser<br \/>\nTank 3 &#8211; Pr\u00e4zi-Tiefenfilter 5\u00b5m<br \/>\nQuelle f\u00fcr TG\u00a0Arbeitsdruck: 3 bar<br \/>\nDruckluft Vers.: 4 bar, ca.<br \/>\nFunktion: elektro-pneumatisch\u00a0elektr.<br \/>\nAnschlu\u00df: 230V 50Hz<br \/>\nAusf\u00fchrung: Edelstahl + MS<br \/>\nMa\u00dfe LBH: 810x305x1500mm<br \/>\nSteuerung: Siemens Logo, IP f\u00e4hig.<br \/>\nEin\/Ausg\u00e4nge: E\/A 24VDC, oder pf<br \/>\nErgebnis: hochrein, mech.entgast<br \/>\nOption:\u00a0Zur\u00fcstsatz: Taktgeber 2-Kanal<br \/>\nf\u00fcr zur\u00fcstbares<br \/>\nDrainage-Ventil<\/p>","protected":false},"excerpt":{"rendered":"<p>AFV Ger\u00e4t 43l mit FE511 und FI852BB 5\u00b5m f\u00fcr Temperier Syst. Temperierwasser, Werkzeuge und Temperierger\u00e4te sauber halten, getrennt vom Hauptk\u00fchlkreislauf. Anwendung: alle Temperierger\u00e4te, alle Fabrikate anschlie\u00dfbare TG: bis 50 St\u00fcck. bestehend aus: Tank 1 &#8211; Sammler Schmutzwasser Tank 2 &#8211; als Spender Reinwasser Tank 3 &#8211; Pr\u00e4zi-Tiefenfilter 5\u00b5m Quelle f\u00fcr TG\u00a0Arbeitsdruck: 3 bar Druckluft Vers.: [&hellip;]<\/p>","protected":false},"featured_media":2419,"template":"","meta":{"ocean_post_layout":"","ocean_both_sidebars_style":"","ocean_both_sidebars_content_width":0,"ocean_both_sidebars_sidebars_width":0,"ocean_sidebar":"0","ocean_second_sidebar":"0","ocean_disable_margins":"enable","ocean_add_body_class":"","ocean_shortcode_before_top_bar":"","ocean_shortcode_after_top_bar":"","ocean_shortcode_before_header":"","ocean_shortcode_after_header":"","ocean_has_shortcode":"","ocean_shortcode_after_title":"","ocean_shortcode_before_footer_widgets":"","ocean_shortcode_after_footer_widgets":"","ocean_shortcode_before_footer_bottom":"","ocean_shortcode_after_footer_bottom":"","ocean_display_top_bar":"default","ocean_display_header":"default","ocean_header_style":"","ocean_center_header_left_menu":"0","ocean_custom_header_template":"0","ocean_custom_logo":0,"ocean_custom_retina_logo":0,"ocean_custom_logo_max_width":0,"ocean_custom_logo_tablet_max_width":0,"ocean_custom_logo_mobile_max_width":0,"ocean_custom_logo_max_height":0,"ocean_custom_logo_tablet_max_height":0,"ocean_custom_logo_mobile_max_height":0,"ocean_header_custom_menu":"0","ocean_menu_typo_font_family":"0","ocean_menu_typo_font_subset":"","ocean_menu_typo_font_size":0,"ocean_menu_typo_font_size_tablet":0,"ocean_menu_typo_font_size_mobile":0,"ocean_menu_typo_font_size_unit":"px","ocean_menu_typo_font_weight":"","ocean_menu_typo_font_weight_tablet":"","ocean_menu_typo_font_weight_mobile":"","ocean_menu_typo_transform":"","ocean_menu_typo_transform_tablet":"","ocean_menu_typo_transform_mobile":"","ocean_menu_typo_line_height":0,"ocean_menu_typo_line_height_tablet":0,"ocean_menu_typo_line_height_mobile":0,"ocean_menu_typo_line_height_unit":"","ocean_menu_typo_spacing":0,"ocean_menu_typo_spacing_tablet":0,"ocean_menu_typo_spacing_mobile":0,"ocean_menu_typo_spacing_unit":"","ocean_menu_link_color":"","ocean_menu_link_color_hover":"","ocean_menu_link_color_active":"","ocean_menu_link_background":"","ocean_menu_link_hover_background":"","ocean_menu_link_active_background":"","ocean_menu_social_links_bg":"","ocean_menu_social_hover_links_bg":"","ocean_menu_social_links_color":"","ocean_menu_social_hover_links_color":"","ocean_disable_title":"default","ocean_disable_heading":"default","ocean_post_title":"","ocean_post_subheading":"","ocean_post_title_style":"","ocean_post_title_background_color":"","ocean_post_title_background":0,"ocean_post_title_bg_image_position":"","ocean_post_title_bg_image_attachment":"","ocean_post_title_bg_image_repeat":"","ocean_post_title_bg_image_size":"","ocean_post_title_height":0,"ocean_post_title_bg_overlay":0.5,"ocean_post_title_bg_overlay_color":"","ocean_disable_breadcrumbs":"default","ocean_breadcrumbs_color":"","ocean_breadcrumbs_separator_color":"","ocean_breadcrumbs_links_color":"","ocean_breadcrumbs_links_hover_color":"","ocean_display_footer_widgets":"default","ocean_display_footer_bottom":"default","ocean_custom_footer_template":"0"},"product_brand":[],"product_cat":[24],"product_tag":[],"class_list":{"0":"post-2310","1":"product","2":"type-product","3":"status-publish","4":"has-post-thumbnail","6":"product_cat-geraete-technik","8":"entry","9":"has-media","11":"first","12":"instock","13":"shipping-taxable","14":"purchasable","15":"product-type-simple","16":"has-product-nav","17":"col","18":"span_1_of_3","19":"owp-content-center","20":"owp-thumbs-layout-horizontal","21":"owp-btn-normal","22":"owp-tabs-layout-horizontal","23":"has-no-thumbnails"},"_links":{"self":[{"href":"https:\/\/www.elmak.de\/en\/wp-json\/wp\/v2\/product\/2310","targetHints":{"allow":["GET"]}}],"collection":[{"href":"https:\/\/www.elmak.de\/en\/wp-json\/wp\/v2\/product"}],"about":[{"href":"https:\/\/www.elmak.de\/en\/wp-json\/wp\/v2\/types\/product"}],"version-history":[{"count":4,"href":"https:\/\/www.elmak.de\/en\/wp-json\/wp\/v2\/product\/2310\/revisions"}],"predecessor-version":[{"id":2431,"href":"https:\/\/www.elmak.de\/en\/wp-json\/wp\/v2\/product\/2310\/revisions\/2431"}],"wp:featuredmedia":[{"embeddable":true,"href":"https:\/\/www.elmak.de\/en\/wp-json\/wp\/v2\/media\/2419"}],"wp:attachment":[{"href":"https:\/\/www.elmak.de\/en\/wp-json\/wp\/v2\/media?parent=2310"}],"wp:term":[{"taxonomy":"product_brand","embeddable":true,"href":"https:\/\/www.elmak.de\/en\/wp-json\/wp\/v2\/product_brand?post=2310"},{"taxonomy":"product_cat","embeddable":true,"href":"https:\/\/www.elmak.de\/en\/wp-json\/wp\/v2\/product_cat?post=2310"},{"taxonomy":"product_tag","embeddable":true,"href":"https:\/\/www.elmak.de\/en\/wp-json\/wp\/v2\/product_tag?post=2310"}],"curies":[{"name":"wp","href":"https:\/\/api.w.org\/{rel}","templated":true}]}}