{"id":2299,"date":"2025-10-27T13:14:44","date_gmt":"2025-10-27T13:14:44","guid":{"rendered":"https:\/\/www.elmak.de\/?post_type=product&#038;p=2299"},"modified":"2025-10-27T15:57:47","modified_gmt":"2025-10-27T15:57:47","slug":"eg138-vakuum-entgaser-und-filter","status":"publish","type":"product","link":"https:\/\/www.elmak.de\/en\/product\/eg138-vakuum-entgaser-und-filter\/","title":{"rendered":"EG138 Vakuum-Entgaser und Filter"},"content":{"rendered":"<p>EG 05 Vakuum-Entgaser 600l\/h<br \/>\nDVP_055, ausbaubar EFI + EF<br \/>\nVakuumentgaser mit Filter zur<br \/>\nSanierung von hermetischen K\u00fchl-<br \/>\nund Heizkreisen. Gasaustrieb unter Vakuum.<br \/>\nGasaussto\u00df mittels Systemdruck<br \/>\nbis 5 bar., selbst\u00fcberwachend, wartungsarm.<br \/>\nLeistung ca. 750 l\/h<br \/>\nTemperatur max. 80\u00b0C<br \/>\nVakuum-Funktion Zykluseinteilung<br \/>\n(Interval)einstellbar von 0-100%<br \/>\nFiltration bis Dauervakuum<br \/>\nelektr. Anschlu\u00df: 220V 50 Hz<br \/>\nLBH mm: 335\/335\/1500mm<br \/>\nGewicht kg: leer\/voll 36\/86 kg<br \/>\nBetrieb: parallel zum System<br \/>\nOption: Tiefenfilter 40 \u00b5m<br \/>\nmit Durchflu\u00df\u00fcberwachung, r\u00fccksp\u00fclbar<br \/>\nCrNi Kerzenfilter als Endstufe w\u00e4hlbar<br \/>\nKerzen Porosit\u00e4t: 1, 5, 20 \u00b5m<\/p>","protected":false},"excerpt":{"rendered":"<p>EG 05 Vakuum-Entgaser 600l\/h DVP_055, ausbaubar EFI + EF Vakuumentgaser mit Filter zur Sanierung von hermetischen K\u00fchl- und Heizkreisen. Gasaustrieb unter Vakuum. Gasaussto\u00df mittels Systemdruck bis 5 bar., selbst\u00fcberwachend, wartungsarm. Leistung ca. 750 l\/h Temperatur max. 80\u00b0C Vakuum-Funktion Zykluseinteilung (Interval)einstellbar von 0-100% Filtration bis Dauervakuum elektr. Anschlu\u00df: 220V 50 Hz LBH mm: 335\/335\/1500mm Gewicht kg: [&hellip;]<\/p>","protected":false},"featured_media":1820,"template":"","meta":{"ocean_post_layout":"","ocean_both_sidebars_style":"","ocean_both_sidebars_content_width":0,"ocean_both_sidebars_sidebars_width":0,"ocean_sidebar":"0","ocean_second_sidebar":"0","ocean_disable_margins":"enable","ocean_add_body_class":"","ocean_shortcode_before_top_bar":"","ocean_shortcode_after_top_bar":"","ocean_shortcode_before_header":"","ocean_shortcode_after_header":"","ocean_has_shortcode":"","ocean_shortcode_after_title":"","ocean_shortcode_before_footer_widgets":"","ocean_shortcode_after_footer_widgets":"","ocean_shortcode_before_footer_bottom":"","ocean_shortcode_after_footer_bottom":"","ocean_display_top_bar":"default","ocean_display_header":"default","ocean_header_style":"","ocean_center_header_left_menu":"0","ocean_custom_header_template":"0","ocean_custom_logo":0,"ocean_custom_retina_logo":0,"ocean_custom_logo_max_width":0,"ocean_custom_logo_tablet_max_width":0,"ocean_custom_logo_mobile_max_width":0,"ocean_custom_logo_max_height":0,"ocean_custom_logo_tablet_max_height":0,"ocean_custom_logo_mobile_max_height":0,"ocean_header_custom_menu":"0","ocean_menu_typo_font_family":"0","ocean_menu_typo_font_subset":"","ocean_menu_typo_font_size":0,"ocean_menu_typo_font_size_tablet":0,"ocean_menu_typo_font_size_mobile":0,"ocean_menu_typo_font_size_unit":"px","ocean_menu_typo_font_weight":"","ocean_menu_typo_font_weight_tablet":"","ocean_menu_typo_font_weight_mobile":"","ocean_menu_typo_transform":"","ocean_menu_typo_transform_tablet":"","ocean_menu_typo_transform_mobile":"","ocean_menu_typo_line_height":0,"ocean_menu_typo_line_height_tablet":0,"ocean_menu_typo_line_height_mobile":0,"ocean_menu_typo_line_height_unit":"","ocean_menu_typo_spacing":0,"ocean_menu_typo_spacing_tablet":0,"ocean_menu_typo_spacing_mobile":0,"ocean_menu_typo_spacing_unit":"","ocean_menu_link_color":"","ocean_menu_link_color_hover":"","ocean_menu_link_color_active":"","ocean_menu_link_background":"","ocean_menu_link_hover_background":"","ocean_menu_link_active_background":"","ocean_menu_social_links_bg":"","ocean_menu_social_hover_links_bg":"","ocean_menu_social_links_color":"","ocean_menu_social_hover_links_color":"","ocean_disable_title":"default","ocean_disable_heading":"default","ocean_post_title":"","ocean_post_subheading":"","ocean_post_title_style":"","ocean_post_title_background_color":"","ocean_post_title_background":0,"ocean_post_title_bg_image_position":"","ocean_post_title_bg_image_attachment":"","ocean_post_title_bg_image_repeat":"","ocean_post_title_bg_image_size":"","ocean_post_title_height":0,"ocean_post_title_bg_overlay":0.5,"ocean_post_title_bg_overlay_color":"","ocean_disable_breadcrumbs":"default","ocean_breadcrumbs_color":"","ocean_breadcrumbs_separator_color":"","ocean_breadcrumbs_links_color":"","ocean_breadcrumbs_links_hover_color":"","ocean_display_footer_widgets":"default","ocean_display_footer_bottom":"default","ocean_custom_footer_template":"0"},"product_brand":[],"product_cat":[24],"product_tag":[],"class_list":{"0":"post-2299","1":"product","2":"type-product","3":"status-publish","4":"has-post-thumbnail","6":"product_cat-geraete-technik","8":"entry","9":"has-media","11":"first","12":"instock","13":"shipping-taxable","14":"purchasable","15":"product-type-simple","16":"has-product-nav","17":"col","18":"span_1_of_3","19":"owp-content-center","20":"owp-thumbs-layout-horizontal","21":"owp-btn-normal","22":"owp-tabs-layout-horizontal","23":"has-no-thumbnails"},"_links":{"self":[{"href":"https:\/\/www.elmak.de\/en\/wp-json\/wp\/v2\/product\/2299","targetHints":{"allow":["GET"]}}],"collection":[{"href":"https:\/\/www.elmak.de\/en\/wp-json\/wp\/v2\/product"}],"about":[{"href":"https:\/\/www.elmak.de\/en\/wp-json\/wp\/v2\/types\/product"}],"version-history":[{"count":2,"href":"https:\/\/www.elmak.de\/en\/wp-json\/wp\/v2\/product\/2299\/revisions"}],"predecessor-version":[{"id":2344,"href":"https:\/\/www.elmak.de\/en\/wp-json\/wp\/v2\/product\/2299\/revisions\/2344"}],"wp:featuredmedia":[{"embeddable":true,"href":"https:\/\/www.elmak.de\/en\/wp-json\/wp\/v2\/media\/1820"}],"wp:attachment":[{"href":"https:\/\/www.elmak.de\/en\/wp-json\/wp\/v2\/media?parent=2299"}],"wp:term":[{"taxonomy":"product_brand","embeddable":true,"href":"https:\/\/www.elmak.de\/en\/wp-json\/wp\/v2\/product_brand?post=2299"},{"taxonomy":"product_cat","embeddable":true,"href":"https:\/\/www.elmak.de\/en\/wp-json\/wp\/v2\/product_cat?post=2299"},{"taxonomy":"product_tag","embeddable":true,"href":"https:\/\/www.elmak.de\/en\/wp-json\/wp\/v2\/product_tag?post=2299"}],"curies":[{"name":"wp","href":"https:\/\/api.w.org\/{rel}","templated":true}]}}