{"id":2828,"date":"2026-03-23T18:26:35","date_gmt":"2026-03-23T18:26:35","guid":{"rendered":"https:\/\/www.elmak.de\/?page_id=2828"},"modified":"2026-04-20T07:35:41","modified_gmt":"2026-04-20T07:35:41","slug":"trinkwhg","status":"publish","type":"page","link":"https:\/\/www.elmak.de\/en\/trinkwhg\/","title":{"rendered":"Drinking Water Hygiene"},"content":{"rendered":"<div data-elementor-type=\"wp-post\" data-elementor-id=\"2828\" class=\"elementor elementor-2828\" data-elementor-settings=\"{&quot;ha_cmc_init_switcher&quot;:&quot;no&quot;}\">\n\t\t\t\t<div class=\"elementor-element elementor-element-3339986 e-flex e-con-boxed e-con e-parent\" data-id=\"3339986\" data-element_type=\"container\" data-e-type=\"container\" data-settings=\"{&quot;_ha_eqh_enable&quot;:false}\">\n\t\t\t\t\t<div class=\"e-con-inner\">\n\t\t\t\t<div class=\"elementor-element elementor-element-f724fe1 elementor-widget elementor-widget-heading\" data-id=\"f724fe1\" data-element_type=\"widget\" data-e-type=\"widget\" data-widget_type=\"heading.default\">\n\t\t\t\t<div class=\"elementor-widget-container\">\n\t\t\t\t\t<h2 class=\"elementor-heading-title elementor-size-default\">Technologiewechsel \u00b7Hygieneschutz \u00b7Trinkwassernetze<\/h2>\t\t\t\t<\/div>\n\t\t\t\t<\/div>\n\t\t\t\t<div class=\"elementor-element elementor-element-ed09f40 elementor-widget elementor-widget-text-editor\" data-id=\"ed09f40\" data-element_type=\"widget\" data-e-type=\"widget\" data-widget_type=\"text-editor.default\">\n\t\t\t\t<div class=\"elementor-widget-container\">\n\t\t\t\t\t\t\t\t\t<p><em><strong>Stand der Technik heute:<\/strong> Wasserhygieneprobleme infolge von Stagnation bestehen, seit Geb\u00e4ude mit kommunalem Trinkwasser versorgt werden. Erl\u00e4uternde Details zu diesem Thema sind allgemein zug\u00e4nglich (Internet, Fachliteratur, Medien). \u00dcber Art und Umfang der entstehenden Kosten wird jedoch nur selten berichtet.Fest steht jedoch: Die Gesamtkosten f\u00fcr gesetzliche und fachliche \u00dcberwachung sowie s\u00e4mtliche weiteren Aufwendungen werden nach dem \u201eAllgemeinen Kostendeckungsprinzip\u201c ermittelt und vom jeweiligen Leistungstr\u00e4ger bzw. Anlagenbetreiber an die Nutzer weitergegeben. Auff\u00e4llig ist dabei, dass h\u00e4ufig bereits sehr hohe, teils kaum nachvollziehbare \u201ePr\u00e4ventivkosten\u201c anfallen, um sicherzustellen, dass zertifiziertes Trinkwasser in einem bekannterma\u00dfen kritischen (stagnierenden) System seine gesetzlich vorgeschriebene Qualit\u00e4t beh\u00e4lt. Problematisch ist, dass Stagnation \u2460 in diesem Zusammenhang einen systemimmanenten Zustand darstellt und die strengen Vorgaben der Trinkwasserverordnung jederzeit und uneingeschr\u00e4nkt eingehalten werden m\u00fcssen. Diese Rahmenbedingungen sind jedoch nicht nur als Einschr\u00e4nkung zu verstehen, sondern \u2011 die Physik macht\u2018s m\u00f6glich \u2011 er\u00f6ffnen zugleich besondere Chancen im praktischen Umgang mit Leitungswasser. <\/em><br \/><em>Die L\u00f6sung: man <span style=\"text-decoration: underline;\">wechsele das Str\u00f6mungsprinzip<\/span> von STILLSTAND auf BEWEGUNG und er\u00f6ffnet spontan ein neues Technologiefeld ohne die alten Probleme aber mit neuen Optionen und das zu einem Bruchteil der alten, zeitlich unbegrenzten Kosten.<\/em><\/p>\t\t\t\t\t\t\t\t<\/div>\n\t\t\t\t<\/div>\n\t\t\t\t\t<\/div>\n\t\t\t\t<\/div>\n\t\t<div class=\"elementor-element elementor-element-697a2bf e-flex e-con-boxed e-con e-parent\" data-id=\"697a2bf\" data-element_type=\"container\" data-e-type=\"container\" data-settings=\"{&quot;_ha_eqh_enable&quot;:false}\">\n\t\t\t\t\t<div class=\"e-con-inner\">\n\t\t\t\t<div class=\"elementor-element elementor-element-dea7cf5 elementor-widget elementor-widget-image\" data-id=\"dea7cf5\" data-element_type=\"widget\" data-e-type=\"widget\" data-widget_type=\"image.default\">\n\t\t\t\t<div class=\"elementor-widget-container\">\n\t\t\t\t\t\t\t\t\t\t\t\t\t\t\t<img decoding=\"async\" width=\"160\" height=\"300\" src=\"https:\/\/www.elmak.de\/wp-content\/uploads\/2026\/04\/Lavar-Bild1-300x-160x300.png\" class=\"attachment-medium size-medium wp-image-2873\" alt=\"\" srcset=\"https:\/\/www.elmak.de\/wp-content\/uploads\/2026\/04\/Lavar-Bild1-300x-160x300.png 160w, https:\/\/www.elmak.de\/wp-content\/uploads\/2026\/04\/Lavar-Bild1-300x-6x12.png 6w, https:\/\/www.elmak.de\/wp-content\/uploads\/2026\/04\/Lavar-Bild1-300x.png 300w\" sizes=\"(max-width: 160px) 100vw, 160px\" \/>\t\t\t\t\t\t\t\t\t\t\t\t\t\t\t<\/div>\n\t\t\t\t<\/div>\n\t\t\t\t\t<\/div>\n\t\t\t\t<\/div>\n\t\t<div class=\"elementor-element elementor-element-8ace141 e-flex e-con-boxed e-con e-parent\" data-id=\"8ace141\" data-element_type=\"container\" data-e-type=\"container\" data-settings=\"{&quot;_ha_eqh_enable&quot;:false}\">\n\t\t\t\t\t<div class=\"e-con-inner\">\n\t\t\t\t<div class=\"elementor-element elementor-element-24e5a94 elementor-widget elementor-widget-text-editor\" data-id=\"24e5a94\" data-element_type=\"widget\" data-e-type=\"widget\" data-widget_type=\"text-editor.default\">\n\t\t\t\t<div class=\"elementor-widget-container\">\n\t\t\t\t\t\t\t\t\t<h3>Vorstellung der neuen Hygiene- Technologie<\/h3><p><br \/><em><strong>ELMA-LAVAR Multiflow ist die universelle und nachr\u00fcstbare Str\u00f6mungstechnologie f\u00fcr die Verwendung und Sicherung der Hygiene in h\u00e4uslichen Trinkwassersystemen. <\/strong><\/em><br \/><em><strong>Sie verhindert Stagnation, sorgt f\u00fcr Bewegung des Wassers und sichert nachhaltig die Hygiene und das Klarwasser. Grundlage bilden die Trinkwasserverordnung (TrinkwV) sowie relevante Regelwerke wie DVGW, DIN und VDI; kontinuierlich flie\u00dfen Erkenntnisse aus Physik, Chemie und Mikrobiologie ein. Ziel ist ein fundiertes Verst\u00e4ndnis der Wasserqualit\u00e4t, W\u00e4rme\u00fcbertragung, chemischen Prozesse, Str\u00f6mungsverhalten und mikrobielle Kontrolle f\u00fcr den Betreiber. Eigenschaften: Zeitgesteuertes Pendel-Pumpsystem mit endst\u00e4ndigen, selbstregelnden CrNi-ELMAK ExV-Speichern \u2463.<\/strong><\/em><\/p>\t\t\t\t\t\t\t\t<\/div>\n\t\t\t\t<\/div>\n\t\t\t\t\t<\/div>\n\t\t\t\t<\/div>\n\t\t<div class=\"elementor-element elementor-element-4936e38 e-grid e-con-boxed e-con e-parent\" data-id=\"4936e38\" data-element_type=\"container\" data-e-type=\"container\" data-settings=\"{&quot;_ha_eqh_enable&quot;:false}\">\n\t\t\t\t\t<div class=\"e-con-inner\">\n\t\t\t\t<div class=\"elementor-element elementor-element-cf48334 elementor-widget elementor-widget-image\" data-id=\"cf48334\" data-element_type=\"widget\" data-e-type=\"widget\" data-widget_type=\"image.default\">\n\t\t\t\t<div class=\"elementor-widget-container\">\n\t\t\t\t\t\t\t\t\t\t\t\t\t\t\t<img fetchpriority=\"high\" decoding=\"async\" width=\"192\" height=\"300\" src=\"https:\/\/www.elmak.de\/wp-content\/uploads\/2026\/04\/Lavar-Bild2_300x-192x300.png\" class=\"attachment-medium size-medium wp-image-2874\" alt=\"\" srcset=\"https:\/\/www.elmak.de\/wp-content\/uploads\/2026\/04\/Lavar-Bild2_300x-192x300.png 192w, https:\/\/www.elmak.de\/wp-content\/uploads\/2026\/04\/Lavar-Bild2_300x-8x12.png 8w, https:\/\/www.elmak.de\/wp-content\/uploads\/2026\/04\/Lavar-Bild2_300x.png 300w\" sizes=\"(max-width: 192px) 100vw, 192px\" \/>\t\t\t\t\t\t\t\t\t\t\t\t\t\t\t<\/div>\n\t\t\t\t<\/div>\n\t\t\t\t<div class=\"elementor-element elementor-element-2529e9c elementor-widget elementor-widget-image\" data-id=\"2529e9c\" data-element_type=\"widget\" data-e-type=\"widget\" data-widget_type=\"image.default\">\n\t\t\t\t<div class=\"elementor-widget-container\">\n\t\t\t\t\t\t\t\t\t\t\t\t\t\t\t<img decoding=\"async\" width=\"300\" height=\"188\" src=\"https:\/\/www.elmak.de\/wp-content\/uploads\/2026\/04\/Lavar-Bild3_300x.png\" class=\"attachment-large size-large wp-image-2875\" alt=\"\" srcset=\"https:\/\/www.elmak.de\/wp-content\/uploads\/2026\/04\/Lavar-Bild3_300x.png 300w, https:\/\/www.elmak.de\/wp-content\/uploads\/2026\/04\/Lavar-Bild3_300x-18x12.png 18w\" sizes=\"(max-width: 300px) 100vw, 300px\" \/>\t\t\t\t\t\t\t\t\t\t\t\t\t\t\t<\/div>\n\t\t\t\t<\/div>\n\t\t\t\t<div class=\"elementor-element elementor-element-4f9824e elementor-widget elementor-widget-image\" data-id=\"4f9824e\" data-element_type=\"widget\" data-e-type=\"widget\" data-widget_type=\"image.default\">\n\t\t\t\t<div class=\"elementor-widget-container\">\n\t\t\t\t\t\t\t\t\t\t\t\t\t\t\t<img loading=\"lazy\" decoding=\"async\" width=\"168\" height=\"300\" src=\"https:\/\/www.elmak.de\/wp-content\/uploads\/2026\/04\/Lavar-Bild4_298x-168x300.png\" class=\"attachment-medium size-medium wp-image-2876\" alt=\"\" srcset=\"https:\/\/www.elmak.de\/wp-content\/uploads\/2026\/04\/Lavar-Bild4_298x-168x300.png 168w, https:\/\/www.elmak.de\/wp-content\/uploads\/2026\/04\/Lavar-Bild4_298x-7x12.png 7w, https:\/\/www.elmak.de\/wp-content\/uploads\/2026\/04\/Lavar-Bild4_298x.png 298w\" sizes=\"(max-width: 168px) 100vw, 168px\" \/>\t\t\t\t\t\t\t\t\t\t\t\t\t\t\t<\/div>\n\t\t\t\t<\/div>\n\t\t\t\t\t<\/div>\n\t\t\t\t<\/div>\n\t\t<div class=\"elementor-element elementor-element-9618a6f e-flex e-con-boxed e-con e-parent\" data-id=\"9618a6f\" data-element_type=\"container\" data-e-type=\"container\" data-settings=\"{&quot;_ha_eqh_enable&quot;:false}\">\n\t\t\t\t\t<div class=\"e-con-inner\">\n\t\t\t\t<div class=\"elementor-element elementor-element-50af8fa elementor-widget elementor-widget-text-editor\" data-id=\"50af8fa\" data-element_type=\"widget\" data-e-type=\"widget\" data-widget_type=\"text-editor.default\">\n\t\t\t\t<div class=\"elementor-widget-container\">\n\t\t\t\t\t\t\t\t\t<h3>Anwendungsobjekte:<\/h3><ul><li>Wohnh\u00e4user, Kasernen<\/li><li>Verwaltung, B\u00fcros<\/li><li>DC Data Center Klima<\/li><li>Photovoltaik- Hygiene<\/li><li>EK\u2011Center , Kliniken, Hotels Industrie, aktive Leer-standssicherung<\/li><li>Heizungen, Fernw\u00e4rme<\/li><\/ul><h3><br \/>Anwendungsoptionen:<\/h3><ul><li>druckerh\u00f6htes Taktsp\u00fclen, endogen zwischen aut, ExV Speichern<br \/>Str\u00f6mung linear- scrubbing<\/li><li>Schwebebett Ca\/Mg Ents\u00e4uerung, Super-Klarfiltration<\/li><li>Plankton Mikrofiltration<\/li><li>Desinfektion- alle Methoden<\/li><\/ul><h3>Spezial-Anwendungen<\/h3><ul><li>Notwasser Versorg. Stau- Reserve<\/li><li>Umkehrosmose-Ultrafiltration-f\u00fcr Vorfilter PFAS<\/li><li>Trinkwasser K\u00fchlung<\/li><li>Brandschutz-Reserve<\/li><li>Schnell Desinfektion alle Methoden<\/li><li>Epoxid Rohrschaden sanieren<\/li><\/ul>\t\t\t\t\t\t\t\t<\/div>\n\t\t\t\t<\/div>\n\t\t\t\t\t<\/div>\n\t\t\t\t<\/div>\n\t\t\t\t<\/div>","protected":false},"excerpt":{"rendered":"<p>Technologiewechsel \u00b7Hygieneschutz \u00b7Trinkwassernetze Stand der Technik heute: Wasserhygieneprobleme infolge von Stagnation bestehen, seit Geb\u00e4ude mit kommunalem Trinkwasser versorgt werden. Erl\u00e4uternde Details zu diesem Thema sind allgemein zug\u00e4nglich (Internet, Fachliteratur, Medien). \u00dcber Art und Umfang der entstehenden Kosten wird jedoch nur selten berichtet.Fest steht jedoch: Die Gesamtkosten f\u00fcr gesetzliche und fachliche \u00dcberwachung sowie s\u00e4mtliche weiteren Aufwendungen [&hellip;]<\/p>","protected":false},"author":1,"featured_media":0,"parent":0,"menu_order":0,"comment_status":"closed","ping_status":"closed","template":"","meta":{"ocean_post_layout":"full-screen","ocean_both_sidebars_style":"","ocean_both_sidebars_content_width":0,"ocean_both_sidebars_sidebars_width":0,"ocean_sidebar":"0","ocean_second_sidebar":"0","ocean_disable_margins":"enable","ocean_add_body_class":"","ocean_shortcode_before_top_bar":"","ocean_shortcode_after_top_bar":"","ocean_shortcode_before_header":"","ocean_shortcode_after_header":"","ocean_has_shortcode":"","ocean_shortcode_after_title":"","ocean_shortcode_before_footer_widgets":"","ocean_shortcode_after_footer_widgets":"","ocean_shortcode_before_footer_bottom":"","ocean_shortcode_after_footer_bottom":"","ocean_display_top_bar":"default","ocean_display_header":"default","ocean_header_style":"","ocean_center_header_left_menu":"0","ocean_custom_header_template":"0","ocean_custom_logo":0,"ocean_custom_retina_logo":0,"ocean_custom_logo_max_width":0,"ocean_custom_logo_tablet_max_width":0,"ocean_custom_logo_mobile_max_width":0,"ocean_custom_logo_max_height":0,"ocean_custom_logo_tablet_max_height":0,"ocean_custom_logo_mobile_max_height":0,"ocean_header_custom_menu":"0","ocean_menu_typo_font_family":"0","ocean_menu_typo_font_subset":"","ocean_menu_typo_font_size":0,"ocean_menu_typo_font_size_tablet":0,"ocean_menu_typo_font_size_mobile":0,"ocean_menu_typo_font_size_unit":"px","ocean_menu_typo_font_weight":"","ocean_menu_typo_font_weight_tablet":"","ocean_menu_typo_font_weight_mobile":"","ocean_menu_typo_transform":"","ocean_menu_typo_transform_tablet":"","ocean_menu_typo_transform_mobile":"","ocean_menu_typo_line_height":0,"ocean_menu_typo_line_height_tablet":0,"ocean_menu_typo_line_height_mobile":0,"ocean_menu_typo_line_height_unit":"","ocean_menu_typo_spacing":0,"ocean_menu_typo_spacing_tablet":0,"ocean_menu_typo_spacing_mobile":0,"ocean_menu_typo_spacing_unit":"","ocean_menu_link_color":"","ocean_menu_link_color_hover":"","ocean_menu_link_color_active":"","ocean_menu_link_background":"","ocean_menu_link_hover_background":"","ocean_menu_link_active_background":"","ocean_menu_social_links_bg":"","ocean_menu_social_hover_links_bg":"","ocean_menu_social_links_color":"","ocean_menu_social_hover_links_color":"","ocean_disable_title":"default","ocean_disable_heading":"default","ocean_post_title":"","ocean_post_subheading":"","ocean_post_title_style":"","ocean_post_title_background_color":"","ocean_post_title_background":0,"ocean_post_title_bg_image_position":"","ocean_post_title_bg_image_attachment":"","ocean_post_title_bg_image_repeat":"","ocean_post_title_bg_image_size":"","ocean_post_title_height":0,"ocean_post_title_bg_overlay":0.5,"ocean_post_title_bg_overlay_color":"","ocean_disable_breadcrumbs":"default","ocean_breadcrumbs_color":"","ocean_breadcrumbs_separator_color":"","ocean_breadcrumbs_links_color":"","ocean_breadcrumbs_links_hover_color":"","ocean_display_footer_widgets":"default","ocean_display_footer_bottom":"default","ocean_custom_footer_template":"0","footnotes":""},"class_list":["post-2828","page","type-page","status-publish","hentry","entry","owp-thumbs-layout-horizontal","owp-btn-normal","owp-tabs-layout-horizontal","has-no-thumbnails","has-product-nav"],"_links":{"self":[{"href":"https:\/\/www.elmak.de\/en\/wp-json\/wp\/v2\/pages\/2828","targetHints":{"allow":["GET"]}}],"collection":[{"href":"https:\/\/www.elmak.de\/en\/wp-json\/wp\/v2\/pages"}],"about":[{"href":"https:\/\/www.elmak.de\/en\/wp-json\/wp\/v2\/types\/page"}],"author":[{"embeddable":true,"href":"https:\/\/www.elmak.de\/en\/wp-json\/wp\/v2\/users\/1"}],"replies":[{"embeddable":true,"href":"https:\/\/www.elmak.de\/en\/wp-json\/wp\/v2\/comments?post=2828"}],"version-history":[{"count":13,"href":"https:\/\/www.elmak.de\/en\/wp-json\/wp\/v2\/pages\/2828\/revisions"}],"predecessor-version":[{"id":2880,"href":"https:\/\/www.elmak.de\/en\/wp-json\/wp\/v2\/pages\/2828\/revisions\/2880"}],"wp:attachment":[{"href":"https:\/\/www.elmak.de\/en\/wp-json\/wp\/v2\/media?parent=2828"}],"curies":[{"name":"wp","href":"https:\/\/api.w.org\/{rel}","templated":true}]}}