{"id":2712,"date":"2025-11-12T14:12:07","date_gmt":"2025-11-12T14:12:07","guid":{"rendered":"https:\/\/www.elmak.de\/?page_id=2712"},"modified":"2026-03-25T12:58:21","modified_gmt":"2026-03-25T12:58:21","slug":"tgs","status":"publish","type":"page","link":"https:\/\/www.elmak.de\/en\/tgs\/","title":{"rendered":"Temperature control technologies"},"content":{"rendered":"<div data-elementor-type=\"wp-post\" data-elementor-id=\"2712\" class=\"elementor elementor-2712\" data-elementor-settings=\"{&quot;ha_cmc_init_switcher&quot;:&quot;no&quot;}\">\n\t\t\t\t<div class=\"elementor-element elementor-element-ef5f964 e-flex e-con-boxed e-con e-parent\" data-id=\"ef5f964\" data-element_type=\"container\" data-e-type=\"container\" data-settings=\"{&quot;_ha_eqh_enable&quot;:false}\">\n\t\t\t\t\t<div class=\"e-con-inner\">\n\t\t\t\t<div class=\"elementor-element elementor-element-3dc7b0b elementor-widget elementor-widget-heading\" data-id=\"3dc7b0b\" data-element_type=\"widget\" data-e-type=\"widget\" data-widget_type=\"heading.default\">\n\t\t\t\t<div class=\"elementor-widget-container\">\n\t\t\t\t\t<h2 class=\"elementor-heading-title elementor-size-default\">Water care in Temperature Controlled Systems<\/h2>\t\t\t\t<\/div>\n\t\t\t\t<\/div>\n\t\t\t\t\t<\/div>\n\t\t\t\t<\/div>\n\t\t<div class=\"elementor-element elementor-element-0cf2b52 e-flex e-con-boxed e-con e-parent\" data-id=\"0cf2b52\" data-element_type=\"container\" data-e-type=\"container\" data-settings=\"{&quot;_ha_eqh_enable&quot;:false}\">\n\t\t\t\t\t<div class=\"e-con-inner\">\n\t\t<div class=\"elementor-element elementor-element-a37a21e e-con-full e-flex e-con e-child\" data-id=\"a37a21e\" data-element_type=\"container\" data-e-type=\"container\" data-settings=\"{&quot;_ha_eqh_enable&quot;:false}\">\n\t\t\t\t<div class=\"elementor-element elementor-element-09b0d45 elementor-widget elementor-widget-text-editor\" data-id=\"09b0d45\" data-element_type=\"widget\" data-e-type=\"widget\" data-widget_type=\"text-editor.default\">\n\t\t\t\t<div class=\"elementor-widget-container\">\n\t\t\t\t\t\t\t\t\t<p>Since temperature controlled water contacts expensive injection moulding tools, you cannot afford the risks of particles blocking channels and corrosion.<\/p><p>We understand also that there may not be enough money available to rennovate the entire cooling water system, and that clean forms may still need to rely on the main cooling water, of lesser quality.<\/p><p>That is why we have developed these technologies, to solve the problems and to minimize costs.<\/p><p><strong>Island Solution - Filtration and Exchange - AF102<\/strong><\/p><p>Automatic water exchange and water care in temperature controlled systems in injection moulding with the ELMAK AF102. <br \/>Cleans temperature controlled water.  Connection to modern temperature control units or deliverable with the drainage timer (upper right) for older devices without an inbuilt water exchange function.<br \/><br \/><strong>Demn\u00e4chst \u00a0&#8211; Insell\u00f6sung mit Wasseraufberieung, Chemiedosierung &#8211; &#8222;All in one&#8220; &#8211; BA100<br \/><br \/><\/strong>Bald erscheint hier unsere neuste Mitglied der Temperierwasserpflege.<br \/><\/p><p>Im Gegensatz zu anderen Produkten auf dem Markt handelt es sich hierbei nicht nur um einen \u00fcberteuerten Filterbeutel und eine Pumpe.<\/p><p>Das Ger\u00e4t sorgt auf intelligente Weise f\u00fcr Druck, verschwendet keine Energie, verf\u00fcgt \u00fcber gen\u00fcgend Puffer, um das Bef\u00fcllen und Entleeren von Formen zu bew\u00e4ltigen, und behandelt das Wasser wirklich \u2013 das ist echte Wasseraufbereitung.\u00a0 Er kann auch automatisch aus einer vertrauensw\u00fcrdigen Wasserquelle wie einem ELMAK-Entionisierungsfilter automatisch nachgef\u00fcllt werden.<\/p><p>Wir suchen Kunden, die unsere ersten Modelle testen m\u00f6chten.<\/p><p>Ist Ihr Hauptk\u00fchlwasser zu schmutzig f\u00fcr Ihre TG-Wasserversorgung \u2013 hier ist die L\u00f6sung.<\/p><p>\u00a0<\/p><p><strong>Upgrades for Temp. Control Units<\/strong><br \/>From old to new: automatic water exchange with control unit and drainage valve for re-preparation in the AF-Station.<\/p><p>Ends the problems with bad water in older temperature control units.<br \/>The water can be exchanged and says as fresh as the main cooling water.<\/p><p><strong>High temperature stable<\/strong> <strong>Corrosion Protection Chemicals<\/strong><br \/>See EMC KS20\u00a0<\/p><p><strong>Form cleaning, descaling, without material damage<\/strong><br \/>See ELMAK Kallox III and FR102<\/p>\t\t\t\t\t\t\t\t<\/div>\n\t\t\t\t<\/div>\n\t\t\t\t<\/div>\n\t\t<div class=\"elementor-element elementor-element-fe14d0a e-con-full e-flex e-con e-child\" data-id=\"fe14d0a\" data-element_type=\"container\" data-e-type=\"container\" data-settings=\"{&quot;_ha_eqh_enable&quot;:false}\">\n\t\t<div class=\"elementor-element elementor-element-63addb6 e-flex e-con-boxed e-con e-child\" data-id=\"63addb6\" data-element_type=\"container\" data-e-type=\"container\" data-settings=\"{&quot;_ha_eqh_enable&quot;:false}\">\n\t\t\t\t\t<div class=\"e-con-inner\">\n\t\t\t\t<div class=\"elementor-element elementor-element-c926013 elementor-widget elementor-widget-image\" data-id=\"c926013\" data-element_type=\"widget\" data-e-type=\"widget\" data-widget_type=\"image.default\">\n\t\t\t\t<div class=\"elementor-widget-container\">\n\t\t\t\t\t\t\t\t\t\t\t\t<figure class=\"wp-caption\">\n\t\t\t\t\t\t\t\t\t\t<img fetchpriority=\"high\" decoding=\"async\" width=\"400\" height=\"400\" src=\"https:\/\/www.elmak.de\/wp-content\/uploads\/2023\/12\/AF12BB02-undTaktgeber_400x400.png\" class=\"attachment-large size-large wp-image-1702\" alt=\"\" srcset=\"https:\/\/www.elmak.de\/wp-content\/uploads\/2023\/12\/AF12BB02-undTaktgeber_400x400.png 400w, https:\/\/www.elmak.de\/wp-content\/uploads\/2023\/12\/AF12BB02-undTaktgeber_400x400-300x300.png 300w, https:\/\/www.elmak.de\/wp-content\/uploads\/2023\/12\/AF12BB02-undTaktgeber_400x400-100x100.png 100w, https:\/\/www.elmak.de\/wp-content\/uploads\/2023\/12\/AF12BB02-undTaktgeber_400x400-150x150.png 150w, https:\/\/www.elmak.de\/wp-content\/uploads\/2023\/12\/AF12BB02-undTaktgeber_400x400-12x12.png 12w\" sizes=\"(max-width: 400px) 100vw, 400px\" \/>\t\t\t\t\t\t\t\t\t\t\t<figcaption class=\"widget-image-caption wp-caption-text\">AF102BB + Drainage-Timer<\/figcaption>\n\t\t\t\t\t\t\t\t\t\t<\/figure>\n\t\t\t\t\t\t\t\t\t<\/div>\n\t\t\t\t<\/div>\n\t\t\t\t<div class=\"elementor-element elementor-element-d92fbf1 elementor-widget elementor-widget-image\" data-id=\"d92fbf1\" data-element_type=\"widget\" data-e-type=\"widget\" data-widget_type=\"image.default\">\n\t\t\t\t<div class=\"elementor-widget-container\">\n\t\t\t\t\t\t\t\t\t\t\t\t<figure class=\"wp-caption\">\n\t\t\t\t\t\t\t\t\t\t<img decoding=\"async\" width=\"400\" height=\"467\" src=\"https:\/\/www.elmak.de\/wp-content\/uploads\/2026\/03\/BA100Proto_1-400x.png\" class=\"attachment-large size-large wp-image-2845\" alt=\"BA100 Bereitschaft und Aufbereitung\" srcset=\"https:\/\/www.elmak.de\/wp-content\/uploads\/2026\/03\/BA100Proto_1-400x.png 400w, https:\/\/www.elmak.de\/wp-content\/uploads\/2026\/03\/BA100Proto_1-400x-257x300.png 257w, https:\/\/www.elmak.de\/wp-content\/uploads\/2026\/03\/BA100Proto_1-400x-10x12.png 10w\" sizes=\"(max-width: 400px) 100vw, 400px\" \/>\t\t\t\t\t\t\t\t\t\t\t<figcaption class=\"widget-image-caption wp-caption-text\">BA100 Insell\u00f6sung f\u00fcr TG Wasser<\/figcaption>\n\t\t\t\t\t\t\t\t\t\t<\/figure>\n\t\t\t\t\t\t\t\t\t<\/div>\n\t\t\t\t<\/div>\n\t\t\t\t\t<\/div>\n\t\t\t\t<\/div>\n\t\t\t\t<\/div>\n\t\t\t\t\t<\/div>\n\t\t\t\t<\/div>\n\t\t<div class=\"elementor-element elementor-element-58aa80d e-flex e-con-boxed e-con e-parent\" data-id=\"58aa80d\" data-element_type=\"container\" data-e-type=\"container\" data-settings=\"{&quot;_ha_eqh_enable&quot;:false}\">\n\t\t\t\t\t<div class=\"e-con-inner\">\n\t\t<div class=\"elementor-element elementor-element-8f6f3d8 e-grid e-con-full e-con e-child\" data-id=\"8f6f3d8\" data-element_type=\"container\" data-e-type=\"container\" data-settings=\"{&quot;_ha_eqh_enable&quot;:false}\">\n\t\t\t\t<div class=\"elementor-element elementor-element-fd87aa5 elementor-widget elementor-widget-image\" data-id=\"fd87aa5\" data-element_type=\"widget\" data-e-type=\"widget\" data-widget_type=\"image.default\">\n\t\t\t\t<div class=\"elementor-widget-container\">\n\t\t\t\t\t\t\t\t\t\t\t\t<figure class=\"wp-caption\">\n\t\t\t\t\t\t\t\t\t\t<img decoding=\"async\" width=\"300\" height=\"300\" src=\"https:\/\/www.elmak.de\/wp-content\/uploads\/2023\/12\/TG-mit-DV-freigest-mitDT400x400-300x300.png\" class=\"attachment-medium size-medium wp-image-1714\" alt=\"\" srcset=\"https:\/\/www.elmak.de\/wp-content\/uploads\/2023\/12\/TG-mit-DV-freigest-mitDT400x400-300x300.png 300w, https:\/\/www.elmak.de\/wp-content\/uploads\/2023\/12\/TG-mit-DV-freigest-mitDT400x400-100x100.png 100w, https:\/\/www.elmak.de\/wp-content\/uploads\/2023\/12\/TG-mit-DV-freigest-mitDT400x400-150x150.png 150w, https:\/\/www.elmak.de\/wp-content\/uploads\/2023\/12\/TG-mit-DV-freigest-mitDT400x400-12x12.png 12w, https:\/\/www.elmak.de\/wp-content\/uploads\/2023\/12\/TG-mit-DV-freigest-mitDT400x400.png 400w\" sizes=\"(max-width: 300px) 100vw, 300px\" \/>\t\t\t\t\t\t\t\t\t\t\t<figcaption class=\"widget-image-caption wp-caption-text\">TCU Upgrades with Drainage-Timer<\/figcaption>\n\t\t\t\t\t\t\t\t\t\t<\/figure>\n\t\t\t\t\t\t\t\t\t<\/div>\n\t\t\t\t<\/div>\n\t\t\t\t<div class=\"elementor-element elementor-element-fa14e30 elementor-widget elementor-widget-image\" data-id=\"fa14e30\" data-element_type=\"widget\" data-e-type=\"widget\" data-widget_type=\"image.default\">\n\t\t\t\t<div class=\"elementor-widget-container\">\n\t\t\t\t\t\t\t\t\t\t\t\t<figure class=\"wp-caption\">\n\t\t\t\t\t\t\t\t\t\t<img loading=\"lazy\" decoding=\"async\" width=\"300\" height=\"300\" src=\"https:\/\/www.elmak.de\/wp-content\/uploads\/2025\/11\/Kallox2_300x300y.png\" class=\"attachment-medium size-medium wp-image-2455\" alt=\"\" srcset=\"https:\/\/www.elmak.de\/wp-content\/uploads\/2025\/11\/Kallox2_300x300y.png 300w, https:\/\/www.elmak.de\/wp-content\/uploads\/2025\/11\/Kallox2_300x300y-150x150.png 150w, https:\/\/www.elmak.de\/wp-content\/uploads\/2025\/11\/Kallox2_300x300y-12x12.png 12w, https:\/\/www.elmak.de\/wp-content\/uploads\/2025\/11\/Kallox2_300x300y-100x100.png 100w\" sizes=\"(max-width: 300px) 100vw, 300px\" \/>\t\t\t\t\t\t\t\t\t\t\t<figcaption class=\"widget-image-caption wp-caption-text\">Kallox III - Scale and corrosion dissolver<\/figcaption>\n\t\t\t\t\t\t\t\t\t\t<\/figure>\n\t\t\t\t\t\t\t\t\t<\/div>\n\t\t\t\t<\/div>\n\t\t\t\t<div class=\"elementor-element elementor-element-a913fb1 elementor-widget elementor-widget-image\" data-id=\"a913fb1\" data-element_type=\"widget\" data-e-type=\"widget\" data-widget_type=\"image.default\">\n\t\t\t\t<div class=\"elementor-widget-container\">\n\t\t\t\t\t\t\t\t\t\t\t\t<figure class=\"wp-caption\">\n\t\t\t\t\t\t\t\t\t\t<img loading=\"lazy\" decoding=\"async\" width=\"300\" height=\"300\" src=\"https:\/\/www.elmak.de\/wp-content\/uploads\/2025\/10\/AF102-300x300y.png\" class=\"attachment-medium size-medium wp-image-2419\" alt=\"\" srcset=\"https:\/\/www.elmak.de\/wp-content\/uploads\/2025\/10\/AF102-300x300y.png 300w, https:\/\/www.elmak.de\/wp-content\/uploads\/2025\/10\/AF102-300x300y-150x150.png 150w, https:\/\/www.elmak.de\/wp-content\/uploads\/2025\/10\/AF102-300x300y-100x100.png 100w\" sizes=\"(max-width: 300px) 100vw, 300px\" \/>\t\t\t\t\t\t\t\t\t\t\t<figcaption class=\"widget-image-caption wp-caption-text\">FR102 for mold cleaning<\/figcaption>\n\t\t\t\t\t\t\t\t\t\t<\/figure>\n\t\t\t\t\t\t\t\t\t<\/div>\n\t\t\t\t<\/div>\n\t\t\t\t<\/div>\n\t\t\t\t\t<\/div>\n\t\t\t\t<\/div>\n\t\t\t\t<\/div>","protected":false},"excerpt":{"rendered":"<p>Temperierwasserpflege Da Temperier-Wasser mit teuren Werkzeugen in Kontakt kommt, k\u00f6nnen Sie es sich nicht leisten, Risiken durch Partikel und Korrosion einzugehen. Wir verstehen auch, dass m\u00f6glicherweise nicht gen\u00fcgend Geld f\u00fcr die Renovierung eines gesamten K\u00fchlwassersystems zur Verf\u00fcgung steht und dass saubere Formen m\u00f6glicherweise mit Hauptk\u00fchlwasser von geringerer Qualit\u00e4t gek\u00fchlt werden m\u00fcssen. Aus diesem Grund haben [&hellip;]<\/p>","protected":false},"author":1,"featured_media":0,"parent":0,"menu_order":0,"comment_status":"closed","ping_status":"closed","template":"","meta":{"ocean_post_layout":"full-screen","ocean_both_sidebars_style":"","ocean_both_sidebars_content_width":0,"ocean_both_sidebars_sidebars_width":0,"ocean_sidebar":"0","ocean_second_sidebar":"0","ocean_disable_margins":"enable","ocean_add_body_class":"","ocean_shortcode_before_top_bar":"","ocean_shortcode_after_top_bar":"","ocean_shortcode_before_header":"","ocean_shortcode_after_header":"","ocean_has_shortcode":"","ocean_shortcode_after_title":"","ocean_shortcode_before_footer_widgets":"","ocean_shortcode_after_footer_widgets":"","ocean_shortcode_before_footer_bottom":"","ocean_shortcode_after_footer_bottom":"","ocean_display_top_bar":"default","ocean_display_header":"default","ocean_header_style":"","ocean_center_header_left_menu":"0","ocean_custom_header_template":"0","ocean_custom_logo":0,"ocean_custom_retina_logo":0,"ocean_custom_logo_max_width":0,"ocean_custom_logo_tablet_max_width":0,"ocean_custom_logo_mobile_max_width":0,"ocean_custom_logo_max_height":0,"ocean_custom_logo_tablet_max_height":0,"ocean_custom_logo_mobile_max_height":0,"ocean_header_custom_menu":"0","ocean_menu_typo_font_family":"0","ocean_menu_typo_font_subset":"","ocean_menu_typo_font_size":0,"ocean_menu_typo_font_size_tablet":0,"ocean_menu_typo_font_size_mobile":0,"ocean_menu_typo_font_size_unit":"px","ocean_menu_typo_font_weight":"","ocean_menu_typo_font_weight_tablet":"","ocean_menu_typo_font_weight_mobile":"","ocean_menu_typo_transform":"","ocean_menu_typo_transform_tablet":"","ocean_menu_typo_transform_mobile":"","ocean_menu_typo_line_height":0,"ocean_menu_typo_line_height_tablet":0,"ocean_menu_typo_line_height_mobile":0,"ocean_menu_typo_line_height_unit":"","ocean_menu_typo_spacing":0,"ocean_menu_typo_spacing_tablet":0,"ocean_menu_typo_spacing_mobile":0,"ocean_menu_typo_spacing_unit":"","ocean_menu_link_color":"","ocean_menu_link_color_hover":"","ocean_menu_link_color_active":"","ocean_menu_link_background":"","ocean_menu_link_hover_background":"","ocean_menu_link_active_background":"","ocean_menu_social_links_bg":"","ocean_menu_social_hover_links_bg":"","ocean_menu_social_links_color":"","ocean_menu_social_hover_links_color":"","ocean_disable_title":"default","ocean_disable_heading":"default","ocean_post_title":"","ocean_post_subheading":"","ocean_post_title_style":"","ocean_post_title_background_color":"","ocean_post_title_background":0,"ocean_post_title_bg_image_position":"","ocean_post_title_bg_image_attachment":"","ocean_post_title_bg_image_repeat":"","ocean_post_title_bg_image_size":"","ocean_post_title_height":0,"ocean_post_title_bg_overlay":0.5,"ocean_post_title_bg_overlay_color":"","ocean_disable_breadcrumbs":"default","ocean_breadcrumbs_color":"","ocean_breadcrumbs_separator_color":"","ocean_breadcrumbs_links_color":"","ocean_breadcrumbs_links_hover_color":"","ocean_display_footer_widgets":"default","ocean_display_footer_bottom":"default","ocean_custom_footer_template":"0","footnotes":""},"class_list":["post-2712","page","type-page","status-publish","hentry","entry","owp-thumbs-layout-horizontal","owp-btn-normal","owp-tabs-layout-horizontal","has-no-thumbnails","has-product-nav"],"_links":{"self":[{"href":"https:\/\/www.elmak.de\/en\/wp-json\/wp\/v2\/pages\/2712","targetHints":{"allow":["GET"]}}],"collection":[{"href":"https:\/\/www.elmak.de\/en\/wp-json\/wp\/v2\/pages"}],"about":[{"href":"https:\/\/www.elmak.de\/en\/wp-json\/wp\/v2\/types\/page"}],"author":[{"embeddable":true,"href":"https:\/\/www.elmak.de\/en\/wp-json\/wp\/v2\/users\/1"}],"replies":[{"embeddable":true,"href":"https:\/\/www.elmak.de\/en\/wp-json\/wp\/v2\/comments?post=2712"}],"version-history":[{"count":20,"href":"https:\/\/www.elmak.de\/en\/wp-json\/wp\/v2\/pages\/2712\/revisions"}],"predecessor-version":[{"id":2849,"href":"https:\/\/www.elmak.de\/en\/wp-json\/wp\/v2\/pages\/2712\/revisions\/2849"}],"wp:attachment":[{"href":"https:\/\/www.elmak.de\/en\/wp-json\/wp\/v2\/media?parent=2712"}],"curies":[{"name":"wp","href":"https:\/\/api.w.org\/{rel}","templated":true}]}}