{"id":2654,"date":"2025-11-12T11:49:47","date_gmt":"2025-11-12T11:49:47","guid":{"rendered":"https:\/\/www.elmak.de\/?page_id=2654"},"modified":"2025-11-12T15:06:21","modified_gmt":"2025-11-12T15:06:21","slug":"kw-wa","status":"publish","type":"page","link":"https:\/\/www.elmak.de\/en\/kw-wa\/","title":{"rendered":"Cooling water treatment and corrosion protection"},"content":{"rendered":"<div data-elementor-type=\"wp-post\" data-elementor-id=\"2654\" class=\"elementor elementor-2654\" data-elementor-settings=\"{&quot;ha_cmc_init_switcher&quot;:&quot;no&quot;}\">\n\t\t\t\t<div class=\"elementor-element elementor-element-0cf2b52 e-flex e-con-boxed e-con e-parent\" data-id=\"0cf2b52\" data-element_type=\"container\" data-e-type=\"container\" data-settings=\"{&quot;_ha_eqh_enable&quot;:false}\">\n\t\t\t\t\t<div class=\"e-con-inner\">\n\t\t<div class=\"elementor-element elementor-element-a37a21e e-con-full e-flex e-con e-child\" data-id=\"a37a21e\" data-element_type=\"container\" data-e-type=\"container\" data-settings=\"{&quot;_ha_eqh_enable&quot;:false}\">\n\t\t\t\t<div class=\"elementor-element elementor-element-09b0d45 elementor-widget elementor-widget-text-editor\" data-id=\"09b0d45\" data-element_type=\"widget\" data-e-type=\"widget\" data-widget_type=\"text-editor.default\">\n\t\t\t\t<div class=\"elementor-widget-container\">\n\t\t\t\t\t\t\t\t\t<p>High performance cooling and temperature-controlled water systems need to be:<\/p><ul><li>\u00a0Low in harmful salts (see our page on <a href=\"\/en\/wa-tech\/\">Water treatment technology<\/a>)<\/li><li>Low in dissolved gases (see our page on <a href=\"\/en\/entgaser\/entgasung\/\">degassing<\/a>)<\/li><li>No particles &gt; 5\u00b5m, sometimes even 1\u00b5m (see our page on <a href=\"\/en\/filtration\/\">Filtration<\/a>)<\/li><li>Able to prevent corrosion by immediately passivating metal surfaces<\/li><li>Maintain a near sterile environment to prevent bacterial induced corrosion<\/li><li>\u00a0Keep a pH level that is bad for bacteria, and slows or stops metal corrosion<\/li><li>Maintain the corrosion protection from chilled water right up to high temperature water above 100\u00b0C and more.<\/li><\/ul><p>We purposely differ from some thoughts in the industry that removing oxygen will solve all problems.  Even though this idea has infiltrated some standards in Germany, it is not representing the world view of preventing corrosion. Furthermore, some technologies used to remove oxygen are fraught with risks in the production context, where just one day of use, where the system is requiring servicing could lead to the release of harmful ions and rapid corrosion.  Additionally, we find the cost of maintaining such systems too high for manufacturers to be practical. There is so much more to corrosion.<\/p><p>For this reason, the mainstay of our corrosion protection chemicals is based on the strong anodic, alkaline types, that are tolerant of low levels of oxygen that occur through general use and maintenance of water systems, plus the ability to immediately passivate and protect surfaces that have lost their protection.  We use them to success in both hermetic and open systems. These methods have proven their worth over decades of use and have far lower running costs than other methods on the market.<\/p><p>We also produce:<\/p><ul><li>Form cleaning solutions against scale and oil<\/li><li>System cleaning chemicals for cooling water systems and cooling towers.<\/li><li>Antiscalants and stabilzers for cooling towers.<\/li><li>Special formulations for special cases.<\/li><li>Softening, deionizing and dosing technologies.<\/li><li>Everything needed to treat water for corrosion free operation.<\/li><\/ul><p>Our main products:<\/p><ul><li>EMC KS20 \u2013 our strong anodic, alkaline corrosion protection chemical \u2013 very concentrated, high temperature stable \u2013 great for all purposes. Especially good in high temperature temp. control.<\/li><li>EMC KS19 \u2013 same core qualities as KS20, just a different concentration to achieve different regulatory goals once the system has been dosed<\/li><li>EMC KS21 \u2013 same core qualities as KS20 with more dispersants added to help dirtier circuits clean themselves<\/li><li>EMC MB02 \u2013 our Biocide for use in both cooling towers and cooling circuits<\/li><li>EMC KS66 \u2013 our additive to boost copper protection<\/li><li>Sodium Hydroxide \u2013 in 10 and 45% concentration \u2013 to help adjust the pH<\/li><li>EMC 37 \u00d6ltrans - our cleaning solution, for cleaning oiled circuits and those with extreme bio contamination<\/li><li>EMC HS60 \u2013 our cooling tower water scale stabilizer.<\/li><\/ul>\t\t\t\t\t\t\t\t<\/div>\n\t\t\t\t<\/div>\n\t\t\t\t<\/div>\n\t\t<div class=\"elementor-element elementor-element-fe14d0a e-con-full e-flex e-con e-child\" data-id=\"fe14d0a\" data-element_type=\"container\" data-e-type=\"container\" data-settings=\"{&quot;_ha_eqh_enable&quot;:false}\">\n\t\t<div class=\"elementor-element elementor-element-63addb6 e-flex e-con-boxed e-con e-child\" data-id=\"63addb6\" data-element_type=\"container\" data-e-type=\"container\" data-settings=\"{&quot;_ha_eqh_enable&quot;:false}\">\n\t\t\t\t\t<div class=\"e-con-inner\">\n\t\t\t\t<div class=\"elementor-element elementor-element-c926013 elementor-widget elementor-widget-image\" data-id=\"c926013\" data-element_type=\"widget\" data-e-type=\"widget\" data-widget_type=\"image.default\">\n\t\t\t\t<div class=\"elementor-widget-container\">\n\t\t\t\t\t\t\t\t\t\t\t\t\t\t\t<img fetchpriority=\"high\" decoding=\"async\" width=\"200\" height=\"283\" src=\"https:\/\/www.elmak.de\/wp-content\/uploads\/2023\/10\/ks20-u-cleanform-200x.png\" class=\"attachment-large size-large wp-image-1123\" alt=\"\" \/>\t\t\t\t\t\t\t\t\t\t\t\t\t\t\t<\/div>\n\t\t\t\t<\/div>\n\t\t\t\t\t<\/div>\n\t\t\t\t<\/div>\n\t\t\t\t<\/div>\n\t\t\t\t\t<\/div>\n\t\t\t\t<\/div>\n\t\t\t\t<\/div>","protected":false},"excerpt":{"rendered":"<p>Hochleistungsf\u00e4hige K\u00fchl- und Temperiersysteme m\u00fcssen folgende Eigenschaften aufweisen: \u00a0Geringer Gehalt an sch\u00e4dlichen Salzen (siehe unsere Seite zur Wasseraufbereitungstechnik) Geringer Gehalt an gel\u00f6sten Gasen (siehe unsere Seite zu Entgaser) Keine Partikel &gt; 5 \u00b5m, manchmal sogar 1 \u00b5m (siehe unsere Seite zur Filtration) F\u00e4higkeit, Korrosion durch sofortige Passivierung von Metalloberfl\u00e4chen zu verhindern Eine nahezu sterile Umgebung [&hellip;]<\/p>","protected":false},"author":1,"featured_media":0,"parent":0,"menu_order":0,"comment_status":"closed","ping_status":"closed","template":"","meta":{"ocean_post_layout":"full-screen","ocean_both_sidebars_style":"","ocean_both_sidebars_content_width":0,"ocean_both_sidebars_sidebars_width":0,"ocean_sidebar":"0","ocean_second_sidebar":"0","ocean_disable_margins":"enable","ocean_add_body_class":"","ocean_shortcode_before_top_bar":"","ocean_shortcode_after_top_bar":"","ocean_shortcode_before_header":"","ocean_shortcode_after_header":"","ocean_has_shortcode":"","ocean_shortcode_after_title":"","ocean_shortcode_before_footer_widgets":"","ocean_shortcode_after_footer_widgets":"","ocean_shortcode_before_footer_bottom":"","ocean_shortcode_after_footer_bottom":"","ocean_display_top_bar":"default","ocean_display_header":"default","ocean_header_style":"","ocean_center_header_left_menu":"0","ocean_custom_header_template":"0","ocean_custom_logo":0,"ocean_custom_retina_logo":0,"ocean_custom_logo_max_width":0,"ocean_custom_logo_tablet_max_width":0,"ocean_custom_logo_mobile_max_width":0,"ocean_custom_logo_max_height":0,"ocean_custom_logo_tablet_max_height":0,"ocean_custom_logo_mobile_max_height":0,"ocean_header_custom_menu":"0","ocean_menu_typo_font_family":"0","ocean_menu_typo_font_subset":"","ocean_menu_typo_font_size":0,"ocean_menu_typo_font_size_tablet":0,"ocean_menu_typo_font_size_mobile":0,"ocean_menu_typo_font_size_unit":"px","ocean_menu_typo_font_weight":"","ocean_menu_typo_font_weight_tablet":"","ocean_menu_typo_font_weight_mobile":"","ocean_menu_typo_transform":"","ocean_menu_typo_transform_tablet":"","ocean_menu_typo_transform_mobile":"","ocean_menu_typo_line_height":0,"ocean_menu_typo_line_height_tablet":0,"ocean_menu_typo_line_height_mobile":0,"ocean_menu_typo_line_height_unit":"","ocean_menu_typo_spacing":0,"ocean_menu_typo_spacing_tablet":0,"ocean_menu_typo_spacing_mobile":0,"ocean_menu_typo_spacing_unit":"","ocean_menu_link_color":"","ocean_menu_link_color_hover":"","ocean_menu_link_color_active":"","ocean_menu_link_background":"","ocean_menu_link_hover_background":"","ocean_menu_link_active_background":"","ocean_menu_social_links_bg":"","ocean_menu_social_hover_links_bg":"","ocean_menu_social_links_color":"","ocean_menu_social_hover_links_color":"","ocean_disable_title":"default","ocean_disable_heading":"default","ocean_post_title":"","ocean_post_subheading":"","ocean_post_title_style":"","ocean_post_title_background_color":"","ocean_post_title_background":0,"ocean_post_title_bg_image_position":"","ocean_post_title_bg_image_attachment":"","ocean_post_title_bg_image_repeat":"","ocean_post_title_bg_image_size":"","ocean_post_title_height":0,"ocean_post_title_bg_overlay":0.5,"ocean_post_title_bg_overlay_color":"","ocean_disable_breadcrumbs":"default","ocean_breadcrumbs_color":"","ocean_breadcrumbs_separator_color":"","ocean_breadcrumbs_links_color":"","ocean_breadcrumbs_links_hover_color":"","ocean_display_footer_widgets":"default","ocean_display_footer_bottom":"default","ocean_custom_footer_template":"0","footnotes":""},"class_list":["post-2654","page","type-page","status-publish","hentry","entry","owp-thumbs-layout-horizontal","owp-btn-normal","owp-tabs-layout-horizontal","has-no-thumbnails","has-product-nav"],"_links":{"self":[{"href":"https:\/\/www.elmak.de\/en\/wp-json\/wp\/v2\/pages\/2654","targetHints":{"allow":["GET"]}}],"collection":[{"href":"https:\/\/www.elmak.de\/en\/wp-json\/wp\/v2\/pages"}],"about":[{"href":"https:\/\/www.elmak.de\/en\/wp-json\/wp\/v2\/types\/page"}],"author":[{"embeddable":true,"href":"https:\/\/www.elmak.de\/en\/wp-json\/wp\/v2\/users\/1"}],"replies":[{"embeddable":true,"href":"https:\/\/www.elmak.de\/en\/wp-json\/wp\/v2\/comments?post=2654"}],"version-history":[{"count":25,"href":"https:\/\/www.elmak.de\/en\/wp-json\/wp\/v2\/pages\/2654\/revisions"}],"predecessor-version":[{"id":2778,"href":"https:\/\/www.elmak.de\/en\/wp-json\/wp\/v2\/pages\/2654\/revisions\/2778"}],"wp:attachment":[{"href":"https:\/\/www.elmak.de\/en\/wp-json\/wp\/v2\/media?parent=2654"}],"curies":[{"name":"wp","href":"https:\/\/api.w.org\/{rel}","templated":true}]}}