{"id":2598,"date":"2025-11-12T08:33:44","date_gmt":"2025-11-12T08:33:44","guid":{"rendered":"https:\/\/www.elmak.de\/?page_id=2598"},"modified":"2025-11-12T08:47:47","modified_gmt":"2025-11-12T08:47:47","slug":"wa-tech","status":"publish","type":"page","link":"https:\/\/www.elmak.de\/en\/wa-tech\/","title":{"rendered":"Water Treament Tech"},"content":{"rendered":"<div data-elementor-type=\"wp-post\" data-elementor-id=\"2598\" class=\"elementor elementor-2598\" data-elementor-settings=\"{&quot;ha_cmc_init_switcher&quot;:&quot;no&quot;}\">\n\t\t\t\t<div class=\"elementor-element elementor-element-0cf2b52 e-flex e-con-boxed e-con e-parent\" data-id=\"0cf2b52\" data-element_type=\"container\" data-e-type=\"container\" data-settings=\"{&quot;_ha_eqh_enable&quot;:false}\">\n\t\t\t\t\t<div class=\"e-con-inner\">\n\t\t<div class=\"elementor-element elementor-element-a37a21e e-con-full e-flex e-con e-child\" data-id=\"a37a21e\" data-element_type=\"container\" data-e-type=\"container\" data-settings=\"{&quot;_ha_eqh_enable&quot;:false}\">\n\t\t\t\t<div class=\"elementor-element elementor-element-09b0d45 elementor-widget elementor-widget-text-editor\" data-id=\"09b0d45\" data-element_type=\"widget\" data-e-type=\"widget\" data-widget_type=\"text-editor.default\">\n\t\t\t\t<div class=\"elementor-widget-container\">\n\t\t\t\t\t\t\t\t\t<p>High performance cooling water does not mean that you \"immunize\" your system by putting in some chemicals and then forgetting about it.<\/p><p>Modern cooling water must be free from problem minerals, and also provide corrosion protection.  More than that, the water pressure must be intelligently maintained without overfilling the system, over use is checked and leaks detected - all with efficient communication with a building management system.<\/p><p>We adjust our solutions exactly to the needs.  You can't achieve these goals with a simple garden pump.<\/p><p>Additionally we offer chemical dosing systems that increase your operation and personell safety.<br \/><br \/>Ask us about the NV100 Models.<\/p>\t\t\t\t\t\t\t\t<\/div>\n\t\t\t\t<\/div>\n\t\t\t\t<\/div>\n\t\t<div class=\"elementor-element elementor-element-fe14d0a e-con-full e-flex e-con e-child\" data-id=\"fe14d0a\" data-element_type=\"container\" data-e-type=\"container\" data-settings=\"{&quot;_ha_eqh_enable&quot;:false}\">\n\t\t<div class=\"elementor-element elementor-element-63addb6 e-flex e-con-boxed e-con e-child\" data-id=\"63addb6\" data-element_type=\"container\" data-e-type=\"container\" data-settings=\"{&quot;_ha_eqh_enable&quot;:false}\">\n\t\t\t\t\t<div class=\"e-con-inner\">\n\t\t\t\t<div class=\"elementor-element elementor-element-c926013 elementor-widget elementor-widget-image\" data-id=\"c926013\" data-element_type=\"widget\" data-e-type=\"widget\" data-widget_type=\"image.default\">\n\t\t\t\t<div class=\"elementor-widget-container\">\n\t\t\t\t\t\t\t\t\t\t\t\t\t\t\t<img decoding=\"async\" width=\"200\" height=\"231\" src=\"https:\/\/www.elmak.de\/wp-content\/uploads\/2024\/11\/NV100E-200x231-1.png\" class=\"attachment-large size-large wp-image-1839\" alt=\"\" srcset=\"https:\/\/www.elmak.de\/wp-content\/uploads\/2024\/11\/NV100E-200x231-1.png 200w, https:\/\/www.elmak.de\/wp-content\/uploads\/2024\/11\/NV100E-200x231-1-10x12.png 10w\" sizes=\"(max-width: 200px) 100vw, 200px\" \/>\t\t\t\t\t\t\t\t\t\t\t\t\t\t\t<\/div>\n\t\t\t\t<\/div>\n\t\t\t\t\t<\/div>\n\t\t\t\t<\/div>\n\t\t\t\t<\/div>\n\t\t\t\t\t<\/div>\n\t\t\t\t<\/div>\n\t\t\t\t<\/div>","protected":false},"excerpt":{"rendered":"<p>Hochleistungs-K\u00fchlwasser bedeutet nicht, dass Sie Ihr System \u201eimpfen\u201c, indem Sie einige Chemikalien hinzuf\u00fcgen und es dann vergessen. Modernes K\u00fchlwasser muss frei von problematischen Mineralien sein, aber dennoch Korrosionsschutz bieten. Dar\u00fcber hinaus muss der Wasserdruck intelligent aufrechterhalten werden, ohne das System zu \u00fcberf\u00fcllen, wobei \u00dcberbeanspruchung \u00fcberwacht, Lecks erkannt und eine Kommunikation mit Geb\u00e4udemanagementsystemen erm\u00f6glicht werden muss. [&hellip;]<\/p>","protected":false},"author":1,"featured_media":0,"parent":0,"menu_order":0,"comment_status":"closed","ping_status":"closed","template":"","meta":{"ocean_post_layout":"full-screen","ocean_both_sidebars_style":"","ocean_both_sidebars_content_width":0,"ocean_both_sidebars_sidebars_width":0,"ocean_sidebar":"0","ocean_second_sidebar":"0","ocean_disable_margins":"enable","ocean_add_body_class":"","ocean_shortcode_before_top_bar":"","ocean_shortcode_after_top_bar":"","ocean_shortcode_before_header":"","ocean_shortcode_after_header":"","ocean_has_shortcode":"","ocean_shortcode_after_title":"","ocean_shortcode_before_footer_widgets":"","ocean_shortcode_after_footer_widgets":"","ocean_shortcode_before_footer_bottom":"","ocean_shortcode_after_footer_bottom":"","ocean_display_top_bar":"default","ocean_display_header":"default","ocean_header_style":"","ocean_center_header_left_menu":"0","ocean_custom_header_template":"0","ocean_custom_logo":0,"ocean_custom_retina_logo":0,"ocean_custom_logo_max_width":0,"ocean_custom_logo_tablet_max_width":0,"ocean_custom_logo_mobile_max_width":0,"ocean_custom_logo_max_height":0,"ocean_custom_logo_tablet_max_height":0,"ocean_custom_logo_mobile_max_height":0,"ocean_header_custom_menu":"0","ocean_menu_typo_font_family":"0","ocean_menu_typo_font_subset":"","ocean_menu_typo_font_size":0,"ocean_menu_typo_font_size_tablet":0,"ocean_menu_typo_font_size_mobile":0,"ocean_menu_typo_font_size_unit":"px","ocean_menu_typo_font_weight":"","ocean_menu_typo_font_weight_tablet":"","ocean_menu_typo_font_weight_mobile":"","ocean_menu_typo_transform":"","ocean_menu_typo_transform_tablet":"","ocean_menu_typo_transform_mobile":"","ocean_menu_typo_line_height":0,"ocean_menu_typo_line_height_tablet":0,"ocean_menu_typo_line_height_mobile":0,"ocean_menu_typo_line_height_unit":"","ocean_menu_typo_spacing":0,"ocean_menu_typo_spacing_tablet":0,"ocean_menu_typo_spacing_mobile":0,"ocean_menu_typo_spacing_unit":"","ocean_menu_link_color":"","ocean_menu_link_color_hover":"","ocean_menu_link_color_active":"","ocean_menu_link_background":"","ocean_menu_link_hover_background":"","ocean_menu_link_active_background":"","ocean_menu_social_links_bg":"","ocean_menu_social_hover_links_bg":"","ocean_menu_social_links_color":"","ocean_menu_social_hover_links_color":"","ocean_disable_title":"default","ocean_disable_heading":"default","ocean_post_title":"","ocean_post_subheading":"","ocean_post_title_style":"","ocean_post_title_background_color":"","ocean_post_title_background":0,"ocean_post_title_bg_image_position":"","ocean_post_title_bg_image_attachment":"","ocean_post_title_bg_image_repeat":"","ocean_post_title_bg_image_size":"","ocean_post_title_height":0,"ocean_post_title_bg_overlay":0.5,"ocean_post_title_bg_overlay_color":"","ocean_disable_breadcrumbs":"default","ocean_breadcrumbs_color":"","ocean_breadcrumbs_separator_color":"","ocean_breadcrumbs_links_color":"","ocean_breadcrumbs_links_hover_color":"","ocean_display_footer_widgets":"default","ocean_display_footer_bottom":"default","ocean_custom_footer_template":"0","footnotes":""},"class_list":["post-2598","page","type-page","status-publish","hentry","entry","owp-thumbs-layout-horizontal","owp-btn-normal","owp-tabs-layout-horizontal","has-no-thumbnails","has-product-nav"],"_links":{"self":[{"href":"https:\/\/www.elmak.de\/en\/wp-json\/wp\/v2\/pages\/2598","targetHints":{"allow":["GET"]}}],"collection":[{"href":"https:\/\/www.elmak.de\/en\/wp-json\/wp\/v2\/pages"}],"about":[{"href":"https:\/\/www.elmak.de\/en\/wp-json\/wp\/v2\/types\/page"}],"author":[{"embeddable":true,"href":"https:\/\/www.elmak.de\/en\/wp-json\/wp\/v2\/users\/1"}],"replies":[{"embeddable":true,"href":"https:\/\/www.elmak.de\/en\/wp-json\/wp\/v2\/comments?post=2598"}],"version-history":[{"count":7,"href":"https:\/\/www.elmak.de\/en\/wp-json\/wp\/v2\/pages\/2598\/revisions"}],"predecessor-version":[{"id":2623,"href":"https:\/\/www.elmak.de\/en\/wp-json\/wp\/v2\/pages\/2598\/revisions\/2623"}],"wp:attachment":[{"href":"https:\/\/www.elmak.de\/en\/wp-json\/wp\/v2\/media?parent=2598"}],"curies":[{"name":"wp","href":"https:\/\/api.w.org\/{rel}","templated":true}]}}