{"id":2583,"date":"2025-11-12T08:25:10","date_gmt":"2025-11-12T08:25:10","guid":{"rendered":"https:\/\/www.elmak.de\/?page_id=2583"},"modified":"2025-11-12T14:28:59","modified_gmt":"2025-11-12T14:28:59","slug":"gebaeude","status":"publish","type":"page","link":"https:\/\/www.elmak.de\/en\/gebaeude\/","title":{"rendered":"Building technologies"},"content":{"rendered":"<div data-elementor-type=\"wp-post\" data-elementor-id=\"2583\" class=\"elementor elementor-2583\" data-elementor-settings=\"{&quot;ha_cmc_init_switcher&quot;:&quot;no&quot;}\">\n\t\t\t\t<div class=\"elementor-element elementor-element-ece9532 e-flex e-con-boxed e-con e-parent\" data-id=\"ece9532\" data-element_type=\"container\" data-e-type=\"container\" data-settings=\"{&quot;_ha_eqh_enable&quot;:false}\">\n\t\t\t\t\t<div class=\"e-con-inner\">\n\t\t<div class=\"elementor-element elementor-element-bb5f20d e-con-full e-flex e-con e-child\" data-id=\"bb5f20d\" data-element_type=\"container\" data-e-type=\"container\" data-settings=\"{&quot;_ha_eqh_enable&quot;:false}\">\n\t\t\t\t<div class=\"elementor-element elementor-element-497bd50 elementor-widget elementor-widget-text-editor\" data-id=\"497bd50\" data-element_type=\"widget\" data-e-type=\"widget\" data-widget_type=\"text-editor.default\">\n\t\t\t\t<div class=\"elementor-widget-container\">\n\t\t\t\t\t\t\t\t\t<p>This website is currently being updated. We apologize for any links that may not be working.<\/p>\t\t\t\t\t\t\t\t<\/div>\n\t\t\t\t<\/div>\n\t\t\t\t<\/div>\n\t\t\t\t<div class=\"elementor-element elementor-element-f60ede6 elementor-widget elementor-widget-text-editor\" data-id=\"f60ede6\" data-element_type=\"widget\" data-e-type=\"widget\" data-widget_type=\"text-editor.default\">\n\t\t\t\t<div class=\"elementor-widget-container\">\n\t\t\t\t\t\t\t\t\t<h1>Drinking Water Hygiene<\/h1>\t\t\t\t\t\t\t\t<\/div>\n\t\t\t\t<\/div>\n\t\t\t\t\t<\/div>\n\t\t\t\t<\/div>\n\t\t\t\t<section class=\"elementor-section elementor-top-section elementor-element elementor-element-bu71rau elementor-section-boxed elementor-section-height-default elementor-section-height-default\" data-id=\"bu71rau\" data-element_type=\"section\" data-e-type=\"section\" data-settings=\"{&quot;background_background&quot;:&quot;classic&quot;,&quot;_ha_eqh_enable&quot;:false}\">\n\t\t\t\t\t\t<div class=\"elementor-container elementor-column-gap-default\">\n\t\t\t\t\t<div class=\"elementor-column elementor-col-100 elementor-top-column elementor-element elementor-element-ecbf3e6\" data-id=\"ecbf3e6\" data-element_type=\"column\" data-e-type=\"column\">\n\t\t\t<div class=\"elementor-widget-wrap elementor-element-populated\">\n\t\t\t\t<div class=\"elementor-element elementor-element-feff958 e-flex e-con-boxed e-con e-parent\" data-id=\"feff958\" data-element_type=\"container\" data-e-type=\"container\" data-settings=\"{&quot;_ha_eqh_enable&quot;:false}\">\n\t\t\t\t\t<div class=\"e-con-inner\">\n\t\t\t\t<div class=\"elementor-element elementor-element-70097f7 elementor-widget elementor-widget-heading\" data-id=\"70097f7\" data-element_type=\"widget\" data-e-type=\"widget\" data-widget_type=\"heading.default\">\n\t\t\t\t<div class=\"elementor-widget-container\">\n\t\t\t\t\t<h2 class=\"elementor-heading-title elementor-size-default\">Efficient Pipe Flushing with ELMA-LAVAR<\/h2>\t\t\t\t<\/div>\n\t\t\t\t<\/div>\n\t\t\t\t\t<\/div>\n\t\t\t\t<\/div>\n\t\t\t\t<div class=\"elementor-element elementor-element-c2d0022 elementor-widget elementor-widget-text-editor\" data-id=\"c2d0022\" data-element_type=\"widget\" data-e-type=\"widget\" data-widget_type=\"text-editor.default\">\n\t\t\t\t<div class=\"elementor-widget-container\">\n\t\t\t\t\t\t\t\t\t<p>Find out more about our unique technolgy, where stagnation can be avoided and building drinking water networks can be kept clean without chemicals or increases in water consumption.<br \/><br \/>ELMA-LAVAR is a cold process combatting stangation of drinking water with the help of ExV vessels.  No heating, no chemical treatment. A daily cleaning program without stopping water supply to end users.<\/p>\t\t\t\t\t\t\t\t<\/div>\n\t\t\t\t<\/div>\n\t\t\t\t<div class=\"elementor-element elementor-element-1f2dcbd elementor-widget elementor-widget-image\" data-id=\"1f2dcbd\" data-element_type=\"widget\" data-e-type=\"widget\" data-widget_type=\"image.default\">\n\t\t\t\t<div class=\"elementor-widget-container\">\n\t\t\t\t\t\t\t\t\t\t\t\t\t\t\t\t<a href=\"\/en\/lavar\/\">\n\t\t\t\t\t\t\t<img decoding=\"async\" width=\"150\" height=\"150\" src=\"https:\/\/www.elmak.de\/wp-content\/uploads\/2024\/11\/Lavar_U_Exv-200x200-1-150x150.png\" class=\"attachment-thumbnail size-thumbnail wp-image-1921\" alt=\"\" srcset=\"https:\/\/www.elmak.de\/wp-content\/uploads\/2024\/11\/Lavar_U_Exv-200x200-1-150x150.png 150w, https:\/\/www.elmak.de\/wp-content\/uploads\/2024\/11\/Lavar_U_Exv-200x200-1-100x100.png 100w, https:\/\/www.elmak.de\/wp-content\/uploads\/2024\/11\/Lavar_U_Exv-200x200-1-12x12.png 12w, https:\/\/www.elmak.de\/wp-content\/uploads\/2024\/11\/Lavar_U_Exv-200x200-1.png 200w\" sizes=\"(max-width: 150px) 100vw, 150px\" \/>\t\t\t\t\t\t\t\t<\/a>\n\t\t\t\t\t\t\t\t\t\t\t\t\t\t\t<\/div>\n\t\t\t\t<\/div>\n\t\t<div class=\"elementor-element elementor-element-5643103 e-flex e-con-boxed e-con e-parent\" data-id=\"5643103\" data-element_type=\"container\" data-e-type=\"container\" data-settings=\"{&quot;_ha_eqh_enable&quot;:false}\">\n\t\t\t\t\t<div class=\"e-con-inner\">\n\t\t\t\t<div class=\"elementor-element elementor-element-90fecdd elementor-widget elementor-widget-heading\" data-id=\"90fecdd\" data-element_type=\"widget\" data-e-type=\"widget\" data-widget_type=\"heading.default\">\n\t\t\t\t<div class=\"elementor-widget-container\">\n\t\t\t\t\t<h2 class=\"elementor-heading-title elementor-size-default\">ELMAK  - Services<\/h2>\t\t\t\t<\/div>\n\t\t\t\t<\/div>\n\t\t\t\t<div class=\"elementor-element elementor-element-8f27872 elementor-widget elementor-widget-text-editor\" data-id=\"8f27872\" data-element_type=\"widget\" data-e-type=\"widget\" data-widget_type=\"text-editor.default\">\n\t\t\t\t<div class=\"elementor-widget-container\">\n\t\t\t\t\t\t\t\t\t<p>Without the pressure of a legal assessor, we can evaluate your system and perform tests within the parameters of a self check. The goal is form a panic free opinion and to work out which measures work.<\/p>\t\t\t\t\t\t\t\t<\/div>\n\t\t\t\t<\/div>\n\t\t\t\t<div class=\"elementor-element elementor-element-6761d01 elementor-widget elementor-widget-image\" data-id=\"6761d01\" data-element_type=\"widget\" data-e-type=\"widget\" data-widget_type=\"image.default\">\n\t\t\t\t<div class=\"elementor-widget-container\">\n\t\t\t\t\t\t\t\t\t\t\t\t\t\t\t\t<a href=\"\/en\/analytik\/\">\n\t\t\t\t\t\t\t<img decoding=\"async\" width=\"150\" height=\"150\" src=\"https:\/\/www.elmak.de\/wp-content\/uploads\/2024\/11\/AIImage-BYCE_plate-like-150x150.jpg\" class=\"attachment-thumbnail size-thumbnail wp-image-1879\" alt=\"\" srcset=\"https:\/\/www.elmak.de\/wp-content\/uploads\/2024\/11\/AIImage-BYCE_plate-like-150x150.jpg 150w, https:\/\/www.elmak.de\/wp-content\/uploads\/2024\/11\/AIImage-BYCE_plate-like-300x300.jpg 300w, https:\/\/www.elmak.de\/wp-content\/uploads\/2024\/11\/AIImage-BYCE_plate-like-100x100.jpg 100w, https:\/\/www.elmak.de\/wp-content\/uploads\/2024\/11\/AIImage-BYCE_plate-like-12x12.jpg 12w, https:\/\/www.elmak.de\/wp-content\/uploads\/2024\/11\/AIImage-BYCE_plate-like.jpg 512w\" sizes=\"(max-width: 150px) 100vw, 150px\" \/>\t\t\t\t\t\t\t\t<\/a>\n\t\t\t\t\t\t\t\t\t\t\t\t\t\t\t<\/div>\n\t\t\t\t<\/div>\n\t\t\t\t\t<\/div>\n\t\t\t\t<\/div>\n\t\t\t\t\t<\/div>\n\t\t<\/div>\n\t\t\t\t\t<\/div>\n\t\t<\/section>\n\t\t<div class=\"elementor-element elementor-element-0fe3dc6 e-flex e-con-boxed e-con e-parent\" data-id=\"0fe3dc6\" data-element_type=\"container\" data-e-type=\"container\" data-settings=\"{&quot;_ha_eqh_enable&quot;:false}\">\n\t\t\t\t\t<div class=\"e-con-inner\">\n\t\t\t\t<div class=\"elementor-element elementor-element-eb2ba3a elementor-widget elementor-widget-text-editor\" data-id=\"eb2ba3a\" data-element_type=\"widget\" data-e-type=\"widget\" data-widget_type=\"text-editor.default\">\n\t\t\t\t<div class=\"elementor-widget-container\">\n\t\t\t\t\t\t\t\t\t<h1>Central Heating Water<\/h1>\t\t\t\t\t\t\t\t<\/div>\n\t\t\t\t<\/div>\n\t\t\t\t\t<\/div>\n\t\t\t\t<\/div>\n\t\t<div class=\"elementor-element elementor-element-295a212 e-flex e-con-boxed e-con e-parent\" data-id=\"295a212\" data-element_type=\"container\" data-e-type=\"container\" data-settings=\"{&quot;_ha_eqh_enable&quot;:false}\">\n\t\t\t\t\t<div class=\"e-con-inner\">\n\t\t\t\t<div class=\"elementor-element elementor-element-6f24e84 elementor-widget elementor-widget-heading\" data-id=\"6f24e84\" data-element_type=\"widget\" data-e-type=\"widget\" data-widget_type=\"heading.default\">\n\t\t\t\t<div class=\"elementor-widget-container\">\n\t\t\t\t\t<h2 class=\"elementor-heading-title elementor-size-default\">Degassing and Filtration Technolgies<\/h2>\t\t\t\t<\/div>\n\t\t\t\t<\/div>\n\t\t\t\t<div class=\"elementor-element elementor-element-2ee847d elementor-widget elementor-widget-text-editor\" data-id=\"2ee847d\" data-element_type=\"widget\" data-e-type=\"widget\" data-widget_type=\"text-editor.default\">\n\t\t\t\t<div class=\"elementor-widget-container\">\n\t\t\t\t\t\t\t\t\t<p>Special versions of our degassing and filtration technolgies that are suited for use in central heating networks.<\/p>\t\t\t\t\t\t\t\t<\/div>\n\t\t\t\t<\/div>\n\t\t\t\t<div class=\"elementor-element elementor-element-c6710af elementor-widget elementor-widget-image\" data-id=\"c6710af\" data-element_type=\"widget\" data-e-type=\"widget\" data-widget_type=\"image.default\">\n\t\t\t\t<div class=\"elementor-widget-container\">\n\t\t\t\t\t\t\t\t\t\t\t\t\t\t\t\t<a href=\"\/en\/filtration\/\">\n\t\t\t\t\t\t\t<img decoding=\"async\" width=\"113\" height=\"300\" src=\"https:\/\/www.elmak.de\/wp-content\/uploads\/2025\/10\/FI170-farb-150x400y-113x300.png\" class=\"attachment-medium size-medium wp-image-2315\" alt=\"\" srcset=\"https:\/\/www.elmak.de\/wp-content\/uploads\/2025\/10\/FI170-farb-150x400y-113x300.png 113w, https:\/\/www.elmak.de\/wp-content\/uploads\/2025\/10\/FI170-farb-150x400y-5x12.png 5w, https:\/\/www.elmak.de\/wp-content\/uploads\/2025\/10\/FI170-farb-150x400y.png 150w\" sizes=\"(max-width: 113px) 100vw, 113px\" \/>\t\t\t\t\t\t\t\t<\/a>\n\t\t\t\t\t\t\t\t\t\t\t\t\t\t\t<\/div>\n\t\t\t\t<\/div>\n\t\t\t\t<div class=\"elementor-element elementor-element-44269fe elementor-widget elementor-widget-heading\" data-id=\"44269fe\" data-element_type=\"widget\" data-e-type=\"widget\" data-widget_type=\"heading.default\">\n\t\t\t\t<div class=\"elementor-widget-container\">\n\t\t\t\t\t<h2 class=\"elementor-heading-title elementor-size-default\"> Corrosion protection<\/h2>\t\t\t\t<\/div>\n\t\t\t\t<\/div>\n\t\t\t\t<div class=\"elementor-element elementor-element-db12078 elementor-widget elementor-widget-text-editor\" data-id=\"db12078\" data-element_type=\"widget\" data-e-type=\"widget\" data-widget_type=\"text-editor.default\">\n\t\t\t\t<div class=\"elementor-widget-container\">\n\t\t\t\t\t\t\t\t\t<p>Since the laws of physics and chemistry don't change, our proven corrosion protection program works in hydronic heating systems without a hitch.<\/p>\t\t\t\t\t\t\t\t<\/div>\n\t\t\t\t<\/div>\n\t\t\t\t<div class=\"elementor-element elementor-element-552bb91 elementor-widget elementor-widget-image\" data-id=\"552bb91\" data-element_type=\"widget\" data-e-type=\"widget\" data-widget_type=\"image.default\">\n\t\t\t\t<div class=\"elementor-widget-container\">\n\t\t\t\t\t\t\t\t\t\t\t\t\t\t\t\t<a href=\"\/en\/wasseraufbereitung\/\">\n\t\t\t\t\t\t\t<img loading=\"lazy\" decoding=\"async\" width=\"150\" height=\"150\" src=\"https:\/\/www.elmak.de\/wp-content\/uploads\/2025\/10\/KS20-frei-300x300y-150x150.png\" class=\"attachment-thumbnail size-thumbnail wp-image-2415\" alt=\"\" srcset=\"https:\/\/www.elmak.de\/wp-content\/uploads\/2025\/10\/KS20-frei-300x300y-150x150.png 150w, https:\/\/www.elmak.de\/wp-content\/uploads\/2025\/10\/KS20-frei-300x300y-12x12.png 12w, https:\/\/www.elmak.de\/wp-content\/uploads\/2025\/10\/KS20-frei-300x300y-100x100.png 100w, https:\/\/www.elmak.de\/wp-content\/uploads\/2025\/10\/KS20-frei-300x300y.png 300w\" sizes=\"(max-width: 150px) 100vw, 150px\" \/>\t\t\t\t\t\t\t\t<\/a>\n\t\t\t\t\t\t\t\t\t\t\t\t\t\t\t<\/div>\n\t\t\t\t<\/div>\n\t\t\t\t<div class=\"elementor-element elementor-element-16b782a elementor-widget elementor-widget-heading\" data-id=\"16b782a\" data-element_type=\"widget\" data-e-type=\"widget\" data-widget_type=\"heading.default\">\n\t\t\t\t<div class=\"elementor-widget-container\">\n\t\t\t\t\t<h2 class=\"elementor-heading-title elementor-size-default\">Services<\/h2>\t\t\t\t<\/div>\n\t\t\t\t<\/div>\n\t\t\t\t<div class=\"elementor-element elementor-element-9f06505 elementor-widget elementor-widget-text-editor\" data-id=\"9f06505\" data-element_type=\"widget\" data-e-type=\"widget\" data-widget_type=\"text-editor.default\">\n\t\t\t\t<div class=\"elementor-widget-container\">\n\t\t\t\t\t\t\t\t\t<p>Laboratory analysies on corrosion protection of heating water, cleaning of heating water networks, system audits and evaluation.<\/p><p>Naturally we also perform maintenance on our degassing and filtration devices.<\/p>\t\t\t\t\t\t\t\t<\/div>\n\t\t\t\t<\/div>\n\t\t\t\t<div class=\"elementor-element elementor-element-53b71bb elementor-widget elementor-widget-image\" data-id=\"53b71bb\" data-element_type=\"widget\" data-e-type=\"widget\" data-widget_type=\"image.default\">\n\t\t\t\t<div class=\"elementor-widget-container\">\n\t\t\t\t\t\t\t\t\t\t\t\t\t\t\t\t<a href=\"\/en\/analytik\/\">\n\t\t\t\t\t\t\t<img loading=\"lazy\" decoding=\"async\" width=\"150\" height=\"150\" src=\"https:\/\/www.elmak.de\/wp-content\/uploads\/2024\/12\/Lab12MODverl_800x-150x150.png\" class=\"attachment-thumbnail size-thumbnail wp-image-1928\" alt=\"\" srcset=\"https:\/\/www.elmak.de\/wp-content\/uploads\/2024\/12\/Lab12MODverl_800x-150x150.png 150w, https:\/\/www.elmak.de\/wp-content\/uploads\/2024\/12\/Lab12MODverl_800x-300x300.png 300w, https:\/\/www.elmak.de\/wp-content\/uploads\/2024\/12\/Lab12MODverl_800x-100x100.png 100w, https:\/\/www.elmak.de\/wp-content\/uploads\/2024\/12\/Lab12MODverl_800x-600x600.png 600w\" sizes=\"(max-width: 150px) 100vw, 150px\" \/>\t\t\t\t\t\t\t\t<\/a>\n\t\t\t\t\t\t\t\t\t\t\t\t\t\t\t<\/div>\n\t\t\t\t<\/div>\n\t\t\t\t\t<\/div>\n\t\t\t\t<\/div>\n\t\t\t\t<\/div>","protected":false},"excerpt":{"rendered":"<p>Diese Webseite wird derzeit aktualisiert. Wir entschuldigen uns f\u00fcr eventuell nicht funktionierende Links. Trinkwasserhygiene Rohrsp\u00fclung &#8211; ELMA-LAVAR Erfahren Sie mehr \u00fcber unsere einzigartige Technologie, mit der Sie Stagnation vermeiden und Trinkwassernetze sauber halten k\u00f6nnen, ohne Chemikalien einzusetzen oder den Wasserverbrauch zu erh\u00f6hen. ELMA-LAVAR ist ein kaltes Verfahren gegen stagnierendes Trinkwasser mit der Hilfe von ExV-Gef\u00e4\u00dfen. [&hellip;]<\/p>","protected":false},"author":1,"featured_media":0,"parent":0,"menu_order":0,"comment_status":"closed","ping_status":"closed","template":"","meta":{"ocean_post_layout":"full-screen","ocean_both_sidebars_style":"","ocean_both_sidebars_content_width":0,"ocean_both_sidebars_sidebars_width":0,"ocean_sidebar":"0","ocean_second_sidebar":"0","ocean_disable_margins":"enable","ocean_add_body_class":"","ocean_shortcode_before_top_bar":"","ocean_shortcode_after_top_bar":"","ocean_shortcode_before_header":"","ocean_shortcode_after_header":"","ocean_has_shortcode":"","ocean_shortcode_after_title":"","ocean_shortcode_before_footer_widgets":"","ocean_shortcode_after_footer_widgets":"","ocean_shortcode_before_footer_bottom":"","ocean_shortcode_after_footer_bottom":"","ocean_display_top_bar":"default","ocean_display_header":"default","ocean_header_style":"","ocean_center_header_left_menu":"0","ocean_custom_header_template":"0","ocean_custom_logo":0,"ocean_custom_retina_logo":0,"ocean_custom_logo_max_width":0,"ocean_custom_logo_tablet_max_width":0,"ocean_custom_logo_mobile_max_width":0,"ocean_custom_logo_max_height":0,"ocean_custom_logo_tablet_max_height":0,"ocean_custom_logo_mobile_max_height":0,"ocean_header_custom_menu":"0","ocean_menu_typo_font_family":"0","ocean_menu_typo_font_subset":"","ocean_menu_typo_font_size":0,"ocean_menu_typo_font_size_tablet":0,"ocean_menu_typo_font_size_mobile":0,"ocean_menu_typo_font_size_unit":"px","ocean_menu_typo_font_weight":"","ocean_menu_typo_font_weight_tablet":"","ocean_menu_typo_font_weight_mobile":"","ocean_menu_typo_transform":"","ocean_menu_typo_transform_tablet":"","ocean_menu_typo_transform_mobile":"","ocean_menu_typo_line_height":0,"ocean_menu_typo_line_height_tablet":0,"ocean_menu_typo_line_height_mobile":0,"ocean_menu_typo_line_height_unit":"","ocean_menu_typo_spacing":0,"ocean_menu_typo_spacing_tablet":0,"ocean_menu_typo_spacing_mobile":0,"ocean_menu_typo_spacing_unit":"","ocean_menu_link_color":"","ocean_menu_link_color_hover":"","ocean_menu_link_color_active":"","ocean_menu_link_background":"","ocean_menu_link_hover_background":"","ocean_menu_link_active_background":"","ocean_menu_social_links_bg":"","ocean_menu_social_hover_links_bg":"","ocean_menu_social_links_color":"","ocean_menu_social_hover_links_color":"","ocean_disable_title":"default","ocean_disable_heading":"default","ocean_post_title":"","ocean_post_subheading":"","ocean_post_title_style":"","ocean_post_title_background_color":"","ocean_post_title_background":0,"ocean_post_title_bg_image_position":"","ocean_post_title_bg_image_attachment":"","ocean_post_title_bg_image_repeat":"","ocean_post_title_bg_image_size":"","ocean_post_title_height":0,"ocean_post_title_bg_overlay":0.5,"ocean_post_title_bg_overlay_color":"","ocean_disable_breadcrumbs":"default","ocean_breadcrumbs_color":"","ocean_breadcrumbs_separator_color":"","ocean_breadcrumbs_links_color":"","ocean_breadcrumbs_links_hover_color":"","ocean_display_footer_widgets":"default","ocean_display_footer_bottom":"default","ocean_custom_footer_template":"0","footnotes":""},"class_list":["post-2583","page","type-page","status-publish","hentry","entry","owp-thumbs-layout-horizontal","owp-btn-normal","owp-tabs-layout-horizontal","has-no-thumbnails","has-product-nav"],"_links":{"self":[{"href":"https:\/\/www.elmak.de\/en\/wp-json\/wp\/v2\/pages\/2583","targetHints":{"allow":["GET"]}}],"collection":[{"href":"https:\/\/www.elmak.de\/en\/wp-json\/wp\/v2\/pages"}],"about":[{"href":"https:\/\/www.elmak.de\/en\/wp-json\/wp\/v2\/types\/page"}],"author":[{"embeddable":true,"href":"https:\/\/www.elmak.de\/en\/wp-json\/wp\/v2\/users\/1"}],"replies":[{"embeddable":true,"href":"https:\/\/www.elmak.de\/en\/wp-json\/wp\/v2\/comments?post=2583"}],"version-history":[{"count":25,"href":"https:\/\/www.elmak.de\/en\/wp-json\/wp\/v2\/pages\/2583\/revisions"}],"predecessor-version":[{"id":2750,"href":"https:\/\/www.elmak.de\/en\/wp-json\/wp\/v2\/pages\/2583\/revisions\/2750"}],"wp:attachment":[{"href":"https:\/\/www.elmak.de\/en\/wp-json\/wp\/v2\/media?parent=2583"}],"curies":[{"name":"wp","href":"https:\/\/api.w.org\/{rel}","templated":true}]}}