{"id":1188,"date":"2023-10-18T11:19:14","date_gmt":"2023-10-18T11:19:14","guid":{"rendered":"https:\/\/elmak.de\/?page_id=1188"},"modified":"2026-03-25T13:28:27","modified_gmt":"2026-03-25T13:28:27","slug":"filtration","status":"publish","type":"page","link":"https:\/\/www.elmak.de\/en\/filtration\/","title":{"rendered":"Filtration"},"content":{"rendered":"<div data-elementor-type=\"wp-post\" data-elementor-id=\"1188\" class=\"elementor elementor-1188\" data-elementor-settings=\"{&quot;ha_cmc_init_switcher&quot;:&quot;no&quot;}\">\n\t\t\t\t\t\t<section class=\"elementor-section elementor-top-section elementor-element elementor-element-bu71rau elementor-section-boxed elementor-section-height-default elementor-section-height-default\" data-id=\"bu71rau\" data-element_type=\"section\" data-e-type=\"section\" data-settings=\"{&quot;background_background&quot;:&quot;classic&quot;,&quot;_ha_eqh_enable&quot;:false}\">\n\t\t\t\t\t\t<div class=\"elementor-container elementor-column-gap-default\">\n\t\t\t\t\t<div class=\"elementor-column elementor-col-50 elementor-top-column elementor-element elementor-element-p4b3n7m\" data-id=\"p4b3n7m\" data-element_type=\"column\" data-e-type=\"column\">\n\t\t\t<div class=\"elementor-widget-wrap elementor-element-populated\">\n\t\t\t\t\t\t<div class=\"elementor-element elementor-element-73gt1to areas-box elementor-position-top elementor-widget elementor-widget-image-box\" data-id=\"73gt1to\" data-element_type=\"widget\" data-e-type=\"widget\" data-widget_type=\"image-box.default\">\n\t\t\t\t<div class=\"elementor-widget-container\">\n\t\t\t\t\t<div class=\"elementor-image-box-wrapper\"><figure class=\"elementor-image-box-img\"><a href=\"#\" tabindex=\"-1\"><img fetchpriority=\"high\" decoding=\"async\" width=\"200\" height=\"276\" src=\"https:\/\/www.elmak.de\/wp-content\/uploads\/2023\/10\/FI105-frei-200x276-1.png\" class=\"attachment-full size-full wp-image-1233\" alt=\"\" \/><\/a><\/figure><div class=\"elementor-image-box-content\"><h2 class=\"elementor-image-box-title\"><a href=\"#\">2 Step Deep Bed Filtration<\/a><\/h2><p class=\"elementor-image-box-description\">Particles are the most common culprit for corrosion induced loss of production.\n<br>\nTogether with preventing new corrosion, the removal of remaining rust particles is part of protecting your system.\n<br>\nWe use robust methods, not only to remove particles, but also other contaminants such as oil and bacteria.  Our specialized filter media make it possible to have a very high selectivity where it matters.\n<br>\nThis is done without limiting the main circulation.  Filter maintenance is done with automatic monitoring proving more operational reliability.\n<br><br>\nThis bypass filter with separation &lt;5\u00b5m is in accord with the recommendations of the VDI 6044.<\/p><\/div><\/div>\t\t\t\t<\/div>\n\t\t\t\t<\/div>\n\t\t\t\t\t<\/div>\n\t\t<\/div>\n\t\t\t\t<div class=\"elementor-column elementor-col-50 elementor-top-column elementor-element elementor-element-phobwjz\" data-id=\"phobwjz\" data-element_type=\"column\" data-e-type=\"column\">\n\t\t\t<div class=\"elementor-widget-wrap elementor-element-populated\">\n\t\t\t\t\t\t<div class=\"elementor-element elementor-element-clyq47f areas-box elementor-position-top elementor-widget elementor-widget-image-box\" data-id=\"clyq47f\" data-element_type=\"widget\" data-e-type=\"widget\" data-widget_type=\"image-box.default\">\n\t\t\t\t<div class=\"elementor-widget-container\">\n\t\t\t\t\t<div class=\"elementor-image-box-wrapper\"><figure class=\"elementor-image-box-img\"><a href=\"\/en\/tgs\/\" tabindex=\"-1\"><img decoding=\"async\" width=\"200\" height=\"326\" src=\"https:\/\/www.elmak.de\/wp-content\/uploads\/2024\/11\/AF102-Freigestellt200x-326y.png\" class=\"attachment-full size-full wp-image-1812\" alt=\"\" srcset=\"https:\/\/www.elmak.de\/wp-content\/uploads\/2024\/11\/AF102-Freigestellt200x-326y.png 200w, https:\/\/www.elmak.de\/wp-content\/uploads\/2024\/11\/AF102-Freigestellt200x-326y-184x300.png 184w, https:\/\/www.elmak.de\/wp-content\/uploads\/2024\/11\/AF102-Freigestellt200x-326y-7x12.png 7w\" sizes=\"(max-width: 200px) 100vw, 200px\" \/><\/a><\/figure><div class=\"elementor-image-box-content\"><h2 class=\"elementor-image-box-title\"><a href=\"\/en\/tgs\/\">Island solutions for temperature control units<\/a><\/h2><p class=\"elementor-image-box-description\">When the total filtration of a circuit is too difficult to acheive, why not think smaller?\n<br>\nELMAK supplies island solutions, such as the AF102 models for filtration and collection of Molding water in temperature controlled injection molding.<br><\/p><\/div><\/div>\t\t\t\t<\/div>\n\t\t\t\t<\/div>\n\t\t\t\t\t<\/div>\n\t\t<\/div>\n\t\t\t\t\t<\/div>\n\t\t<\/section>\n\t\t\t\t<section class=\"elementor-section elementor-top-section elementor-element elementor-element-b944ac2 elementor-section-boxed elementor-section-height-default elementor-section-height-default\" data-id=\"b944ac2\" data-element_type=\"section\" data-e-type=\"section\" data-settings=\"{&quot;background_background&quot;:&quot;classic&quot;,&quot;_ha_eqh_enable&quot;:false}\">\n\t\t\t\t\t\t<div class=\"elementor-container elementor-column-gap-default\">\n\t\t\t\t\t<div class=\"elementor-column elementor-col-50 elementor-top-column elementor-element elementor-element-cb408a5\" data-id=\"cb408a5\" data-element_type=\"column\" data-e-type=\"column\">\n\t\t\t<div class=\"elementor-widget-wrap elementor-element-populated\">\n\t\t\t\t\t\t<div class=\"elementor-element elementor-element-7eac2e1 areas-box elementor-position-top elementor-widget elementor-widget-image-box\" data-id=\"7eac2e1\" data-element_type=\"widget\" data-e-type=\"widget\" data-widget_type=\"image-box.default\">\n\t\t\t\t<div class=\"elementor-widget-container\">\n\t\t\t\t\t<div class=\"elementor-image-box-wrapper\"><figure class=\"elementor-image-box-img\"><a href=\"#\" tabindex=\"-1\"><img decoding=\"async\" width=\"400\" height=\"622\" src=\"https:\/\/www.elmak.de\/wp-content\/uploads\/2026\/03\/FX002-400x.png\" class=\"attachment-full size-full wp-image-2855\" alt=\"\" srcset=\"https:\/\/www.elmak.de\/wp-content\/uploads\/2026\/03\/FX002-400x.png 400w, https:\/\/www.elmak.de\/wp-content\/uploads\/2026\/03\/FX002-400x-193x300.png 193w, https:\/\/www.elmak.de\/wp-content\/uploads\/2026\/03\/FX002-400x-8x12.png 8w\" sizes=\"(max-width: 400px) 100vw, 400px\" \/><\/a><\/figure><div class=\"elementor-image-box-content\"><h2 class=\"elementor-image-box-title\"><a href=\"#\">2-Stufen Patronen Filtration<\/a><\/h2><p class=\"elementor-image-box-description\">Particles are the most common culprit for corrosion induced loss of production.\n<br>\nTogether with preventing new corrosion, the removal of remaining rust particles is part of protecting your system.\n<br>\nWe use robust methods, not only to remove particles, but also other contaminants such as oil and bacteria.  Our specialized filter media make it possible to have a very high selectivity where it matters.\n<br>\nThis is done without limiting the main circulation.  Filter maintenance is done with automatic monitoring proving more operational reliability.\n<br><br>\nThis bypass filter with separation &lt;5\u00b5m is in accord with the recommendations of the VDI 6044.<\/p><\/div><\/div>\t\t\t\t<\/div>\n\t\t\t\t<\/div>\n\t\t\t\t\t<\/div>\n\t\t<\/div>\n\t\t\t\t<div class=\"elementor-column elementor-col-50 elementor-top-column elementor-element elementor-element-865b9a6\" data-id=\"865b9a6\" data-element_type=\"column\" data-e-type=\"column\">\n\t\t\t<div class=\"elementor-widget-wrap elementor-element-populated\">\n\t\t\t\t\t\t<div class=\"elementor-element elementor-element-d5de4b7 areas-box elementor-position-top elementor-widget elementor-widget-image-box\" data-id=\"d5de4b7\" data-element_type=\"widget\" data-e-type=\"widget\" data-widget_type=\"image-box.default\">\n\t\t\t\t<div class=\"elementor-widget-container\">\n\t\t\t\t\t<div class=\"elementor-image-box-wrapper\"><figure class=\"elementor-image-box-img\"><a href=\"\/en\/kuehlturm\/\" tabindex=\"-1\"><img loading=\"lazy\" decoding=\"async\" width=\"150\" height=\"150\" src=\"https:\/\/www.elmak.de\/wp-content\/uploads\/2025\/11\/2KT-Merten-frei-150x150y.png\" class=\"attachment-full size-full wp-image-2704\" alt=\"\" srcset=\"https:\/\/www.elmak.de\/wp-content\/uploads\/2025\/11\/2KT-Merten-frei-150x150y.png 150w, https:\/\/www.elmak.de\/wp-content\/uploads\/2025\/11\/2KT-Merten-frei-150x150y-12x12.png 12w, https:\/\/www.elmak.de\/wp-content\/uploads\/2025\/11\/2KT-Merten-frei-150x150y-100x100.png 100w\" sizes=\"(max-width: 150px) 100vw, 150px\" \/><\/a><\/figure><div class=\"elementor-image-box-content\"><h2 class=\"elementor-image-box-title\"><a href=\"\/en\/kuehlturm\/\">Cooling Tower Bypass Filtration<\/a><\/h2><p class=\"elementor-image-box-description\">Bypass-Filtration is widely recognized as an enormous help toward achieving VDI 2047 conformity.\nWe have installed many bypass filtration units in both our own cooling tower systems and those of others.\nCombined with our special filter media and other cooling tower technologies we can help you keep your cooling towers clean and legionella free.\n<\/p><\/div><\/div>\t\t\t\t<\/div>\n\t\t\t\t<\/div>\n\t\t\t\t\t<\/div>\n\t\t<\/div>\n\t\t\t\t\t<\/div>\n\t\t<\/section>\n\t\t\t\t<section class=\"elementor-section elementor-top-section elementor-element elementor-element-0631458 elementor-section-boxed elementor-section-height-default elementor-section-height-default\" data-id=\"0631458\" data-element_type=\"section\" data-e-type=\"section\" data-settings=\"{&quot;background_background&quot;:&quot;classic&quot;,&quot;_ha_eqh_enable&quot;:false}\">\n\t\t\t\t\t\t<div class=\"elementor-container elementor-column-gap-default\">\n\t\t\t\t\t<div class=\"elementor-column elementor-col-50 elementor-top-column elementor-element elementor-element-370d544\" data-id=\"370d544\" data-element_type=\"column\" data-e-type=\"column\">\n\t\t\t<div class=\"elementor-widget-wrap elementor-element-populated\">\n\t\t\t\t\t\t<div class=\"elementor-element elementor-element-ff7ee0f areas-box elementor-widget__width-initial elementor-position-top elementor-widget elementor-widget-image-box\" data-id=\"ff7ee0f\" data-element_type=\"widget\" data-e-type=\"widget\" data-widget_type=\"image-box.default\">\n\t\t\t\t<div class=\"elementor-widget-container\">\n\t\t\t\t\t<div class=\"elementor-image-box-wrapper\"><figure class=\"elementor-image-box-img\"><a href=\"#\" tabindex=\"-1\"><img loading=\"lazy\" decoding=\"async\" width=\"300\" height=\"300\" src=\"https:\/\/www.elmak.de\/wp-content\/uploads\/2025\/10\/FI170-300x300y.png\" class=\"attachment-full size-full wp-image-2426\" alt=\"\" srcset=\"https:\/\/www.elmak.de\/wp-content\/uploads\/2025\/10\/FI170-300x300y.png 300w, https:\/\/www.elmak.de\/wp-content\/uploads\/2025\/10\/FI170-300x300y-150x150.png 150w, https:\/\/www.elmak.de\/wp-content\/uploads\/2025\/10\/FI170-300x300y-12x12.png 12w, https:\/\/www.elmak.de\/wp-content\/uploads\/2025\/10\/FI170-300x300y-100x100.png 100w\" sizes=\"(max-width: 300px) 100vw, 300px\" \/><\/a><\/figure><div class=\"elementor-image-box-content\"><h2 class=\"elementor-image-box-title\"><a href=\"#\">Central Heating Filtration<\/a><\/h2><p class=\"elementor-image-box-description\">The little helper in the fight against cold feet!<br>\n<br>\nMiddle sized central heating systems are generally neglected when it comes to filtration.  This eventually leads to a costly visit to perform a system clean by the heating plumber.  That does not have to be so!\n<br><br>\nUnderfloor heating systems are susceptible to collecting deposits due to their large area and slow flow.  <br><br>Heat pumps need very clean conditions to reach their rated efficiency.\n<br><br>\nWith the FI170 filter, the particles in the plant room can be gradually removed in bypass.  \n<br><br>\nWe can combine these with a cleaning action, so your heating system starts clean and stays clean.... and your feet stay warm.<\/p><\/div><\/div>\t\t\t\t<\/div>\n\t\t\t\t<\/div>\n\t\t\t\t\t<\/div>\n\t\t<\/div>\n\t\t\t\t<div class=\"elementor-column elementor-col-50 elementor-top-column elementor-element elementor-element-94z8gp3\" data-id=\"94z8gp3\" data-element_type=\"column\" data-e-type=\"column\">\n\t\t\t<div class=\"elementor-widget-wrap elementor-element-populated\">\n\t\t\t\t\t\t<div class=\"elementor-element elementor-element-o8y6vue areas-box elementor-position-top elementor-widget elementor-widget-image-box\" data-id=\"o8y6vue\" data-element_type=\"widget\" data-e-type=\"widget\" data-widget_type=\"image-box.default\">\n\t\t\t\t<div class=\"elementor-widget-container\">\n\t\t\t\t\t<div class=\"elementor-image-box-wrapper\"><figure class=\"elementor-image-box-img\"><a href=\"#\" tabindex=\"-1\"><img loading=\"lazy\" decoding=\"async\" width=\"200\" height=\"354\" src=\"https:\/\/www.elmak.de\/wp-content\/uploads\/2023\/10\/Sterilfilter-FreigestelltAlpha200x.png\" class=\"attachment-full size-full wp-image-1237\" alt=\"\" \/><\/a><\/figure><div class=\"elementor-image-box-content\"><h2 class=\"elementor-image-box-title\"><a href=\"#\">Air without germs?<\/a><\/h2><p class=\"elementor-image-box-description\">Bacteria destroy cooling water chemistry and accelerate corrosion.  They do not belong in open tanks.  ELMAK delivers sterile filters for open systems.<br>\nPlease ask us about it.<\/p><\/div><\/div>\t\t\t\t<\/div>\n\t\t\t\t<\/div>\n\t\t\t\t\t<\/div>\n\t\t<\/div>\n\t\t\t\t\t<\/div>\n\t\t<\/section>\n\t\t<div class=\"elementor-element elementor-element-2569427 e-flex e-con-boxed e-con e-parent\" data-id=\"2569427\" data-element_type=\"container\" data-e-type=\"container\" data-settings=\"{&quot;_ha_eqh_enable&quot;:false}\">\n\t\t\t\t\t<div class=\"e-con-inner\">\n\t\t\t\t\t<\/div>\n\t\t\t\t<\/div>\n\t\t\t\t<\/div>","protected":false},"excerpt":{"rendered":"<p>2-Stufen Tiefenfiltration Partikel sind der h\u00e4ufigste \u00dcbelt\u00e4ter bei korrosionsbedingtem Produktionsverlust. Zusammen mit der Vermeidung von erneuter Korrosion, geh\u00f6rt das Auffangen und die Entfernung von Restpartikeln und Rost zum Systemschutz. Wir verwenden robuste Methoden, um nicht nur die Partikel zu entfernen, sondern auch andere kontaminierende Substanzen, wie \u00d6l und Keime. Unsere besonderen Filtermedien erm\u00f6glichen eine sehr [&hellip;]<\/p>","protected":false},"author":1,"featured_media":0,"parent":0,"menu_order":0,"comment_status":"closed","ping_status":"closed","template":"","meta":{"ocean_post_layout":"full-screen","ocean_both_sidebars_style":"","ocean_both_sidebars_content_width":0,"ocean_both_sidebars_sidebars_width":0,"ocean_sidebar":"0","ocean_second_sidebar":"0","ocean_disable_margins":"enable","ocean_add_body_class":"","ocean_shortcode_before_top_bar":"","ocean_shortcode_after_top_bar":"","ocean_shortcode_before_header":"","ocean_shortcode_after_header":"","ocean_has_shortcode":"","ocean_shortcode_after_title":"","ocean_shortcode_before_footer_widgets":"","ocean_shortcode_after_footer_widgets":"","ocean_shortcode_before_footer_bottom":"","ocean_shortcode_after_footer_bottom":"","ocean_display_top_bar":"default","ocean_display_header":"default","ocean_header_style":"","ocean_center_header_left_menu":"0","ocean_custom_header_template":"0","ocean_custom_logo":0,"ocean_custom_retina_logo":0,"ocean_custom_logo_max_width":0,"ocean_custom_logo_tablet_max_width":0,"ocean_custom_logo_mobile_max_width":0,"ocean_custom_logo_max_height":0,"ocean_custom_logo_tablet_max_height":0,"ocean_custom_logo_mobile_max_height":0,"ocean_header_custom_menu":"0","ocean_menu_typo_font_family":"0","ocean_menu_typo_font_subset":"","ocean_menu_typo_font_size":0,"ocean_menu_typo_font_size_tablet":0,"ocean_menu_typo_font_size_mobile":0,"ocean_menu_typo_font_size_unit":"px","ocean_menu_typo_font_weight":"","ocean_menu_typo_font_weight_tablet":"","ocean_menu_typo_font_weight_mobile":"","ocean_menu_typo_transform":"","ocean_menu_typo_transform_tablet":"","ocean_menu_typo_transform_mobile":"","ocean_menu_typo_line_height":0,"ocean_menu_typo_line_height_tablet":0,"ocean_menu_typo_line_height_mobile":0,"ocean_menu_typo_line_height_unit":"","ocean_menu_typo_spacing":0,"ocean_menu_typo_spacing_tablet":0,"ocean_menu_typo_spacing_mobile":0,"ocean_menu_typo_spacing_unit":"","ocean_menu_link_color":"","ocean_menu_link_color_hover":"","ocean_menu_link_color_active":"","ocean_menu_link_background":"","ocean_menu_link_hover_background":"","ocean_menu_link_active_background":"","ocean_menu_social_links_bg":"","ocean_menu_social_hover_links_bg":"","ocean_menu_social_links_color":"","ocean_menu_social_hover_links_color":"","ocean_disable_title":"default","ocean_disable_heading":"default","ocean_post_title":"","ocean_post_subheading":"","ocean_post_title_style":"","ocean_post_title_background_color":"","ocean_post_title_background":0,"ocean_post_title_bg_image_position":"","ocean_post_title_bg_image_attachment":"","ocean_post_title_bg_image_repeat":"","ocean_post_title_bg_image_size":"","ocean_post_title_height":0,"ocean_post_title_bg_overlay":0.5,"ocean_post_title_bg_overlay_color":"","ocean_disable_breadcrumbs":"default","ocean_breadcrumbs_color":"","ocean_breadcrumbs_separator_color":"","ocean_breadcrumbs_links_color":"","ocean_breadcrumbs_links_hover_color":"","ocean_display_footer_widgets":"default","ocean_display_footer_bottom":"default","ocean_custom_footer_template":"0","footnotes":""},"class_list":["post-1188","page","type-page","status-publish","hentry","entry","owp-thumbs-layout-horizontal","owp-btn-normal","owp-tabs-layout-horizontal","has-no-thumbnails","has-product-nav"],"_links":{"self":[{"href":"https:\/\/www.elmak.de\/en\/wp-json\/wp\/v2\/pages\/1188","targetHints":{"allow":["GET"]}}],"collection":[{"href":"https:\/\/www.elmak.de\/en\/wp-json\/wp\/v2\/pages"}],"about":[{"href":"https:\/\/www.elmak.de\/en\/wp-json\/wp\/v2\/types\/page"}],"author":[{"embeddable":true,"href":"https:\/\/www.elmak.de\/en\/wp-json\/wp\/v2\/users\/1"}],"replies":[{"embeddable":true,"href":"https:\/\/www.elmak.de\/en\/wp-json\/wp\/v2\/comments?post=1188"}],"version-history":[{"count":67,"href":"https:\/\/www.elmak.de\/en\/wp-json\/wp\/v2\/pages\/1188\/revisions"}],"predecessor-version":[{"id":2862,"href":"https:\/\/www.elmak.de\/en\/wp-json\/wp\/v2\/pages\/1188\/revisions\/2862"}],"wp:attachment":[{"href":"https:\/\/www.elmak.de\/en\/wp-json\/wp\/v2\/media?parent=1188"}],"curies":[{"name":"wp","href":"https:\/\/api.w.org\/{rel}","templated":true}]}}