{"id":1184,"date":"2023-10-18T12:30:56","date_gmt":"2023-10-18T12:30:56","guid":{"rendered":"https:\/\/elmak.de\/?page_id=1184"},"modified":"2026-03-25T12:04:56","modified_gmt":"2026-03-25T12:04:56","slug":"lavar","status":"publish","type":"page","link":"https:\/\/www.elmak.de\/en\/lavar\/","title":{"rendered":"Sanitizing Building Drinking Water Networks"},"content":{"rendered":"<div data-elementor-type=\"wp-post\" data-elementor-id=\"1184\" class=\"elementor elementor-1184\" data-elementor-settings=\"{&quot;ha_cmc_init_switcher&quot;:&quot;no&quot;}\">\n\t\t\t\t<div class=\"elementor-element elementor-element-be09313 e-flex e-con-boxed e-con e-parent\" data-id=\"be09313\" data-element_type=\"container\" data-e-type=\"container\" data-settings=\"{&quot;_ha_eqh_enable&quot;:false}\">\n\t\t\t\t\t<div class=\"e-con-inner\">\n\t\t\t\t<div class=\"elementor-element elementor-element-f2f1edd elementor-widget elementor-widget-text-editor\" data-id=\"f2f1edd\" data-element_type=\"widget\" data-e-type=\"widget\" data-widget_type=\"text-editor.default\">\n\t\t\t\t<div class=\"elementor-widget-container\">\n\t\t\t\t\t\t\t\t\t<p>Please read our page on <a href=\"https:\/\/www.elmak.de\/en\/trinkwhg\/\">Drinking Water Hygiene<\/a><\/p>\t\t\t\t\t\t\t\t<\/div>\n\t\t\t\t<\/div>\n\t\t\t\t\t<\/div>\n\t\t\t\t<\/div>\n\t\t\t\t<section class=\"elementor-section elementor-top-section elementor-element elementor-element-bu71rau elementor-section-boxed elementor-section-height-default elementor-section-height-default\" data-id=\"bu71rau\" data-element_type=\"section\" data-e-type=\"section\" data-settings=\"{&quot;background_background&quot;:&quot;classic&quot;,&quot;_ha_eqh_enable&quot;:false}\">\n\t\t\t\t\t\t<div class=\"elementor-container elementor-column-gap-default\">\n\t\t\t\t\t<div class=\"elementor-column elementor-col-33 elementor-top-column elementor-element elementor-element-p4b3n7m\" data-id=\"p4b3n7m\" data-element_type=\"column\" data-e-type=\"column\">\n\t\t\t<div class=\"elementor-widget-wrap elementor-element-populated\">\n\t\t\t\t\t\t<div class=\"elementor-element elementor-element-73gt1to areas-box elementor-position-top elementor-widget elementor-widget-image-box\" data-id=\"73gt1to\" data-element_type=\"widget\" data-e-type=\"widget\" data-widget_type=\"image-box.default\">\n\t\t\t\t<div class=\"elementor-widget-container\">\n\t\t\t\t\t<div class=\"elementor-image-box-wrapper\"><figure class=\"elementor-image-box-img\"><a href=\"#\" tabindex=\"-1\"><img fetchpriority=\"high\" decoding=\"async\" width=\"300\" height=\"379\" src=\"https:\/\/www.elmak.de\/wp-content\/uploads\/2023\/10\/Elma-Lavar-300x379-1.png\" class=\"attachment-full size-full wp-image-1538\" alt=\"\" \/><\/a><\/figure><div class=\"elementor-image-box-content\"><h2 class=\"elementor-image-box-title\"><a href=\"#\">ELMA-LAVAR Cleaning System<\/a><\/h2><p class=\"elementor-image-box-description\">Sterilization of building drinking water networks using high temperature is difficult.<br><br>\nThere is an alternative.<br><br>\nThe ELMA-LAVAR System makes in place turbulent movement in a building pipe network, without using chemicals or high temperatures, and all of this without closing the tap.<br><br>\nIt solves issues of stagnation and long residence times in pipes.\nIt makes a daily clean of the pipelines possible, using its own contents, without chemicals.\nThis reaches the furthest parts of the drinking water network leaving them clean and legionella free.<br><br>\nBased on a 2 way tubluence principle, we make it very difficult that any corner of your system stays still for a long time.  That water will be moved, no ifs and no buts - with power!\n<br><br>\nAct decisively and preventatively, so you don't have any issues with the health department!<\/p><\/div><\/div>\t\t\t\t<\/div>\n\t\t\t\t<\/div>\n\t\t\t\t\t<\/div>\n\t\t<\/div>\n\t\t\t\t<div class=\"elementor-column elementor-col-33 elementor-top-column elementor-element elementor-element-866e50d\" data-id=\"866e50d\" data-element_type=\"column\" data-e-type=\"column\">\n\t\t\t<div class=\"elementor-widget-wrap elementor-element-populated\">\n\t\t\t\t\t\t<div class=\"elementor-element elementor-element-2ca2dda areas-box elementor-position-top elementor-widget elementor-widget-image-box\" data-id=\"2ca2dda\" data-element_type=\"widget\" data-e-type=\"widget\" data-widget_type=\"image-box.default\">\n\t\t\t\t<div class=\"elementor-widget-container\">\n\t\t\t\t\t<div class=\"elementor-image-box-wrapper\"><figure class=\"elementor-image-box-img\"><a href=\"#\" tabindex=\"-1\"><img decoding=\"async\" width=\"512\" height=\"512\" src=\"https:\/\/www.elmak.de\/wp-content\/uploads\/2024\/11\/AIImage-BYCE_plate-like.jpg\" class=\"attachment-full size-full wp-image-1879\" alt=\"\" srcset=\"https:\/\/www.elmak.de\/wp-content\/uploads\/2024\/11\/AIImage-BYCE_plate-like.jpg 512w, https:\/\/www.elmak.de\/wp-content\/uploads\/2024\/11\/AIImage-BYCE_plate-like-300x300.jpg 300w, https:\/\/www.elmak.de\/wp-content\/uploads\/2024\/11\/AIImage-BYCE_plate-like-100x100.jpg 100w, https:\/\/www.elmak.de\/wp-content\/uploads\/2024\/11\/AIImage-BYCE_plate-like-150x150.jpg 150w, https:\/\/www.elmak.de\/wp-content\/uploads\/2024\/11\/AIImage-BYCE_plate-like-12x12.jpg 12w\" sizes=\"(max-width: 512px) 100vw, 512px\" \/><\/a><\/figure><div class=\"elementor-image-box-content\"><h2 class=\"elementor-image-box-title\"><a href=\"#\">Legionella result &gt;100 CFU? What can be done?<\/a><\/h2><p class=\"elementor-image-box-description\">Should you already have a positive legionella test and be in the -&gt; Risk analysis-&gt; Rehabilitation measures predicament to fullfill the requirements (e.g. from the Worksheet W 551-2 2022-08 and VDI 6023), we can still help.<br>\n<b>At best, please speach with us after the risk analysis and before you employ a plumber, to avoid costs.<\/b>\n<br><br>\nThe ELMA-LAVAR system can be combined with the known best practice techniques and disinfection and cleaning methods.<br><br>\nImportant - is that that you don't fail a follow up test!\n<br><br>\nHas Legionella been found even after the first follow up test? Let us help you so you don't fail twice!\n<br><br>\nELMA-LAVAR helps that something is done <b>daily <\/b>against legionella, and not a knee jerk reaction.\n<\/p><\/div><\/div>\t\t\t\t<\/div>\n\t\t\t\t<\/div>\n\t\t\t\t\t<\/div>\n\t\t<\/div>\n\t\t\t\t<div class=\"elementor-column elementor-col-33 elementor-top-column elementor-element elementor-element-phobwjz\" data-id=\"phobwjz\" data-element_type=\"column\" data-e-type=\"column\">\n\t\t\t<div class=\"elementor-widget-wrap\">\n\t\t\t\t\t\t\t<\/div>\n\t\t<\/div>\n\t\t\t\t\t<\/div>\n\t\t<\/section>\n\t\t\t\t<\/div>","protected":false},"excerpt":{"rendered":"<p>Lesen sie Bitte unseren Auftsatz \u00fcber Trinkwasserhygiene ELMA-LAVAR Sp\u00fclsystem Sterilisation von Geb\u00e4ude-Trinkwasserleitungsnetzen mit hohen Temperaturen und Chemie ist problematisch. Es gibt ein Alternative. Das ELMA-LAVAR-System erm\u00f6glicht in-situ Wasser-Bewegung in einem Geb\u00e4udewassernetzwerk ohne die Anwendung von Chemie oder \u00dcberhitzung und dies ohne den Wasserhahn zuzudrehen. Es beseitigt Kaltwasserstagnation und verl\u00e4ngerter Aufenthalt. Es erm\u00f6glicht eine t\u00e4gliche Sp\u00fclung [&hellip;]<\/p>","protected":false},"author":1,"featured_media":0,"parent":0,"menu_order":0,"comment_status":"closed","ping_status":"closed","template":"","meta":{"ocean_post_layout":"full-screen","ocean_both_sidebars_style":"","ocean_both_sidebars_content_width":0,"ocean_both_sidebars_sidebars_width":0,"ocean_sidebar":"0","ocean_second_sidebar":"0","ocean_disable_margins":"enable","ocean_add_body_class":"","ocean_shortcode_before_top_bar":"","ocean_shortcode_after_top_bar":"","ocean_shortcode_before_header":"","ocean_shortcode_after_header":"","ocean_has_shortcode":"","ocean_shortcode_after_title":"","ocean_shortcode_before_footer_widgets":"","ocean_shortcode_after_footer_widgets":"","ocean_shortcode_before_footer_bottom":"","ocean_shortcode_after_footer_bottom":"","ocean_display_top_bar":"default","ocean_display_header":"default","ocean_header_style":"","ocean_center_header_left_menu":"0","ocean_custom_header_template":"0","ocean_custom_logo":0,"ocean_custom_retina_logo":0,"ocean_custom_logo_max_width":0,"ocean_custom_logo_tablet_max_width":0,"ocean_custom_logo_mobile_max_width":0,"ocean_custom_logo_max_height":0,"ocean_custom_logo_tablet_max_height":0,"ocean_custom_logo_mobile_max_height":0,"ocean_header_custom_menu":"0","ocean_menu_typo_font_family":"0","ocean_menu_typo_font_subset":"","ocean_menu_typo_font_size":0,"ocean_menu_typo_font_size_tablet":0,"ocean_menu_typo_font_size_mobile":0,"ocean_menu_typo_font_size_unit":"px","ocean_menu_typo_font_weight":"","ocean_menu_typo_font_weight_tablet":"","ocean_menu_typo_font_weight_mobile":"","ocean_menu_typo_transform":"","ocean_menu_typo_transform_tablet":"","ocean_menu_typo_transform_mobile":"","ocean_menu_typo_line_height":0,"ocean_menu_typo_line_height_tablet":0,"ocean_menu_typo_line_height_mobile":0,"ocean_menu_typo_line_height_unit":"","ocean_menu_typo_spacing":0,"ocean_menu_typo_spacing_tablet":0,"ocean_menu_typo_spacing_mobile":0,"ocean_menu_typo_spacing_unit":"","ocean_menu_link_color":"","ocean_menu_link_color_hover":"","ocean_menu_link_color_active":"","ocean_menu_link_background":"","ocean_menu_link_hover_background":"","ocean_menu_link_active_background":"","ocean_menu_social_links_bg":"","ocean_menu_social_hover_links_bg":"","ocean_menu_social_links_color":"","ocean_menu_social_hover_links_color":"","ocean_disable_title":"default","ocean_disable_heading":"default","ocean_post_title":"","ocean_post_subheading":"","ocean_post_title_style":"","ocean_post_title_background_color":"","ocean_post_title_background":0,"ocean_post_title_bg_image_position":"","ocean_post_title_bg_image_attachment":"","ocean_post_title_bg_image_repeat":"","ocean_post_title_bg_image_size":"","ocean_post_title_height":0,"ocean_post_title_bg_overlay":0.5,"ocean_post_title_bg_overlay_color":"","ocean_disable_breadcrumbs":"default","ocean_breadcrumbs_color":"","ocean_breadcrumbs_separator_color":"","ocean_breadcrumbs_links_color":"","ocean_breadcrumbs_links_hover_color":"","ocean_display_footer_widgets":"default","ocean_display_footer_bottom":"default","ocean_custom_footer_template":"0","footnotes":""},"class_list":["post-1184","page","type-page","status-publish","hentry","entry","owp-thumbs-layout-horizontal","owp-btn-normal","owp-tabs-layout-horizontal","has-no-thumbnails","has-product-nav"],"_links":{"self":[{"href":"https:\/\/www.elmak.de\/en\/wp-json\/wp\/v2\/pages\/1184","targetHints":{"allow":["GET"]}}],"collection":[{"href":"https:\/\/www.elmak.de\/en\/wp-json\/wp\/v2\/pages"}],"about":[{"href":"https:\/\/www.elmak.de\/en\/wp-json\/wp\/v2\/types\/page"}],"author":[{"embeddable":true,"href":"https:\/\/www.elmak.de\/en\/wp-json\/wp\/v2\/users\/1"}],"replies":[{"embeddable":true,"href":"https:\/\/www.elmak.de\/en\/wp-json\/wp\/v2\/comments?post=1184"}],"version-history":[{"count":43,"href":"https:\/\/www.elmak.de\/en\/wp-json\/wp\/v2\/pages\/1184\/revisions"}],"predecessor-version":[{"id":2843,"href":"https:\/\/www.elmak.de\/en\/wp-json\/wp\/v2\/pages\/1184\/revisions\/2843"}],"wp:attachment":[{"href":"https:\/\/www.elmak.de\/en\/wp-json\/wp\/v2\/media?parent=1184"}],"curies":[{"name":"wp","href":"https:\/\/api.w.org\/{rel}","templated":true}]}}