{"id":2449,"date":"2025-11-03T09:32:19","date_gmt":"2025-11-03T09:32:19","guid":{"rendered":"https:\/\/www.elmak.de\/?post_type=product&#038;p=2449"},"modified":"2025-11-03T09:32:20","modified_gmt":"2025-11-03T09:32:20","slug":"haertestabilsator-emc-hs60-cp12025","status":"publish","type":"product","link":"https:\/\/www.elmak.de\/de\/product\/haertestabilsator-emc-hs60-cp12025\/","title":{"rendered":"H\u00e4rtestabilsator &#8211; EMC HS60 CP12025"},"content":{"rendered":"<p>EMC HS60 Kanister 25 kg<\/p>\n<p>K\u00fchlturm H\u00e4rtestabilisator und Korrosionschutz.<\/p>\n<p>Kalkschutz f\u00fcr K\u00fchlturme.<\/p>\n<p>EMC HS60 ist die w\u00e4ssrige L\u00f6sung von hochmolekularen organischen Verbindungen zur Kontrolle<br \/>\nvon H\u00e4rteablagerungen und Dispergierung von Ablagerungen in K\u00fchlsystemen mit mittlerer<br \/>\nAnforderung an die H\u00e4rtestabilisierung. Das Produkt ist f\u00fcr solche Systeme bestimmt, die<br \/>\naufgrund ihrer Wasserbilanz nur gering bis mittelm\u00e4\u00dfig eingedickt werden k\u00f6nnen. Bei Einstellung<br \/>\neiner Wasseranalyse mit Ablagerungstendenz wirkt EMC HS60 als Korrosionsinhibitor.<br \/>\n\u00dcbersch\u00fcssige H\u00e4rte in wird in eine lockere, amorphe Struktur \u00fcberf\u00fchrt, so da\u00df harte Ablagerungen<br \/>\nnicht entstehen.<br \/>\nEs wird eine saubere Fahrweise erreicht, die den thermischen Wirkungsgrad verbessert.<br \/>\nEMCHS60 stabilisiert H\u00e4rtebildner und optimiert den W\u00e4rme\u00fcbergang<br \/>\nEMC HS60 dispergiert Ablagerungen im K\u00fchlsystem und verhindert Ablagerungskorrosion<br \/>\nEMC HS60 ist im erh\u00f6hten Temperaturbereich wirksam und zersetzt sich nicht<\/p>\n<p>Mehr Infos in Produktdatenblatt \u2013 Bitte Anfragen.<\/p>\n<p>Preis is mengenbedingt \u2013 Bitte Anfragen.<\/p>\n","protected":false},"excerpt":{"rendered":"<p>EMC HS60 Kanister 25 kg K\u00fchlturm H\u00e4rtestabilisator und Korrosionschutz. Kalkschutz f\u00fcr K\u00fchlturme. EMC HS60 ist die w\u00e4ssrige L\u00f6sung von hochmolekularen organischen Verbindungen zur Kontrolle von H\u00e4rteablagerungen und Dispergierung von Ablagerungen in K\u00fchlsystemen mit mittlerer Anforderung an die H\u00e4rtestabilisierung. Das Produkt ist f\u00fcr solche Systeme bestimmt, die aufgrund ihrer Wasserbilanz nur gering bis mittelm\u00e4\u00dfig eingedickt werden [&hellip;]<\/p>\n","protected":false},"featured_media":2450,"template":"","meta":{"ocean_post_layout":"","ocean_both_sidebars_style":"","ocean_both_sidebars_content_width":0,"ocean_both_sidebars_sidebars_width":0,"ocean_sidebar":"0","ocean_second_sidebar":"0","ocean_disable_margins":"enable","ocean_add_body_class":"","ocean_shortcode_before_top_bar":"","ocean_shortcode_after_top_bar":"","ocean_shortcode_before_header":"","ocean_shortcode_after_header":"","ocean_has_shortcode":"","ocean_shortcode_after_title":"","ocean_shortcode_before_footer_widgets":"","ocean_shortcode_after_footer_widgets":"","ocean_shortcode_before_footer_bottom":"","ocean_shortcode_after_footer_bottom":"","ocean_display_top_bar":"default","ocean_display_header":"default","ocean_header_style":"","ocean_center_header_left_menu":"0","ocean_custom_header_template":"0","ocean_custom_logo":0,"ocean_custom_retina_logo":0,"ocean_custom_logo_max_width":0,"ocean_custom_logo_tablet_max_width":0,"ocean_custom_logo_mobile_max_width":0,"ocean_custom_logo_max_height":0,"ocean_custom_logo_tablet_max_height":0,"ocean_custom_logo_mobile_max_height":0,"ocean_header_custom_menu":"0","ocean_menu_typo_font_family":"0","ocean_menu_typo_font_subset":"","ocean_menu_typo_font_size":0,"ocean_menu_typo_font_size_tablet":0,"ocean_menu_typo_font_size_mobile":0,"ocean_menu_typo_font_size_unit":"px","ocean_menu_typo_font_weight":"","ocean_menu_typo_font_weight_tablet":"","ocean_menu_typo_font_weight_mobile":"","ocean_menu_typo_transform":"","ocean_menu_typo_transform_tablet":"","ocean_menu_typo_transform_mobile":"","ocean_menu_typo_line_height":0,"ocean_menu_typo_line_height_tablet":0,"ocean_menu_typo_line_height_mobile":0,"ocean_menu_typo_line_height_unit":"","ocean_menu_typo_spacing":0,"ocean_menu_typo_spacing_tablet":0,"ocean_menu_typo_spacing_mobile":0,"ocean_menu_typo_spacing_unit":"","ocean_menu_link_color":"","ocean_menu_link_color_hover":"","ocean_menu_link_color_active":"","ocean_menu_link_background":"","ocean_menu_link_hover_background":"","ocean_menu_link_active_background":"","ocean_menu_social_links_bg":"","ocean_menu_social_hover_links_bg":"","ocean_menu_social_links_color":"","ocean_menu_social_hover_links_color":"","ocean_disable_title":"default","ocean_disable_heading":"default","ocean_post_title":"","ocean_post_subheading":"","ocean_post_title_style":"","ocean_post_title_background_color":"","ocean_post_title_background":0,"ocean_post_title_bg_image_position":"","ocean_post_title_bg_image_attachment":"","ocean_post_title_bg_image_repeat":"","ocean_post_title_bg_image_size":"","ocean_post_title_height":0,"ocean_post_title_bg_overlay":0.5,"ocean_post_title_bg_overlay_color":"","ocean_disable_breadcrumbs":"default","ocean_breadcrumbs_color":"","ocean_breadcrumbs_separator_color":"","ocean_breadcrumbs_links_color":"","ocean_breadcrumbs_links_hover_color":"","ocean_display_footer_widgets":"default","ocean_display_footer_bottom":"default","ocean_custom_footer_template":"0"},"product_brand":[],"product_cat":[25],"product_tag":[],"class_list":{"0":"post-2449","1":"product","2":"type-product","3":"status-publish","4":"has-post-thumbnail","6":"product_cat-verbrauchsmaterial","8":"entry","9":"has-media","11":"first","12":"instock","13":"shipping-taxable","14":"purchasable","15":"product-type-simple","16":"has-product-nav","17":"col","18":"span_1_of_3","19":"owp-content-center","20":"owp-thumbs-layout-horizontal","21":"owp-btn-normal","22":"owp-tabs-layout-horizontal","23":"has-no-thumbnails"},"_links":{"self":[{"href":"https:\/\/www.elmak.de\/de\/wp-json\/wp\/v2\/product\/2449","targetHints":{"allow":["GET"]}}],"collection":[{"href":"https:\/\/www.elmak.de\/de\/wp-json\/wp\/v2\/product"}],"about":[{"href":"https:\/\/www.elmak.de\/de\/wp-json\/wp\/v2\/types\/product"}],"version-history":[{"count":1,"href":"https:\/\/www.elmak.de\/de\/wp-json\/wp\/v2\/product\/2449\/revisions"}],"predecessor-version":[{"id":2451,"href":"https:\/\/www.elmak.de\/de\/wp-json\/wp\/v2\/product\/2449\/revisions\/2451"}],"wp:featuredmedia":[{"embeddable":true,"href":"https:\/\/www.elmak.de\/de\/wp-json\/wp\/v2\/media\/2450"}],"wp:attachment":[{"href":"https:\/\/www.elmak.de\/de\/wp-json\/wp\/v2\/media?parent=2449"}],"wp:term":[{"taxonomy":"product_brand","embeddable":true,"href":"https:\/\/www.elmak.de\/de\/wp-json\/wp\/v2\/product_brand?post=2449"},{"taxonomy":"product_cat","embeddable":true,"href":"https:\/\/www.elmak.de\/de\/wp-json\/wp\/v2\/product_cat?post=2449"},{"taxonomy":"product_tag","embeddable":true,"href":"https:\/\/www.elmak.de\/de\/wp-json\/wp\/v2\/product_tag?post=2449"}],"curies":[{"name":"wp","href":"https:\/\/api.w.org\/{rel}","templated":true}]}}