{"id":2336,"date":"2025-10-27T15:32:19","date_gmt":"2025-10-27T15:32:19","guid":{"rendered":"https:\/\/www.elmak.de\/?post_type=product&#038;p=2336"},"modified":"2025-11-03T07:15:38","modified_gmt":"2025-11-03T07:15:38","slug":"emc-mb02-bioclean-breitbandbiozid-cp18425","status":"publish","type":"product","link":"https:\/\/www.elmak.de\/de\/product\/emc-mb02-bioclean-breitbandbiozid-cp18425\/","title":{"rendered":"EMC MB02  BIOCLEAN Breitbandbiozid CP18425"},"content":{"rendered":"<p>EMC MB02 BIOCLEAN Kan. 25 kg Breitbandbioz.Alg.Pilze,Bakter<\/p>\n<p>EMC MB02 ist ein Breitbandbiozid zur Kontrolle von Bakterien, Pilzen und Algen in industriellen<br \/>\nK\u00fchlsystemen, bestehend aus einer L\u00f6sung einer Isothiazolinverbindung.<br \/>\nEMC MB02 wird nach einiger Zeit in nichttoxische Bestandteile abgebaut<br \/>\nEMC MB02 darf nicht in Trinkwassersystemen eingesetzt werden<br \/>\nEMC MB02 enth\u00e4lt keine Schwermetallverbindungen<br \/>\nEMC MB02 wirkt bereits bei niedrigen Konzentrationen<\/p>\n<p>Geeignet f\u00fcr K\u00fchlt\u00fcrme, K\u00fchlwasser.<\/p>\n<p>Mehr Infos in Produktdatenblatt &#8211; Bitte Anfragen.<\/p>\n<p>Preis ist mengenbedingt &#8211; Bitte Anfragen.<\/p>\n","protected":false},"excerpt":{"rendered":"<p>EMC MB02 BIOCLEAN Kan. 25 kg Breitbandbioz.Alg.Pilze,Bakter EMC MB02 ist ein Breitbandbiozid zur Kontrolle von Bakterien, Pilzen und Algen in industriellen K\u00fchlsystemen, bestehend aus einer L\u00f6sung einer Isothiazolinverbindung. EMC MB02 wird nach einiger Zeit in nichttoxische Bestandteile abgebaut EMC MB02 darf nicht in Trinkwassersystemen eingesetzt werden EMC MB02 enth\u00e4lt keine Schwermetallverbindungen EMC MB02 wirkt bereits [&hellip;]<\/p>\n","protected":false},"featured_media":2417,"template":"","meta":{"ocean_post_layout":"","ocean_both_sidebars_style":"","ocean_both_sidebars_content_width":0,"ocean_both_sidebars_sidebars_width":0,"ocean_sidebar":"0","ocean_second_sidebar":"0","ocean_disable_margins":"enable","ocean_add_body_class":"","ocean_shortcode_before_top_bar":"","ocean_shortcode_after_top_bar":"","ocean_shortcode_before_header":"","ocean_shortcode_after_header":"","ocean_has_shortcode":"","ocean_shortcode_after_title":"","ocean_shortcode_before_footer_widgets":"","ocean_shortcode_after_footer_widgets":"","ocean_shortcode_before_footer_bottom":"","ocean_shortcode_after_footer_bottom":"","ocean_display_top_bar":"default","ocean_display_header":"default","ocean_header_style":"","ocean_center_header_left_menu":"0","ocean_custom_header_template":"0","ocean_custom_logo":0,"ocean_custom_retina_logo":0,"ocean_custom_logo_max_width":0,"ocean_custom_logo_tablet_max_width":0,"ocean_custom_logo_mobile_max_width":0,"ocean_custom_logo_max_height":0,"ocean_custom_logo_tablet_max_height":0,"ocean_custom_logo_mobile_max_height":0,"ocean_header_custom_menu":"0","ocean_menu_typo_font_family":"0","ocean_menu_typo_font_subset":"","ocean_menu_typo_font_size":0,"ocean_menu_typo_font_size_tablet":0,"ocean_menu_typo_font_size_mobile":0,"ocean_menu_typo_font_size_unit":"px","ocean_menu_typo_font_weight":"","ocean_menu_typo_font_weight_tablet":"","ocean_menu_typo_font_weight_mobile":"","ocean_menu_typo_transform":"","ocean_menu_typo_transform_tablet":"","ocean_menu_typo_transform_mobile":"","ocean_menu_typo_line_height":0,"ocean_menu_typo_line_height_tablet":0,"ocean_menu_typo_line_height_mobile":0,"ocean_menu_typo_line_height_unit":"","ocean_menu_typo_spacing":0,"ocean_menu_typo_spacing_tablet":0,"ocean_menu_typo_spacing_mobile":0,"ocean_menu_typo_spacing_unit":"","ocean_menu_link_color":"","ocean_menu_link_color_hover":"","ocean_menu_link_color_active":"","ocean_menu_link_background":"","ocean_menu_link_hover_background":"","ocean_menu_link_active_background":"","ocean_menu_social_links_bg":"","ocean_menu_social_hover_links_bg":"","ocean_menu_social_links_color":"","ocean_menu_social_hover_links_color":"","ocean_disable_title":"default","ocean_disable_heading":"default","ocean_post_title":"","ocean_post_subheading":"","ocean_post_title_style":"","ocean_post_title_background_color":"","ocean_post_title_background":0,"ocean_post_title_bg_image_position":"","ocean_post_title_bg_image_attachment":"","ocean_post_title_bg_image_repeat":"","ocean_post_title_bg_image_size":"","ocean_post_title_height":0,"ocean_post_title_bg_overlay":0.5,"ocean_post_title_bg_overlay_color":"","ocean_disable_breadcrumbs":"default","ocean_breadcrumbs_color":"","ocean_breadcrumbs_separator_color":"","ocean_breadcrumbs_links_color":"","ocean_breadcrumbs_links_hover_color":"","ocean_display_footer_widgets":"default","ocean_display_footer_bottom":"default","ocean_custom_footer_template":"0"},"product_brand":[],"product_cat":[25],"product_tag":[],"class_list":{"0":"post-2336","1":"product","2":"type-product","3":"status-publish","4":"has-post-thumbnail","6":"product_cat-verbrauchsmaterial","8":"entry","9":"has-media","11":"first","12":"instock","13":"shipping-taxable","14":"purchasable","15":"product-type-simple","16":"has-product-nav","17":"col","18":"span_1_of_3","19":"owp-content-center","20":"owp-thumbs-layout-horizontal","21":"owp-btn-normal","22":"owp-tabs-layout-horizontal","23":"has-no-thumbnails"},"_links":{"self":[{"href":"https:\/\/www.elmak.de\/de\/wp-json\/wp\/v2\/product\/2336","targetHints":{"allow":["GET"]}}],"collection":[{"href":"https:\/\/www.elmak.de\/de\/wp-json\/wp\/v2\/product"}],"about":[{"href":"https:\/\/www.elmak.de\/de\/wp-json\/wp\/v2\/types\/product"}],"version-history":[{"count":2,"href":"https:\/\/www.elmak.de\/de\/wp-json\/wp\/v2\/product\/2336\/revisions"}],"predecessor-version":[{"id":2366,"href":"https:\/\/www.elmak.de\/de\/wp-json\/wp\/v2\/product\/2336\/revisions\/2366"}],"wp:featuredmedia":[{"embeddable":true,"href":"https:\/\/www.elmak.de\/de\/wp-json\/wp\/v2\/media\/2417"}],"wp:attachment":[{"href":"https:\/\/www.elmak.de\/de\/wp-json\/wp\/v2\/media?parent=2336"}],"wp:term":[{"taxonomy":"product_brand","embeddable":true,"href":"https:\/\/www.elmak.de\/de\/wp-json\/wp\/v2\/product_brand?post=2336"},{"taxonomy":"product_cat","embeddable":true,"href":"https:\/\/www.elmak.de\/de\/wp-json\/wp\/v2\/product_cat?post=2336"},{"taxonomy":"product_tag","embeddable":true,"href":"https:\/\/www.elmak.de\/de\/wp-json\/wp\/v2\/product_tag?post=2336"}],"curies":[{"name":"wp","href":"https:\/\/api.w.org\/{rel}","templated":true}]}}