{"id":2334,"date":"2025-10-27T15:09:53","date_gmt":"2025-10-27T15:09:53","guid":{"rendered":"https:\/\/www.elmak.de\/?post_type=product&#038;p=2334"},"modified":"2025-11-03T06:55:35","modified_gmt":"2025-11-03T06:55:35","slug":"emc-ks19-korrosionsschutzmittel-konzentrat-cp17725","status":"publish","type":"product","link":"https:\/\/www.elmak.de\/de\/product\/emc-ks19-korrosionsschutzmittel-konzentrat-cp17725\/","title":{"rendered":"EMC KS19 Korrosionsschutzmittel -Konzentrat CP17725"},"content":{"rendered":"<p>EMC KS19 Kanister 25 kg alk.Korr.-Schutz herm. Lighter duty<br \/>\nKonzentriert!<\/p>\n<p>1 Kanister dosiert 1500 l Kreislaufwasser.<\/p>\n<p>Das Kreislaufwasser darf problemfrei in der Kanalization abgelassen werden.<\/p>\n<p>Hochtemperaturbest\u00e4ndig bis 350\u00b0C.<\/p>\n<p>EMC KS19 ist eine konzentrierte L\u00f6sung von Stickstoffverbindungen. Sie wird bedarfsabh\u00e4ngig<br \/>\nmit organischen Stabilisatoren und Dispergatoren erg\u00e4nzt, die in Wasser beliebig mischbar<br \/>\nsind. EMC KS19 ist besonders f\u00fcr Mischsysteme geeignet (bei Aluminium:Kupfer allgemein unbedenklich,<br \/>\ndennoch bitte r\u00fcckfragen). Durch eine einfache Testmethode ist die Produktkonzentration<br \/>\nleicht bestimmbar. Der notwendige pH-Wert im System wird mit NaOH bei \u00b1 9,5<br \/>\neingestellt und im laufenden Betrieb kontrolliert.<\/p>\n<p>Geeignet f\u00fcr K\u00fchlwasser, Heizungen, Temperierwasser, Motoren.<\/p>\n<p>Mehr Infos in Produktdatenblatt &#8211; Bitte Anfragen.<\/p>\n<p>Preis is mengenbedingt\u00a0 &#8211; Bitte Anfragen.<\/p>\n","protected":false},"excerpt":{"rendered":"<p>EMC KS19 Kanister 25 kg alk.Korr.-Schutz herm. Lighter duty Konzentriert! 1 Kanister dosiert 1500 l Kreislaufwasser. Das Kreislaufwasser darf problemfrei in der Kanalization abgelassen werden. Hochtemperaturbest\u00e4ndig bis 350\u00b0C. EMC KS19 ist eine konzentrierte L\u00f6sung von Stickstoffverbindungen. Sie wird bedarfsabh\u00e4ngig mit organischen Stabilisatoren und Dispergatoren erg\u00e4nzt, die in Wasser beliebig mischbar sind. EMC KS19 ist besonders [&hellip;]<\/p>\n","protected":false},"featured_media":2414,"template":"","meta":{"ocean_post_layout":"","ocean_both_sidebars_style":"","ocean_both_sidebars_content_width":0,"ocean_both_sidebars_sidebars_width":0,"ocean_sidebar":"0","ocean_second_sidebar":"0","ocean_disable_margins":"enable","ocean_add_body_class":"","ocean_shortcode_before_top_bar":"","ocean_shortcode_after_top_bar":"","ocean_shortcode_before_header":"","ocean_shortcode_after_header":"","ocean_has_shortcode":"","ocean_shortcode_after_title":"","ocean_shortcode_before_footer_widgets":"","ocean_shortcode_after_footer_widgets":"","ocean_shortcode_before_footer_bottom":"","ocean_shortcode_after_footer_bottom":"","ocean_display_top_bar":"default","ocean_display_header":"default","ocean_header_style":"","ocean_center_header_left_menu":"0","ocean_custom_header_template":"0","ocean_custom_logo":0,"ocean_custom_retina_logo":0,"ocean_custom_logo_max_width":0,"ocean_custom_logo_tablet_max_width":0,"ocean_custom_logo_mobile_max_width":0,"ocean_custom_logo_max_height":0,"ocean_custom_logo_tablet_max_height":0,"ocean_custom_logo_mobile_max_height":0,"ocean_header_custom_menu":"0","ocean_menu_typo_font_family":"0","ocean_menu_typo_font_subset":"","ocean_menu_typo_font_size":0,"ocean_menu_typo_font_size_tablet":0,"ocean_menu_typo_font_size_mobile":0,"ocean_menu_typo_font_size_unit":"px","ocean_menu_typo_font_weight":"","ocean_menu_typo_font_weight_tablet":"","ocean_menu_typo_font_weight_mobile":"","ocean_menu_typo_transform":"","ocean_menu_typo_transform_tablet":"","ocean_menu_typo_transform_mobile":"","ocean_menu_typo_line_height":0,"ocean_menu_typo_line_height_tablet":0,"ocean_menu_typo_line_height_mobile":0,"ocean_menu_typo_line_height_unit":"","ocean_menu_typo_spacing":0,"ocean_menu_typo_spacing_tablet":0,"ocean_menu_typo_spacing_mobile":0,"ocean_menu_typo_spacing_unit":"","ocean_menu_link_color":"","ocean_menu_link_color_hover":"","ocean_menu_link_color_active":"","ocean_menu_link_background":"","ocean_menu_link_hover_background":"","ocean_menu_link_active_background":"","ocean_menu_social_links_bg":"","ocean_menu_social_hover_links_bg":"","ocean_menu_social_links_color":"","ocean_menu_social_hover_links_color":"","ocean_disable_title":"default","ocean_disable_heading":"default","ocean_post_title":"","ocean_post_subheading":"","ocean_post_title_style":"","ocean_post_title_background_color":"","ocean_post_title_background":0,"ocean_post_title_bg_image_position":"","ocean_post_title_bg_image_attachment":"","ocean_post_title_bg_image_repeat":"","ocean_post_title_bg_image_size":"","ocean_post_title_height":0,"ocean_post_title_bg_overlay":0.5,"ocean_post_title_bg_overlay_color":"","ocean_disable_breadcrumbs":"default","ocean_breadcrumbs_color":"","ocean_breadcrumbs_separator_color":"","ocean_breadcrumbs_links_color":"","ocean_breadcrumbs_links_hover_color":"","ocean_display_footer_widgets":"default","ocean_display_footer_bottom":"default","ocean_custom_footer_template":"0"},"product_brand":[],"product_cat":[25],"product_tag":[],"class_list":{"0":"post-2334","1":"product","2":"type-product","3":"status-publish","4":"has-post-thumbnail","6":"product_cat-verbrauchsmaterial","8":"entry","9":"has-media","11":"first","12":"instock","13":"shipping-taxable","14":"purchasable","15":"product-type-simple","16":"has-product-nav","17":"col","18":"span_1_of_3","19":"owp-content-center","20":"owp-thumbs-layout-horizontal","21":"owp-btn-normal","22":"owp-tabs-layout-horizontal","23":"has-no-thumbnails"},"_links":{"self":[{"href":"https:\/\/www.elmak.de\/de\/wp-json\/wp\/v2\/product\/2334","targetHints":{"allow":["GET"]}}],"collection":[{"href":"https:\/\/www.elmak.de\/de\/wp-json\/wp\/v2\/product"}],"about":[{"href":"https:\/\/www.elmak.de\/de\/wp-json\/wp\/v2\/types\/product"}],"version-history":[{"count":3,"href":"https:\/\/www.elmak.de\/de\/wp-json\/wp\/v2\/product\/2334\/revisions"}],"predecessor-version":[{"id":2399,"href":"https:\/\/www.elmak.de\/de\/wp-json\/wp\/v2\/product\/2334\/revisions\/2399"}],"wp:featuredmedia":[{"embeddable":true,"href":"https:\/\/www.elmak.de\/de\/wp-json\/wp\/v2\/media\/2414"}],"wp:attachment":[{"href":"https:\/\/www.elmak.de\/de\/wp-json\/wp\/v2\/media?parent=2334"}],"wp:term":[{"taxonomy":"product_brand","embeddable":true,"href":"https:\/\/www.elmak.de\/de\/wp-json\/wp\/v2\/product_brand?post=2334"},{"taxonomy":"product_cat","embeddable":true,"href":"https:\/\/www.elmak.de\/de\/wp-json\/wp\/v2\/product_cat?post=2334"},{"taxonomy":"product_tag","embeddable":true,"href":"https:\/\/www.elmak.de\/de\/wp-json\/wp\/v2\/product_tag?post=2334"}],"curies":[{"name":"wp","href":"https:\/\/api.w.org\/{rel}","templated":true}]}}