{"id":360,"date":"2016-11-03T17:59:05","date_gmt":"2016-11-03T17:59:05","guid":{"rendered":"http:\/\/lawyer2.mythemecloud.io\/?page_id=360"},"modified":"2025-10-06T06:35:34","modified_gmt":"2025-10-06T06:35:34","slug":"impressum","status":"publish","type":"page","link":"https:\/\/www.elmak.de\/de\/impressum\/","title":{"rendered":"Impressum"},"content":{"rendered":"\t\t<div data-elementor-type=\"wp-post\" data-elementor-id=\"360\" class=\"elementor elementor-360\" data-elementor-settings=\"{&quot;ha_cmc_init_switcher&quot;:&quot;no&quot;}\">\n\t\t\t\t<div class=\"elementor-element elementor-element-02c1fbc e-flex e-con-boxed e-con e-parent\" data-id=\"02c1fbc\" data-element_type=\"container\" data-e-type=\"container\" data-settings=\"{&quot;_ha_eqh_enable&quot;:false}\">\n\t\t\t\t\t<div class=\"e-con-inner\">\n\t\t\t\t<div class=\"elementor-element elementor-element-e54fe16 elementor-widget elementor-widget-heading\" data-id=\"e54fe16\" data-element_type=\"widget\" data-e-type=\"widget\" data-widget_type=\"heading.default\">\n\t\t\t\t<div class=\"elementor-widget-container\">\n\t\t\t\t\t<h2 class=\"elementor-heading-title elementor-size-default\">Impressum<\/h2>\t\t\t\t<\/div>\n\t\t\t\t<\/div>\n\t\t\t\t\t<\/div>\n\t\t\t\t<\/div>\n\t\t<div class=\"elementor-element elementor-element-c596488 e-flex e-con-boxed e-con e-parent\" data-id=\"c596488\" data-element_type=\"container\" data-e-type=\"container\" data-settings=\"{&quot;_ha_eqh_enable&quot;:false}\">\n\t\t\t\t\t<div class=\"e-con-inner\">\n\t\t\t\t<div class=\"elementor-element elementor-element-d472b23 elementor-widget elementor-widget-text-editor\" data-id=\"d472b23\" data-element_type=\"widget\" data-e-type=\"widget\" data-widget_type=\"text-editor.default\">\n\t\t\t\t<div class=\"elementor-widget-container\">\n\t\t\t\t\t\t\t\t\t<p><strong>Anschrift:<\/strong><br \/>ELMAK-Wassertechnik GmbH<br \/>Scheiderh\u00f6her Stra\u00dfe 30-38<br \/>D-53797 Lohmar <br \/>Telefon:\u00a0\u00a0\u00a0 +49 2246 &#8211; 94 94 566<br \/>Telefax:\u00a0\u00a0\u00a0 +49 2246 &#8211; 94 94 568<\/p><p><strong>Internet:<\/strong><br \/>www.elmak.de<br \/>eMail:<br \/>info-at-elmak.de<\/p><p>Gesch\u00e4ftsf\u00fchrer: <br \/>Jens Pannenborg<\/p><p>Ust-Id-Nr.: DE182634482<br \/>HRB 4727 Siegburg<\/p><p>Standort: Lohmar<\/p><p><strong>Datenschutz:<\/strong><br \/>Die ELMAK- Wassertechnik GmbH\u00a0 nimmt den Schutz Ihrer pers\u00f6nlichen Daten sehr ernst und h\u00e4lt sich strikt an die Regeln des Bundesdatenschutzgesetzes. Die nachfolgende Erkl\u00e4rung gibt Ihnen einen \u00dcberblick dar\u00fcber, wie wir diesen Schutz gew\u00e4hrleisten und welche Art von Daten zu welchem Zweck erhoben werden. <br \/>Die Elmak Wassertechnik GmbH\u00a0 speichert automatisch in ihren Server Log Files Informationen, die Ihr Browser an uns \u00fcbermittelt. Dies sind:<br \/>&#8211; Browsertyp\/ -version<br \/>&#8211; verwendetes Betriebssystem<br \/>&#8211; Referer URL (die zuvor besuchte Seite)<br \/>&#8211; aufgerufene URL<br \/>&#8211; abgerufene Dateien<br \/>&#8211; Hostname des zugreifenden Rechners (IP Adresse)<br \/>&#8211; Uhrzeit der Serveranfrage<br \/>Diese Daten dienen nur statistischen Zwecken.<\/p><p>Gem\u00e4\u00df BDSG ist die Erhebung, Verarbeitung und Nutzung personenbezogener Daten nur zul\u00e4ssig, soweit dieses Gesetz dies erlaubt oder der Betroffene (Kunde) eingewilligt hat.<br \/>Wir ben\u00f6tigen die von Ihnen in den Formularen erfragten Daten zum Zweck der Bearbeitung Ihrer Anfragen.<\/p><p><strong>Copyright:<\/strong><br \/>Die Inhalte von www.elmak.de sind urheberrechtlich gesch\u00fctzt. Sie d\u00fcrfen nur zu privaten Zwecken in den Arbeitsspeicher und einmalig in einen anderen Speicher (Festplatte) geladen werden. Die sonstige Verwendung der Texte und Abbildungen, auch auszugsweise, ist ohne die schriftliche Zustimmung der Elmak Wassertechnik GmbH\u00a0 urheberrechtswidrig und strafbar.<br \/>In den vorliegenden Inhalten werden Marken und gesch\u00e4ftliche Bezeichnungen verwendet; auch wenn diese nicht als solche gekennzeichnet sind, gelten die entsprechenden Schutzbestimmungen. <br \/>Der Inhalt von www.elmak.de ist ausschlie\u00dflich zu Informationszwecken bestimmt.<\/p><p><strong>Linkdisclaimer:<\/strong><br \/>Die ELMAK- Wassertechnik GmbH ist nicht verantwortlich f\u00fcr die Inhalte externer Internetseiten.<br \/>Bei direkten oder indirekten Verweisen auf fremde Internetseiten (&#8222;Links&#8220;), die au\u00dferhalb des Verantwortungsbereiches der Elmak Wassertechnik GmbH liegen, tritt eine Haftungsverpflichtung ausschlie\u00dflich in dem Fall ein, in dem die Elmak Wassertechnik GmbH von den fremden Inhalten Kenntnis hat und es ihr technisch m\u00f6glich und zumutbar w\u00e4re, die Nutzung im Falle rechtwidriger Inhalte zu verhindern.<br \/>Die Elmak Wassertechnik GmbH erkl\u00e4rt hiermit ausdr\u00fccklich, dass zum Zeitpunkt der Linksetzung die entsprechenden verlinkten Seiten frei von illegalen Inhalten waren. Auf die aktuelle und zuk\u00fcnftige Gestaltung, die Inhalte oder die Urheberschaft der gelinkten\/verkn\u00fcpften Seiten hat die Elmak Wassertechnik GmbH keinerlei Einfluss. Sie distanziert sich daher ausdr\u00fccklich von allen Inhalten aller gelinkten\/verkn\u00fcpften Seiten, die nach der Linksetzung ver\u00e4ndert wurden.<br \/>Diese Feststellung gilt f\u00fcr alle innerhalb des eigenen Internetangebotes gesetzten Links und Verweise. F\u00fcr illegale, fehlerhafte oder unvollst\u00e4ndige Inhalte und insbesondere f\u00fcr Sch\u00e4den, die aus der Nutzung oder Nichtnutzung solcher Art dargebotener Informationen entstehen, haftet allein der Anbieter der Seite, auf welche verwiesen wurde.<\/p>\t\t\t\t\t\t\t\t<\/div>\n\t\t\t\t<\/div>\n\t\t\t\t\t<\/div>\n\t\t\t\t<\/div>\n\t\t\t\t<\/div>\n\t\t","protected":false},"excerpt":{"rendered":"<p>Impressum Anschrift:ELMAK-Wassertechnik GmbHScheiderh\u00f6her Stra\u00dfe 30-38D-53797 Lohmar Telefon:\u00a0\u00a0\u00a0 +49 2246 &#8211; 94 94 566Telefax:\u00a0\u00a0\u00a0 +49 2246 &#8211; 94 94 568 Internet:www.elmak.deeMail:info-at-elmak.de Gesch\u00e4ftsf\u00fchrer: Jens Pannenborg Ust-Id-Nr.: DE182634482HRB 4727 Siegburg Standort: Lohmar Datenschutz:Die ELMAK- Wassertechnik GmbH\u00a0 nimmt den Schutz Ihrer pers\u00f6nlichen Daten sehr ernst und h\u00e4lt sich strikt an die Regeln des Bundesdatenschutzgesetzes. Die nachfolgende Erkl\u00e4rung gibt Ihnen [&hellip;]<\/p>\n","protected":false},"author":1,"featured_media":0,"parent":0,"menu_order":0,"comment_status":"closed","ping_status":"closed","template":"","meta":{"ocean_post_layout":"full-screen","ocean_both_sidebars_style":"","ocean_both_sidebars_content_width":0,"ocean_both_sidebars_sidebars_width":0,"ocean_sidebar":"","ocean_second_sidebar":"","ocean_disable_margins":"on","ocean_add_body_class":"","ocean_shortcode_before_top_bar":"","ocean_shortcode_after_top_bar":"","ocean_shortcode_before_header":"","ocean_shortcode_after_header":"","ocean_has_shortcode":"","ocean_shortcode_after_title":"","ocean_shortcode_before_footer_widgets":"","ocean_shortcode_after_footer_widgets":"","ocean_shortcode_before_footer_bottom":"","ocean_shortcode_after_footer_bottom":"","ocean_display_top_bar":"default","ocean_display_header":"default","ocean_header_style":"","ocean_center_header_left_menu":"","ocean_custom_header_template":"","ocean_custom_logo":0,"ocean_custom_retina_logo":0,"ocean_custom_logo_max_width":0,"ocean_custom_logo_tablet_max_width":0,"ocean_custom_logo_mobile_max_width":0,"ocean_custom_logo_max_height":0,"ocean_custom_logo_tablet_max_height":0,"ocean_custom_logo_mobile_max_height":0,"ocean_header_custom_menu":"","ocean_menu_typo_font_family":"","ocean_menu_typo_font_subset":"","ocean_menu_typo_font_size":0,"ocean_menu_typo_font_size_tablet":0,"ocean_menu_typo_font_size_mobile":0,"ocean_menu_typo_font_size_unit":"px","ocean_menu_typo_font_weight":"","ocean_menu_typo_font_weight_tablet":"","ocean_menu_typo_font_weight_mobile":"","ocean_menu_typo_transform":"","ocean_menu_typo_transform_tablet":"","ocean_menu_typo_transform_mobile":"","ocean_menu_typo_line_height":0,"ocean_menu_typo_line_height_tablet":0,"ocean_menu_typo_line_height_mobile":0,"ocean_menu_typo_line_height_unit":"","ocean_menu_typo_spacing":0,"ocean_menu_typo_spacing_tablet":0,"ocean_menu_typo_spacing_mobile":0,"ocean_menu_typo_spacing_unit":"","ocean_menu_link_color":"","ocean_menu_link_color_hover":"","ocean_menu_link_color_active":"","ocean_menu_link_background":"","ocean_menu_link_hover_background":"","ocean_menu_link_active_background":"","ocean_menu_social_links_bg":"","ocean_menu_social_hover_links_bg":"","ocean_menu_social_links_color":"","ocean_menu_social_hover_links_color":"","ocean_disable_title":"default","ocean_disable_heading":"default","ocean_post_title":"","ocean_post_subheading":"","ocean_post_title_style":"","ocean_post_title_background_color":"","ocean_post_title_background":0,"ocean_post_title_bg_image_position":"","ocean_post_title_bg_image_attachment":"","ocean_post_title_bg_image_repeat":"","ocean_post_title_bg_image_size":"","ocean_post_title_height":0,"ocean_post_title_bg_overlay":0.5,"ocean_post_title_bg_overlay_color":"","ocean_disable_breadcrumbs":"default","ocean_breadcrumbs_color":"","ocean_breadcrumbs_separator_color":"","ocean_breadcrumbs_links_color":"","ocean_breadcrumbs_links_hover_color":"","ocean_display_footer_widgets":"default","ocean_display_footer_bottom":"default","ocean_custom_footer_template":"","footnotes":""},"class_list":["post-360","page","type-page","status-publish","hentry","entry","owp-thumbs-layout-horizontal","owp-btn-normal","owp-tabs-layout-horizontal","has-no-thumbnails","has-product-nav"],"_links":{"self":[{"href":"https:\/\/www.elmak.de\/de\/wp-json\/wp\/v2\/pages\/360","targetHints":{"allow":["GET"]}}],"collection":[{"href":"https:\/\/www.elmak.de\/de\/wp-json\/wp\/v2\/pages"}],"about":[{"href":"https:\/\/www.elmak.de\/de\/wp-json\/wp\/v2\/types\/page"}],"author":[{"embeddable":true,"href":"https:\/\/www.elmak.de\/de\/wp-json\/wp\/v2\/users\/1"}],"replies":[{"embeddable":true,"href":"https:\/\/www.elmak.de\/de\/wp-json\/wp\/v2\/comments?post=360"}],"version-history":[{"count":12,"href":"https:\/\/www.elmak.de\/de\/wp-json\/wp\/v2\/pages\/360\/revisions"}],"predecessor-version":[{"id":2147,"href":"https:\/\/www.elmak.de\/de\/wp-json\/wp\/v2\/pages\/360\/revisions\/2147"}],"wp:attachment":[{"href":"https:\/\/www.elmak.de\/de\/wp-json\/wp\/v2\/media?parent=360"}],"curies":[{"name":"wp","href":"https:\/\/api.w.org\/{rel}","templated":true}]}}