{"id":339,"date":"2016-11-03T17:37:59","date_gmt":"2016-11-03T17:37:59","guid":{"rendered":"http:\/\/lawyer2.mythemecloud.io\/?page_id=339"},"modified":"2026-03-23T18:33:57","modified_gmt":"2026-03-23T18:33:57","slug":"legionellenschutz","status":"publish","type":"page","link":"https:\/\/www.elmak.de\/de\/legionellenschutz\/","title":{"rendered":"Legionellenschutz"},"content":{"rendered":"\t\t<div data-elementor-type=\"wp-post\" data-elementor-id=\"339\" class=\"elementor elementor-339\" data-elementor-settings=\"{&quot;ha_cmc_init_switcher&quot;:&quot;no&quot;}\">\n\t\t\t\t<div class=\"elementor-element elementor-element-6fd20a1 e-flex e-con-boxed e-con e-parent\" data-id=\"6fd20a1\" data-element_type=\"container\" data-e-type=\"container\" data-settings=\"{&quot;_ha_eqh_enable&quot;:false}\">\n\t\t\t\t\t<div class=\"e-con-inner\">\n\t\t\t\t<div class=\"elementor-element elementor-element-ed2ef70 elementor-widget-divider--view-line elementor-widget elementor-widget-divider\" data-id=\"ed2ef70\" data-element_type=\"widget\" data-e-type=\"widget\" data-widget_type=\"divider.default\">\n\t\t\t\t<div class=\"elementor-widget-container\">\n\t\t\t\t\t\t\t<div class=\"elementor-divider\">\n\t\t\t<span class=\"elementor-divider-separator\">\n\t\t\t\t\t\t<\/span>\n\t\t<\/div>\n\t\t\t\t\t\t<\/div>\n\t\t\t\t<\/div>\n\t\t\t\t<div class=\"elementor-element elementor-element-a1bd6c5 elementor-widget elementor-widget-heading\" data-id=\"a1bd6c5\" data-element_type=\"widget\" data-e-type=\"widget\" data-widget_type=\"heading.default\">\n\t\t\t\t<div class=\"elementor-widget-container\">\n\t\t\t\t\t<h2 class=\"elementor-heading-title elementor-size-default\">in Geb\u00e4ude Trinkwassernetze - ELMA-LAVAR Technologie<\/h2>\t\t\t\t<\/div>\n\t\t\t\t<\/div>\n\t\t\t\t\t<\/div>\n\t\t\t\t<\/div>\n\t\t<div class=\"elementor-element elementor-element-761da26 e-flex e-con-boxed e-con e-parent\" data-id=\"761da26\" data-element_type=\"container\" data-e-type=\"container\" data-settings=\"{&quot;_ha_eqh_enable&quot;:false}\">\n\t\t\t\t\t<div class=\"e-con-inner\">\n\t\t<div class=\"elementor-element elementor-element-10734b5 e-con-full e-flex e-con e-child\" data-id=\"10734b5\" data-element_type=\"container\" data-e-type=\"container\" data-settings=\"{&quot;_ha_eqh_enable&quot;:false}\">\n\t\t\t\t<div class=\"elementor-element elementor-element-5b92cfd elementor-widget elementor-widget-text-editor\" data-id=\"5b92cfd\" data-element_type=\"widget\" data-e-type=\"widget\" data-widget_type=\"text-editor.default\">\n\t\t\t\t<div class=\"elementor-widget-container\">\n\t\t\t\t\t\t\t\t\t<p>Siehe :<\/p><p><a href=\"\/trinkwhg\">Trinkwasserhygiene<\/a><\/p>\t\t\t\t\t\t\t\t<\/div>\n\t\t\t\t<\/div>\n\t\t\t\t<\/div>\n\t\t<div class=\"elementor-element elementor-element-44946bd e-con-full e-flex e-con e-child\" data-id=\"44946bd\" data-element_type=\"container\" data-e-type=\"container\" data-settings=\"{&quot;_ha_eqh_enable&quot;:false}\">\n\t\t\t\t<\/div>\n\t\t\t\t\t<\/div>\n\t\t\t\t<\/div>\n\t\t<div class=\"elementor-element elementor-element-c8a6c7a e-flex e-con-boxed e-con e-parent\" data-id=\"c8a6c7a\" data-element_type=\"container\" data-e-type=\"container\" data-settings=\"{&quot;_ha_eqh_enable&quot;:false}\">\n\t\t\t\t\t<div class=\"e-con-inner\">\n\t\t\t\t<div class=\"elementor-element elementor-element-55eec3f elementor-widget elementor-widget-heading\" data-id=\"55eec3f\" data-element_type=\"widget\" data-e-type=\"widget\" data-widget_type=\"heading.default\">\n\t\t\t\t<div class=\"elementor-widget-container\">\n\t\t\t\t\t<h2 class=\"elementor-heading-title elementor-size-default\">in K\u00fchlturmanlagen<\/h2>\t\t\t\t<\/div>\n\t\t\t\t<\/div>\n\t\t\t\t\t<\/div>\n\t\t\t\t<\/div>\n\t\t<div class=\"elementor-element elementor-element-0cf2b52 e-flex e-con-boxed e-con e-parent\" data-id=\"0cf2b52\" data-element_type=\"container\" data-e-type=\"container\" data-settings=\"{&quot;_ha_eqh_enable&quot;:false}\">\n\t\t\t\t\t<div class=\"e-con-inner\">\n\t\t<div class=\"elementor-element elementor-element-a37a21e e-con-full e-flex e-con e-child\" data-id=\"a37a21e\" data-element_type=\"container\" data-e-type=\"container\" data-settings=\"{&quot;_ha_eqh_enable&quot;:false}\">\n\t\t\t\t<div class=\"elementor-element elementor-element-09b0d45 elementor-widget elementor-widget-text-editor\" data-id=\"09b0d45\" data-element_type=\"widget\" data-e-type=\"widget\" data-widget_type=\"text-editor.default\">\n\t\t\t\t<div class=\"elementor-widget-container\">\n\t\t\t\t\t\t\t\t\t<p>Unsere Grunds\u00e4tze sind einfach und praktisch:<\/p><p>&#8211; Wasserbilanz richtig halten &#8211; kein Kalk, kein s\u00e4sonale Schwankungen &#8211; kein Lebensraum f\u00fcr Legionella&#8230;<strong>durch ELMAK Watermaster<\/strong><\/p><p>&#8211; optimierten Chemie f\u00fcr maximale Wirkung&#8230;..<strong>durch ELMAK Chemie<\/strong><\/p><p>-halte das Wasser so sauber wie eine Schwimmbad&#8230;<strong>durch ELMAK K\u00fchlturmanlagen<\/strong><\/p><p>Rechts: ELMAK Watermaster &#8211; MP Wasser Ein- und Ausf\u00fchrung<\/p><p>Rechts: Nach 8 Jahre mit Elmak &#8211; sauber K\u00fchlturmwanne<img fetchpriority=\"high\" decoding=\"async\" class=\"wp-image-1079 size-full\" src=\"https:\/\/elmak.de\/wp-content\/uploads\/2023\/10\/KT-Modul-300x451y.jpg\" alt=\"\" width=\"300\" height=\"451\" \/><\/p><p>ELMAK K\u00fchlturmmodule &#8211; alles drin f\u00fcr sauberen K\u00fchlturmbetrieb. VDI 2047 Konformit\u00e4t erleichtert.<\/p>\t\t\t\t\t\t\t\t<\/div>\n\t\t\t\t<\/div>\n\t\t\t\t<\/div>\n\t\t<div class=\"elementor-element elementor-element-fe14d0a e-con-full e-flex e-con e-child\" data-id=\"fe14d0a\" data-element_type=\"container\" data-e-type=\"container\" data-settings=\"{&quot;_ha_eqh_enable&quot;:false}\">\n\t\t<div class=\"elementor-element elementor-element-63addb6 e-flex e-con-boxed e-con e-child\" data-id=\"63addb6\" data-element_type=\"container\" data-e-type=\"container\" data-settings=\"{&quot;_ha_eqh_enable&quot;:false}\">\n\t\t\t\t\t<div class=\"e-con-inner\">\n\t\t\t\t<div class=\"elementor-element elementor-element-c926013 elementor-widget elementor-widget-image\" data-id=\"c926013\" data-element_type=\"widget\" data-e-type=\"widget\" data-widget_type=\"image.default\">\n\t\t\t\t<div class=\"elementor-widget-container\">\n\t\t\t\t\t\t\t\t\t\t\t\t\t\t\t<img decoding=\"async\" width=\"180\" height=\"652\" src=\"https:\/\/www.elmak.de\/wp-content\/uploads\/2023\/10\/WaterMasterT-180x652y.png\" class=\"attachment-large size-large wp-image-924\" alt=\"\" \/>\t\t\t\t\t\t\t\t\t\t\t\t\t\t\t<\/div>\n\t\t\t\t<\/div>\n\t\t\t\t\t<\/div>\n\t\t\t\t<\/div>\n\t\t<div class=\"elementor-element elementor-element-377a3a9 e-flex e-con-boxed e-con e-child\" data-id=\"377a3a9\" data-element_type=\"container\" data-e-type=\"container\" data-settings=\"{&quot;_ha_eqh_enable&quot;:false}\">\n\t\t\t\t\t<div class=\"e-con-inner\">\n\t\t\t\t<div class=\"elementor-element elementor-element-f07cd96 elementor-widget elementor-widget-image\" data-id=\"f07cd96\" data-element_type=\"widget\" data-e-type=\"widget\" data-widget_type=\"image.default\">\n\t\t\t\t<div class=\"elementor-widget-container\">\n\t\t\t\t\t\t\t\t\t\t\t\t\t\t\t<img decoding=\"async\" width=\"300\" height=\"225\" src=\"https:\/\/www.elmak.de\/wp-content\/uploads\/2023\/10\/KTINside-EJot-300x225y.jpg\" class=\"attachment-large size-large wp-image-1080\" alt=\"\" \/>\t\t\t\t\t\t\t\t\t\t\t\t\t\t\t<\/div>\n\t\t\t\t<\/div>\n\t\t\t\t\t<\/div>\n\t\t\t\t<\/div>\n\t\t\t\t<\/div>\n\t\t\t\t\t<\/div>\n\t\t\t\t<\/div>\n\t\t\t\t<\/div>\n\t\t","protected":false},"excerpt":{"rendered":"<p>in Geb\u00e4ude Trinkwassernetze &#8211; ELMA-LAVAR Technologie Siehe : Trinkwasserhygiene in K\u00fchlturmanlagen Unsere Grunds\u00e4tze sind einfach und praktisch: &#8211; Wasserbilanz richtig halten &#8211; kein Kalk, kein s\u00e4sonale Schwankungen &#8211; kein Lebensraum f\u00fcr Legionella&#8230;durch ELMAK Watermaster &#8211; optimierten Chemie f\u00fcr maximale Wirkung&#8230;..durch ELMAK Chemie -halte das Wasser so sauber wie eine Schwimmbad&#8230;durch ELMAK K\u00fchlturmanlagen Rechts: ELMAK Watermaster [&hellip;]<\/p>\n","protected":false},"author":1,"featured_media":0,"parent":0,"menu_order":0,"comment_status":"closed","ping_status":"closed","template":"","meta":{"ocean_post_layout":"full-screen","ocean_both_sidebars_style":"","ocean_both_sidebars_content_width":0,"ocean_both_sidebars_sidebars_width":0,"ocean_sidebar":"0","ocean_second_sidebar":"0","ocean_disable_margins":"enable","ocean_add_body_class":"","ocean_shortcode_before_top_bar":"","ocean_shortcode_after_top_bar":"","ocean_shortcode_before_header":"","ocean_shortcode_after_header":"","ocean_has_shortcode":"","ocean_shortcode_after_title":"","ocean_shortcode_before_footer_widgets":"","ocean_shortcode_after_footer_widgets":"","ocean_shortcode_before_footer_bottom":"","ocean_shortcode_after_footer_bottom":"","ocean_display_top_bar":"default","ocean_display_header":"default","ocean_header_style":"","ocean_center_header_left_menu":"0","ocean_custom_header_template":"0","ocean_custom_logo":0,"ocean_custom_retina_logo":0,"ocean_custom_logo_max_width":0,"ocean_custom_logo_tablet_max_width":0,"ocean_custom_logo_mobile_max_width":0,"ocean_custom_logo_max_height":0,"ocean_custom_logo_tablet_max_height":0,"ocean_custom_logo_mobile_max_height":0,"ocean_header_custom_menu":"0","ocean_menu_typo_font_family":"0","ocean_menu_typo_font_subset":"","ocean_menu_typo_font_size":0,"ocean_menu_typo_font_size_tablet":0,"ocean_menu_typo_font_size_mobile":0,"ocean_menu_typo_font_size_unit":"px","ocean_menu_typo_font_weight":"","ocean_menu_typo_font_weight_tablet":"","ocean_menu_typo_font_weight_mobile":"","ocean_menu_typo_transform":"","ocean_menu_typo_transform_tablet":"","ocean_menu_typo_transform_mobile":"","ocean_menu_typo_line_height":0,"ocean_menu_typo_line_height_tablet":0,"ocean_menu_typo_line_height_mobile":0,"ocean_menu_typo_line_height_unit":"","ocean_menu_typo_spacing":0,"ocean_menu_typo_spacing_tablet":0,"ocean_menu_typo_spacing_mobile":0,"ocean_menu_typo_spacing_unit":"","ocean_menu_link_color":"","ocean_menu_link_color_hover":"","ocean_menu_link_color_active":"","ocean_menu_link_background":"","ocean_menu_link_hover_background":"","ocean_menu_link_active_background":"","ocean_menu_social_links_bg":"","ocean_menu_social_hover_links_bg":"","ocean_menu_social_links_color":"","ocean_menu_social_hover_links_color":"","ocean_disable_title":"default","ocean_disable_heading":"default","ocean_post_title":"","ocean_post_subheading":"","ocean_post_title_style":"","ocean_post_title_background_color":"","ocean_post_title_background":0,"ocean_post_title_bg_image_position":"","ocean_post_title_bg_image_attachment":"","ocean_post_title_bg_image_repeat":"","ocean_post_title_bg_image_size":"","ocean_post_title_height":0,"ocean_post_title_bg_overlay":0.5,"ocean_post_title_bg_overlay_color":"","ocean_disable_breadcrumbs":"default","ocean_breadcrumbs_color":"","ocean_breadcrumbs_separator_color":"","ocean_breadcrumbs_links_color":"","ocean_breadcrumbs_links_hover_color":"","ocean_display_footer_widgets":"default","ocean_display_footer_bottom":"default","ocean_custom_footer_template":"0","footnotes":""},"class_list":["post-339","page","type-page","status-publish","hentry","entry","owp-thumbs-layout-horizontal","owp-btn-normal","owp-tabs-layout-horizontal","has-no-thumbnails","has-product-nav"],"_links":{"self":[{"href":"https:\/\/www.elmak.de\/de\/wp-json\/wp\/v2\/pages\/339","targetHints":{"allow":["GET"]}}],"collection":[{"href":"https:\/\/www.elmak.de\/de\/wp-json\/wp\/v2\/pages"}],"about":[{"href":"https:\/\/www.elmak.de\/de\/wp-json\/wp\/v2\/types\/page"}],"author":[{"embeddable":true,"href":"https:\/\/www.elmak.de\/de\/wp-json\/wp\/v2\/users\/1"}],"replies":[{"embeddable":true,"href":"https:\/\/www.elmak.de\/de\/wp-json\/wp\/v2\/comments?post=339"}],"version-history":[{"count":64,"href":"https:\/\/www.elmak.de\/de\/wp-json\/wp\/v2\/pages\/339\/revisions"}],"predecessor-version":[{"id":2840,"href":"https:\/\/www.elmak.de\/de\/wp-json\/wp\/v2\/pages\/339\/revisions\/2840"}],"wp:attachment":[{"href":"https:\/\/www.elmak.de\/de\/wp-json\/wp\/v2\/media?parent=339"}],"curies":[{"name":"wp","href":"https:\/\/api.w.org\/{rel}","templated":true}]}}