{"id":294,"date":"2016-11-03T16:50:09","date_gmt":"2016-11-03T16:50:09","guid":{"rendered":"http:\/\/lawyer2.mythemecloud.io\/?page_id=294"},"modified":"2026-02-04T13:37:35","modified_gmt":"2026-02-04T13:37:35","slug":"korrosionsschutz","status":"publish","type":"page","link":"https:\/\/www.elmak.de\/de\/korrosionsschutz\/","title":{"rendered":"Korrosionsschutz"},"content":{"rendered":"\t\t<div data-elementor-type=\"wp-post\" data-elementor-id=\"294\" class=\"elementor elementor-294\" data-elementor-settings=\"{&quot;ha_cmc_init_switcher&quot;:&quot;no&quot;}\">\n\t\t\t\t\t\t<section class=\"elementor-section elementor-top-section elementor-element elementor-element-bu71rau elementor-section-boxed elementor-section-height-default elementor-section-height-default\" data-id=\"bu71rau\" data-element_type=\"section\" data-e-type=\"section\" data-settings=\"{&quot;background_background&quot;:&quot;classic&quot;,&quot;_ha_eqh_enable&quot;:false}\">\n\t\t\t\t\t\t<div class=\"elementor-container elementor-column-gap-default\">\n\t\t\t\t\t<div class=\"elementor-column elementor-col-33 elementor-top-column elementor-element elementor-element-p4b3n7m\" data-id=\"p4b3n7m\" data-element_type=\"column\" data-e-type=\"column\">\n\t\t\t<div class=\"elementor-widget-wrap elementor-element-populated\">\n\t\t\t\t\t\t<div class=\"elementor-element elementor-element-73gt1to areas-box elementor-position-top elementor-widget elementor-widget-image-box\" data-id=\"73gt1to\" data-element_type=\"widget\" data-e-type=\"widget\" data-widget_type=\"image-box.default\">\n\t\t\t\t<div class=\"elementor-widget-container\">\n\t\t\t\t\t<div class=\"elementor-image-box-wrapper\"><figure class=\"elementor-image-box-img\"><a href=\"#\" tabindex=\"-1\"><img fetchpriority=\"high\" decoding=\"async\" width=\"300\" height=\"408\" src=\"https:\/\/www.elmak.de\/wp-content\/uploads\/2023\/10\/AF12BB03b-300x408-1.jpg\" class=\"attachment-full size-full wp-image-1088\" alt=\"\" \/><\/a><\/figure><div class=\"elementor-image-box-content\"><h2 class=\"elementor-image-box-title\"><a href=\"#\">Hochtemperierung<\/a><\/h2><p class=\"elementor-image-box-description\">Hitzebest\u00e4ndigkeit und hochreine Systeme sind mit ELMAK-Korrosionsschutz machbar.  Unsere Rezepturen bleiben intakt, selbst im Hochtemperierungsbereich \u00fcber 100\u00b0C.<br><br><\/p><\/div><\/div>\t\t\t\t<\/div>\n\t\t\t\t<\/div>\n\t\t\t\t<div class=\"elementor-element elementor-element-mudrmeq areas-box elementor-position-top elementor-widget elementor-widget-image-box\" data-id=\"mudrmeq\" data-element_type=\"widget\" data-e-type=\"widget\" data-widget_type=\"image-box.default\">\n\t\t\t\t<div class=\"elementor-widget-container\">\n\t\t\t\t\t<div class=\"elementor-image-box-wrapper\"><figure class=\"elementor-image-box-img\"><a href=\"#\" tabindex=\"-1\"><img decoding=\"async\" width=\"300\" height=\"199\" src=\"https:\/\/www.elmak.de\/wp-content\/uploads\/2023\/10\/Heizung300x199y.jpg\" class=\"attachment-full size-full wp-image-1093\" alt=\"\" \/><\/a><\/figure><div class=\"elementor-image-box-content\"><h2 class=\"elementor-image-box-title\"><a href=\"#\">Geb\u00e4udetechnik<\/a><\/h2><p class=\"elementor-image-box-description\">Heizung oder Klimatisierung - egal welche W\u00e4rmeerzeuger oder W\u00e4rmeabgabemethoden Sie nutzen - ELMAK-Korrosionsschutz ist da, um Ihre Investition zu sch\u00fctzen.<br><br><br><br><br><br><br><\/p><\/div><\/div>\t\t\t\t<\/div>\n\t\t\t\t<\/div>\n\t\t\t\t\t<\/div>\n\t\t<\/div>\n\t\t\t\t<div class=\"elementor-column elementor-col-33 elementor-top-column elementor-element elementor-element-94z8gp3\" data-id=\"94z8gp3\" data-element_type=\"column\" data-e-type=\"column\">\n\t\t\t<div class=\"elementor-widget-wrap elementor-element-populated\">\n\t\t\t\t\t\t<div class=\"elementor-element elementor-element-o8y6vue areas-box elementor-position-top elementor-widget elementor-widget-image-box\" data-id=\"o8y6vue\" data-element_type=\"widget\" data-e-type=\"widget\" data-widget_type=\"image-box.default\">\n\t\t\t\t<div class=\"elementor-widget-container\">\n\t\t\t\t\t<div class=\"elementor-image-box-wrapper\"><figure class=\"elementor-image-box-img\"><a href=\"#\" tabindex=\"-1\"><img decoding=\"async\" width=\"300\" height=\"408\" src=\"https:\/\/www.elmak.de\/wp-content\/uploads\/2023\/10\/WAT-sauber-300x408-2.png\" class=\"attachment-full size-full wp-image-1094\" alt=\"\" \/><\/a><\/figure><div class=\"elementor-image-box-content\"><h2 class=\"elementor-image-box-title\"><a href=\"#\">K\u00fchlwasser<\/a><\/h2><p class=\"elementor-image-box-description\">K\u00fchlwasser ist f\u00fcr viele Produktionsmethoden notwendig f\u00fcr Effizienz und Profit.  Durch ELMAK- Korrosionsschutz werden Zykluszeiten reduziert, Investitionen in Produktionsanlagen gesch\u00fctzt und Produktverlust minimiert.  Es funktioniert einfach.<\/p><\/div><\/div>\t\t\t\t<\/div>\n\t\t\t\t<\/div>\n\t\t\t\t<div class=\"elementor-element elementor-element-osow2h8 areas-box elementor-position-top elementor-widget elementor-widget-image-box\" data-id=\"osow2h8\" data-element_type=\"widget\" data-e-type=\"widget\" data-widget_type=\"image-box.default\">\n\t\t\t\t<div class=\"elementor-widget-container\">\n\t\t\t\t\t<div class=\"elementor-image-box-wrapper\"><figure class=\"elementor-image-box-img\"><a href=\"#\" tabindex=\"-1\"><img loading=\"lazy\" decoding=\"async\" width=\"299\" height=\"199\" src=\"https:\/\/www.elmak.de\/wp-content\/uploads\/2023\/10\/Windrad-300x199y.jpg\" class=\"attachment-full size-full wp-image-1092\" alt=\"\" \/><\/a><\/figure><div class=\"elementor-image-box-content\"><h2 class=\"elementor-image-box-title\"><a href=\"#\">Stromerzeuger, W\u00e4rmeerzeuger<\/a><\/h2><p class=\"elementor-image-box-description\">Transformatoren brauchen korrosionsfreies K\u00fchlwasser, genauso wie  Blockheizkraftwerke, Dieselgeneratoren, Biogasanlagen oder Offshore-Plattformen.<br>ELMAK-Korrosionschutz eignet sich f\u00fcr alle Anwendungen dieser Art.<br><br><br><br><br><br>\n\n<\/p><\/div><\/div>\t\t\t\t<\/div>\n\t\t\t\t<\/div>\n\t\t\t\t\t<\/div>\n\t\t<\/div>\n\t\t\t\t<div class=\"elementor-column elementor-col-33 elementor-top-column elementor-element elementor-element-phobwjz\" data-id=\"phobwjz\" data-element_type=\"column\" data-e-type=\"column\">\n\t\t\t<div class=\"elementor-widget-wrap elementor-element-populated\">\n\t\t\t\t\t\t<div class=\"elementor-element elementor-element-clyq47f areas-box elementor-position-top elementor-widget elementor-widget-image-box\" data-id=\"clyq47f\" data-element_type=\"widget\" data-e-type=\"widget\" data-widget_type=\"image-box.default\">\n\t\t\t\t<div class=\"elementor-widget-container\">\n\t\t\t\t\t<div class=\"elementor-image-box-wrapper\"><figure class=\"elementor-image-box-img\"><a href=\"#\" tabindex=\"-1\"><img loading=\"lazy\" decoding=\"async\" width=\"300\" height=\"408\" src=\"https:\/\/www.elmak.de\/wp-content\/uploads\/2023\/10\/Kaltemaschine300x-408y.png\" class=\"attachment-full size-full wp-image-1089\" alt=\"\" \/><\/a><\/figure><div class=\"elementor-image-box-content\"><h2 class=\"elementor-image-box-title\"><a href=\"#\">Kaltwasser<\/a><\/h2><p class=\"elementor-image-box-description\">Tieftemperierung f\u00fcr anspruchsvolle Formen ben\u00f6tigt hochreines Wasser, das absolut korrosionsfrei ist.  ELMAK-Korrosionsschutz ist f\u00fcr diesen Anwendungsbereich perfekt.<br><br><\/p><\/div><\/div>\t\t\t\t<\/div>\n\t\t\t\t<\/div>\n\t\t\t\t<div class=\"elementor-element elementor-element-2b61a10 areas-box elementor-position-top elementor-widget elementor-widget-image-box\" data-id=\"2b61a10\" data-element_type=\"widget\" data-e-type=\"widget\" data-widget_type=\"image-box.default\">\n\t\t\t\t<div class=\"elementor-widget-container\">\n\t\t\t\t\t<div class=\"elementor-image-box-wrapper\"><figure class=\"elementor-image-box-img\"><a href=\"#\" tabindex=\"-1\"><img loading=\"lazy\" decoding=\"async\" width=\"200\" height=\"326\" src=\"https:\/\/www.elmak.de\/wp-content\/uploads\/2024\/11\/AF102-Freigestellt200x-326y.png\" class=\"attachment-full size-full wp-image-1812\" alt=\"\" srcset=\"https:\/\/www.elmak.de\/wp-content\/uploads\/2024\/11\/AF102-Freigestellt200x-326y.png 200w, https:\/\/www.elmak.de\/wp-content\/uploads\/2024\/11\/AF102-Freigestellt200x-326y-184x300.png 184w, https:\/\/www.elmak.de\/wp-content\/uploads\/2024\/11\/AF102-Freigestellt200x-326y-7x12.png 7w\" sizes=\"(max-width: 200px) 100vw, 200px\" \/><\/a><\/figure><div class=\"elementor-image-box-content\"><h2 class=\"elementor-image-box-title\"><a href=\"#\">Werkzeugreinigung<\/a><\/h2><p class=\"elementor-image-box-description\">ELMAK FR102, kombiniert mit EMC KALLOX Reinigungschemie, reinigt Kunststoffspritzguss Formwerkzeuge K\u00fchlkanale \"while you sleep\" ohne Pumpe und ohne metallfressende S\u00e4uren und Hitze.\nEnergieeffizienz und erh\u00f6hte Arbeitssicherheit mit intelligent \u00dcberwachung.<\/p><\/div><\/div>\t\t\t\t<\/div>\n\t\t\t\t<\/div>\n\t\t\t\t\t<\/div>\n\t\t<\/div>\n\t\t\t\t\t<\/div>\n\t\t<\/section>\n\t\t\t\t<\/div>\n\t\t","protected":false},"excerpt":{"rendered":"<p>Hochtemperierung Hitzebest\u00e4ndigkeit und hochreine Systeme sind mit ELMAK-Korrosionsschutz machbar. Unsere Rezepturen bleiben intakt, selbst im Hochtemperierungsbereich \u00fcber 100\u00b0C. Geb\u00e4udetechnik Heizung oder Klimatisierung &#8211; egal welche W\u00e4rmeerzeuger oder W\u00e4rmeabgabemethoden Sie nutzen &#8211; ELMAK-Korrosionsschutz ist da, um Ihre Investition zu sch\u00fctzen. K\u00fchlwasser K\u00fchlwasser ist f\u00fcr viele Produktionsmethoden notwendig f\u00fcr Effizienz und Profit. Durch ELMAK- Korrosionsschutz werden Zykluszeiten [&hellip;]<\/p>\n","protected":false},"author":1,"featured_media":0,"parent":0,"menu_order":0,"comment_status":"closed","ping_status":"closed","template":"","meta":{"ocean_post_layout":"full-screen","ocean_both_sidebars_style":"","ocean_both_sidebars_content_width":0,"ocean_both_sidebars_sidebars_width":0,"ocean_sidebar":"0","ocean_second_sidebar":"0","ocean_disable_margins":"enable","ocean_add_body_class":"","ocean_shortcode_before_top_bar":"","ocean_shortcode_after_top_bar":"","ocean_shortcode_before_header":"","ocean_shortcode_after_header":"","ocean_has_shortcode":"","ocean_shortcode_after_title":"","ocean_shortcode_before_footer_widgets":"","ocean_shortcode_after_footer_widgets":"","ocean_shortcode_before_footer_bottom":"","ocean_shortcode_after_footer_bottom":"","ocean_display_top_bar":"default","ocean_display_header":"default","ocean_header_style":"","ocean_center_header_left_menu":"0","ocean_custom_header_template":"0","ocean_custom_logo":0,"ocean_custom_retina_logo":0,"ocean_custom_logo_max_width":0,"ocean_custom_logo_tablet_max_width":0,"ocean_custom_logo_mobile_max_width":0,"ocean_custom_logo_max_height":0,"ocean_custom_logo_tablet_max_height":0,"ocean_custom_logo_mobile_max_height":0,"ocean_header_custom_menu":"0","ocean_menu_typo_font_family":"0","ocean_menu_typo_font_subset":"","ocean_menu_typo_font_size":0,"ocean_menu_typo_font_size_tablet":0,"ocean_menu_typo_font_size_mobile":0,"ocean_menu_typo_font_size_unit":"px","ocean_menu_typo_font_weight":"","ocean_menu_typo_font_weight_tablet":"","ocean_menu_typo_font_weight_mobile":"","ocean_menu_typo_transform":"","ocean_menu_typo_transform_tablet":"","ocean_menu_typo_transform_mobile":"","ocean_menu_typo_line_height":0,"ocean_menu_typo_line_height_tablet":0,"ocean_menu_typo_line_height_mobile":0,"ocean_menu_typo_line_height_unit":"","ocean_menu_typo_spacing":0,"ocean_menu_typo_spacing_tablet":0,"ocean_menu_typo_spacing_mobile":0,"ocean_menu_typo_spacing_unit":"","ocean_menu_link_color":"","ocean_menu_link_color_hover":"","ocean_menu_link_color_active":"","ocean_menu_link_background":"","ocean_menu_link_hover_background":"","ocean_menu_link_active_background":"","ocean_menu_social_links_bg":"","ocean_menu_social_hover_links_bg":"","ocean_menu_social_links_color":"","ocean_menu_social_hover_links_color":"","ocean_disable_title":"default","ocean_disable_heading":"default","ocean_post_title":"","ocean_post_subheading":"","ocean_post_title_style":"","ocean_post_title_background_color":"","ocean_post_title_background":0,"ocean_post_title_bg_image_position":"","ocean_post_title_bg_image_attachment":"","ocean_post_title_bg_image_repeat":"","ocean_post_title_bg_image_size":"","ocean_post_title_height":0,"ocean_post_title_bg_overlay":0.5,"ocean_post_title_bg_overlay_color":"","ocean_disable_breadcrumbs":"default","ocean_breadcrumbs_color":"","ocean_breadcrumbs_separator_color":"","ocean_breadcrumbs_links_color":"","ocean_breadcrumbs_links_hover_color":"","ocean_display_footer_widgets":"default","ocean_display_footer_bottom":"default","ocean_custom_footer_template":"0","footnotes":""},"class_list":["post-294","page","type-page","status-publish","hentry","entry","owp-thumbs-layout-horizontal","owp-btn-normal","owp-tabs-layout-horizontal","has-no-thumbnails","has-product-nav"],"_links":{"self":[{"href":"https:\/\/www.elmak.de\/de\/wp-json\/wp\/v2\/pages\/294","targetHints":{"allow":["GET"]}}],"collection":[{"href":"https:\/\/www.elmak.de\/de\/wp-json\/wp\/v2\/pages"}],"about":[{"href":"https:\/\/www.elmak.de\/de\/wp-json\/wp\/v2\/types\/page"}],"author":[{"embeddable":true,"href":"https:\/\/www.elmak.de\/de\/wp-json\/wp\/v2\/users\/1"}],"replies":[{"embeddable":true,"href":"https:\/\/www.elmak.de\/de\/wp-json\/wp\/v2\/comments?post=294"}],"version-history":[{"count":61,"href":"https:\/\/www.elmak.de\/de\/wp-json\/wp\/v2\/pages\/294\/revisions"}],"predecessor-version":[{"id":2793,"href":"https:\/\/www.elmak.de\/de\/wp-json\/wp\/v2\/pages\/294\/revisions\/2793"}],"wp:attachment":[{"href":"https:\/\/www.elmak.de\/de\/wp-json\/wp\/v2\/media?parent=294"}],"curies":[{"name":"wp","href":"https:\/\/api.w.org\/{rel}","templated":true}]}}