{"id":2654,"date":"2025-11-12T11:49:47","date_gmt":"2025-11-12T11:49:47","guid":{"rendered":"https:\/\/www.elmak.de\/?page_id=2654"},"modified":"2025-11-12T15:06:21","modified_gmt":"2025-11-12T15:06:21","slug":"kw-wa","status":"publish","type":"page","link":"https:\/\/www.elmak.de\/de\/kw-wa\/","title":{"rendered":"K\u00fchlwasser Wasseraufbereitung und Korrosionsschutz"},"content":{"rendered":"\t\t<div data-elementor-type=\"wp-post\" data-elementor-id=\"2654\" class=\"elementor elementor-2654\" data-elementor-settings=\"{&quot;ha_cmc_init_switcher&quot;:&quot;no&quot;}\">\n\t\t\t\t<div class=\"elementor-element elementor-element-0cf2b52 e-flex e-con-boxed e-con e-parent\" data-id=\"0cf2b52\" data-element_type=\"container\" data-e-type=\"container\" data-settings=\"{&quot;_ha_eqh_enable&quot;:false}\">\n\t\t\t\t\t<div class=\"e-con-inner\">\n\t\t<div class=\"elementor-element elementor-element-a37a21e e-con-full e-flex e-con e-child\" data-id=\"a37a21e\" data-element_type=\"container\" data-e-type=\"container\" data-settings=\"{&quot;_ha_eqh_enable&quot;:false}\">\n\t\t\t\t<div class=\"elementor-element elementor-element-09b0d45 elementor-widget elementor-widget-text-editor\" data-id=\"09b0d45\" data-element_type=\"widget\" data-e-type=\"widget\" data-widget_type=\"text-editor.default\">\n\t\t\t\t<div class=\"elementor-widget-container\">\n\t\t\t\t\t\t\t\t\t<p>Hochleistungsf\u00e4hige K\u00fchl- und Temperiersysteme m\u00fcssen folgende Eigenschaften aufweisen:<\/p><ul><li>\u00a0Geringer Gehalt an sch\u00e4dlichen Salzen (siehe unsere Seite zur <a href=\"\/wa-tech\">Wasseraufbereitungstechnik<\/a>)<\/li><li>Geringer Gehalt an gel\u00f6sten Gasen (siehe unsere Seite zu <a href=\"\/entgaser\/entgasung\">Entgaser<\/a>)<\/li><li>Keine Partikel &gt; 5 \u00b5m, manchmal sogar 1 \u00b5m (siehe unsere Seite zur <a href=\"\/filtration\">Filtration<\/a>)<\/li><li>F\u00e4higkeit, Korrosion durch sofortige Passivierung von Metalloberfl\u00e4chen zu verhindern<\/li><li>Eine nahezu sterile Umgebung aufrechterhalten, um bakterienbedingte Korrosion zu verhindern<\/li><li>\u00a0Einen pH-Wert aufrechterhalten, der f\u00fcr Bakterien ung\u00fcnstig ist und die Metallkorrosion verlangsamt bzw. stoppt.<\/li><li>Den Korrosionsschutz von gek\u00fchltem Wasser bis hin zu Hochtemperaturwasser \u00fcber 100 \u00b0C und mehr aufrechterhalten.<\/li><\/ul><p>Wir unterscheiden uns bewusst von einigen Ansichten in der Branche, dass die Entfernung von Sauerstoff alle Probleme l\u00f6st. Auch wenn diese Idee in einige Normen in Deutschland Eingang gefunden hat, entspricht sie nicht der allgemeinen Welt-Auffassung zur Korrosionsvermeidung. Dar\u00fcber hinaus sind einige Technologien zur Entfernung von Sauerstoff mit Risiken im Produktionskontext behaftet, wo bereits ein einziger Tag, an dem das System gewartet werden muss, zur Freisetzung sch\u00e4dlicher Ionen und zu schneller Korrosion f\u00fchren kann.\u00a0 Au\u00dferdem halten wir die Kosten f\u00fcr die Wartung solcher Systeme f\u00fcr zu hoch, als dass sie f\u00fcr Hersteller praktikabel w\u00e4ren. Korrosion ist ein viel komplexeres Thema.<\/p><p>Aus diesem Grund basieren unsere Korrosionsschutzchemikalien haupts\u00e4chlich auf stark anodischen, alkalischen Typen, die gegen\u00fcber geringen Sauerstoffkonzentrationen, die bei der allgemeinen Nutzung und Wartung von Wassersystemen auftreten, tolerant sind und dar\u00fcber hinaus die F\u00e4higkeit besitzen, Oberfl\u00e4chen, die ihren Schutz verloren haben, sofort zu passivieren und zu sch\u00fctzen.\u00a0 Wir setzen sie sowohl in hermetischen als auch in offenen Systemen erfolgreich ein. Diese Methoden haben sich \u00fcber Jahrzehnte bew\u00e4hrt und verursachen weitaus geringere Betriebskosten als andere auf dem Markt erh\u00e4ltliche Methoden.<\/p><p>Wir produzieren auch:<\/p><ul><li>Formreinigungsl\u00f6sungen gegen Kalk und \u00d6l.<\/li><li>Systemreinigungs-Chemie f\u00fcr K\u00fchlwassersysteme und K\u00fchlturme.<\/li><li>Kalkschutz f\u00fcr K\u00fchlturme.<\/li><li>Speziell Rezepturen f\u00fcr Sonderf\u00e4lle.<\/li><li>Enth\u00e4rtung, Entsalzung und Dosierungstechnik.<\/li><li>Alles um Wasser f\u00fcr korrosionsfreien Betrieb einzustellen<\/li><\/ul><p>Unsere Hauptprodukte:<\/p><ul><li>EMC KS20 \u2013 unser starkes anodisches, alkalisches Korrosionsschutzmittel \u2013 hochkonzentriert, hochtemperaturstabil \u2013 ideal f\u00fcr alle Zwecke. Besonders f\u00fcr die Hochtemperierung geeignet.<\/li><li>EMC KS19 \u2013 gleiche Kernqualit\u00e4ten wie KS20, nur mit einer anderen Konzentration, um nach der Dosierung in das System unterschiedliche regulatorische Ziele zu erreichen<\/li><li>EMC KS21 \u2013 gleiche Kernqualit\u00e4ten wie KS20, jedoch mit zus\u00e4tzlichen Dispergiermitteln, um die Selbstreinigung st\u00e4rker verschmutzter Kreisl\u00e4ufe zu unterst\u00fctzen<\/li><li>EMC MB02 \u2013 unser Biozid zur Verwendung in K\u00fchlt\u00fcrmen und K\u00fchlkreisl\u00e4ufen<\/li><li>EMC KS66 \u2013 unser Additiv zur Verbesserung des Kupferschutzes<\/li><li>Natronlauge in Konzentrationen von 10 und 45 % \u2013 zur Regulierung des pH-Werts<\/li><li>EMC 37 \u00d6ltrans \u2013 unsere Reinigungsl\u00f6sung f\u00fcr die Reinigung von ge\u00f6lten Kreisl\u00e4ufen und solchen mit extremer biologischer Verunreinigung<\/li><li>EMC HS60 \u2013 unser Kalkstabilisator f\u00fcr K\u00fchlturmwasser<\/li><\/ul>\t\t\t\t\t\t\t\t<\/div>\n\t\t\t\t<\/div>\n\t\t\t\t<\/div>\n\t\t<div class=\"elementor-element elementor-element-fe14d0a e-con-full e-flex e-con e-child\" data-id=\"fe14d0a\" data-element_type=\"container\" data-e-type=\"container\" data-settings=\"{&quot;_ha_eqh_enable&quot;:false}\">\n\t\t<div class=\"elementor-element elementor-element-63addb6 e-flex e-con-boxed e-con e-child\" data-id=\"63addb6\" data-element_type=\"container\" data-e-type=\"container\" data-settings=\"{&quot;_ha_eqh_enable&quot;:false}\">\n\t\t\t\t\t<div class=\"e-con-inner\">\n\t\t\t\t<div class=\"elementor-element elementor-element-c926013 elementor-widget elementor-widget-image\" data-id=\"c926013\" data-element_type=\"widget\" data-e-type=\"widget\" data-widget_type=\"image.default\">\n\t\t\t\t<div class=\"elementor-widget-container\">\n\t\t\t\t\t\t\t\t\t\t\t\t\t\t\t<img fetchpriority=\"high\" decoding=\"async\" width=\"200\" height=\"283\" src=\"https:\/\/www.elmak.de\/wp-content\/uploads\/2023\/10\/ks20-u-cleanform-200x.png\" class=\"attachment-large size-large wp-image-1123\" alt=\"\" \/>\t\t\t\t\t\t\t\t\t\t\t\t\t\t\t<\/div>\n\t\t\t\t<\/div>\n\t\t\t\t\t<\/div>\n\t\t\t\t<\/div>\n\t\t\t\t<\/div>\n\t\t\t\t\t<\/div>\n\t\t\t\t<\/div>\n\t\t\t\t<\/div>\n\t\t","protected":false},"excerpt":{"rendered":"<p>Hochleistungsf\u00e4hige K\u00fchl- und Temperiersysteme m\u00fcssen folgende Eigenschaften aufweisen: \u00a0Geringer Gehalt an sch\u00e4dlichen Salzen (siehe unsere Seite zur Wasseraufbereitungstechnik) Geringer Gehalt an gel\u00f6sten Gasen (siehe unsere Seite zu Entgaser) Keine Partikel &gt; 5 \u00b5m, manchmal sogar 1 \u00b5m (siehe unsere Seite zur Filtration) F\u00e4higkeit, Korrosion durch sofortige Passivierung von Metalloberfl\u00e4chen zu verhindern Eine nahezu sterile Umgebung [&hellip;]<\/p>\n","protected":false},"author":1,"featured_media":0,"parent":0,"menu_order":0,"comment_status":"closed","ping_status":"closed","template":"","meta":{"ocean_post_layout":"full-screen","ocean_both_sidebars_style":"","ocean_both_sidebars_content_width":0,"ocean_both_sidebars_sidebars_width":0,"ocean_sidebar":"0","ocean_second_sidebar":"0","ocean_disable_margins":"enable","ocean_add_body_class":"","ocean_shortcode_before_top_bar":"","ocean_shortcode_after_top_bar":"","ocean_shortcode_before_header":"","ocean_shortcode_after_header":"","ocean_has_shortcode":"","ocean_shortcode_after_title":"","ocean_shortcode_before_footer_widgets":"","ocean_shortcode_after_footer_widgets":"","ocean_shortcode_before_footer_bottom":"","ocean_shortcode_after_footer_bottom":"","ocean_display_top_bar":"default","ocean_display_header":"default","ocean_header_style":"","ocean_center_header_left_menu":"0","ocean_custom_header_template":"0","ocean_custom_logo":0,"ocean_custom_retina_logo":0,"ocean_custom_logo_max_width":0,"ocean_custom_logo_tablet_max_width":0,"ocean_custom_logo_mobile_max_width":0,"ocean_custom_logo_max_height":0,"ocean_custom_logo_tablet_max_height":0,"ocean_custom_logo_mobile_max_height":0,"ocean_header_custom_menu":"0","ocean_menu_typo_font_family":"0","ocean_menu_typo_font_subset":"","ocean_menu_typo_font_size":0,"ocean_menu_typo_font_size_tablet":0,"ocean_menu_typo_font_size_mobile":0,"ocean_menu_typo_font_size_unit":"px","ocean_menu_typo_font_weight":"","ocean_menu_typo_font_weight_tablet":"","ocean_menu_typo_font_weight_mobile":"","ocean_menu_typo_transform":"","ocean_menu_typo_transform_tablet":"","ocean_menu_typo_transform_mobile":"","ocean_menu_typo_line_height":0,"ocean_menu_typo_line_height_tablet":0,"ocean_menu_typo_line_height_mobile":0,"ocean_menu_typo_line_height_unit":"","ocean_menu_typo_spacing":0,"ocean_menu_typo_spacing_tablet":0,"ocean_menu_typo_spacing_mobile":0,"ocean_menu_typo_spacing_unit":"","ocean_menu_link_color":"","ocean_menu_link_color_hover":"","ocean_menu_link_color_active":"","ocean_menu_link_background":"","ocean_menu_link_hover_background":"","ocean_menu_link_active_background":"","ocean_menu_social_links_bg":"","ocean_menu_social_hover_links_bg":"","ocean_menu_social_links_color":"","ocean_menu_social_hover_links_color":"","ocean_disable_title":"default","ocean_disable_heading":"default","ocean_post_title":"","ocean_post_subheading":"","ocean_post_title_style":"","ocean_post_title_background_color":"","ocean_post_title_background":0,"ocean_post_title_bg_image_position":"","ocean_post_title_bg_image_attachment":"","ocean_post_title_bg_image_repeat":"","ocean_post_title_bg_image_size":"","ocean_post_title_height":0,"ocean_post_title_bg_overlay":0.5,"ocean_post_title_bg_overlay_color":"","ocean_disable_breadcrumbs":"default","ocean_breadcrumbs_color":"","ocean_breadcrumbs_separator_color":"","ocean_breadcrumbs_links_color":"","ocean_breadcrumbs_links_hover_color":"","ocean_display_footer_widgets":"default","ocean_display_footer_bottom":"default","ocean_custom_footer_template":"0","footnotes":""},"class_list":["post-2654","page","type-page","status-publish","hentry","entry","owp-thumbs-layout-horizontal","owp-btn-normal","owp-tabs-layout-horizontal","has-no-thumbnails","has-product-nav"],"_links":{"self":[{"href":"https:\/\/www.elmak.de\/de\/wp-json\/wp\/v2\/pages\/2654","targetHints":{"allow":["GET"]}}],"collection":[{"href":"https:\/\/www.elmak.de\/de\/wp-json\/wp\/v2\/pages"}],"about":[{"href":"https:\/\/www.elmak.de\/de\/wp-json\/wp\/v2\/types\/page"}],"author":[{"embeddable":true,"href":"https:\/\/www.elmak.de\/de\/wp-json\/wp\/v2\/users\/1"}],"replies":[{"embeddable":true,"href":"https:\/\/www.elmak.de\/de\/wp-json\/wp\/v2\/comments?post=2654"}],"version-history":[{"count":25,"href":"https:\/\/www.elmak.de\/de\/wp-json\/wp\/v2\/pages\/2654\/revisions"}],"predecessor-version":[{"id":2778,"href":"https:\/\/www.elmak.de\/de\/wp-json\/wp\/v2\/pages\/2654\/revisions\/2778"}],"wp:attachment":[{"href":"https:\/\/www.elmak.de\/de\/wp-json\/wp\/v2\/media?parent=2654"}],"curies":[{"name":"wp","href":"https:\/\/api.w.org\/{rel}","templated":true}]}}