{"id":2231,"date":"2025-10-15T17:32:32","date_gmt":"2025-10-15T17:32:32","guid":{"rendered":"https:\/\/www.elmak.de\/?page_id=2231"},"modified":"2025-10-22T16:25:59","modified_gmt":"2025-10-22T16:25:59","slug":"restposten","status":"publish","type":"page","link":"https:\/\/www.elmak.de\/de\/restposten\/","title":{"rendered":"Restposten"},"content":{"rendered":"\t\t<div data-elementor-type=\"wp-post\" data-elementor-id=\"2231\" class=\"elementor elementor-2231\" data-elementor-settings=\"{&quot;ha_cmc_init_switcher&quot;:&quot;no&quot;}\">\n\t\t\t\t\t\t<section class=\"elementor-section elementor-top-section elementor-element elementor-element-bu71rau elementor-section-boxed elementor-section-height-default elementor-section-height-default\" data-id=\"bu71rau\" data-element_type=\"section\" data-e-type=\"section\" data-settings=\"{&quot;background_background&quot;:&quot;classic&quot;,&quot;_ha_eqh_enable&quot;:false}\">\n\t\t\t\t\t\t<div class=\"elementor-container elementor-column-gap-default\">\n\t\t\t\t\t<div class=\"elementor-column elementor-col-100 elementor-top-column elementor-element elementor-element-p4b3n7m\" data-id=\"p4b3n7m\" data-element_type=\"column\" data-e-type=\"column\">\n\t\t\t<div class=\"elementor-widget-wrap elementor-element-populated\">\n\t\t\t\t\t\t<div class=\"elementor-element elementor-element-73gt1to areas-box elementor-widget__width-initial elementor-position-top elementor-widget elementor-widget-image-box\" data-id=\"73gt1to\" data-element_type=\"widget\" data-e-type=\"widget\" data-widget_type=\"image-box.default\">\n\t\t\t\t<div class=\"elementor-widget-container\">\n\t\t\t\t\t<div class=\"elementor-image-box-wrapper\"><figure class=\"elementor-image-box-img\"><a href=\"#\" tabindex=\"-1\"><img fetchpriority=\"high\" decoding=\"async\" width=\"400\" height=\"296\" src=\"https:\/\/www.elmak.de\/wp-content\/uploads\/2025\/10\/Supperpor1_400x.png\" class=\"attachment-full size-full wp-image-2233\" alt=\"\" srcset=\"https:\/\/www.elmak.de\/wp-content\/uploads\/2025\/10\/Supperpor1_400x.png 400w, https:\/\/www.elmak.de\/wp-content\/uploads\/2025\/10\/Supperpor1_400x-300x222.png 300w, https:\/\/www.elmak.de\/wp-content\/uploads\/2025\/10\/Supperpor1_400x-16x12.png 16w\" sizes=\"(max-width: 400px) 100vw, 400px\" \/><\/a><\/figure><div class=\"elementor-image-box-content\"><h2 class=\"elementor-image-box-title\"><a href=\"#\">Lava Sand 0,4-0,8mm<\/a><\/h2><p class=\"elementor-image-box-description\">\nDieser Lavasand hat handels\u00fcbliche Filterqualit\u00e4t. <br>\nDie Charge ist f\u00fcr unseren normalen Gebrauch zu staubig und erfordert bei Verwendung in Filteranlagen viel Wasser f\u00fcr die erste R\u00fccksp\u00fclung. Aus diesem Grund empfehlen wir ihn nicht f\u00fcr private Nutzer in Poolfiltern \u2013 es w\u00fcrde eine ganze Poolf\u00fcllung Wasser ben\u00f6tigen, um ihn zu reinigen.<br><br>\n\n\nNeben der Filterung kann das Material auch f\u00fcr Pflasterarbeiten (regenwurmfrei), als Bestandteil von Substraten im Gartenbau (z. B. Kaktus-Erdmischungen) und zu Dekorationszwecken verwendet werden.<br><br>\n\n\nEs ist in S\u00e4cken oder Eimern zu 20 kg erh\u00e4ltlich.\n<br><br>\n\nMindestbestellmenge 20 kg \u2013 20 Euro pro Sack ohne MwSt. \n<br>\nPrivatkunden - Nur Abholung nach Terminvereinbarung.\n<br>\nLieferung an gewerbliche Kunden gem\u00e4\u00df Incoterms.\n<br>\nF\u00fcr weitere Informationen schreiben Sie bitte an info-at-elmak.de oder rufen Sie uns an.<\/p><\/div><\/div>\t\t\t\t<\/div>\n\t\t\t\t<\/div>\n\t\t\t\t\t<\/div>\n\t\t<\/div>\n\t\t\t\t\t<\/div>\n\t\t<\/section>\n\t\t\t\t<section class=\"elementor-section elementor-top-section elementor-element elementor-element-b8b4445 elementor-section-boxed elementor-section-height-default elementor-section-height-default\" data-id=\"b8b4445\" data-element_type=\"section\" data-e-type=\"section\" data-settings=\"{&quot;background_background&quot;:&quot;classic&quot;,&quot;_ha_eqh_enable&quot;:false}\">\n\t\t\t\t\t\t<div class=\"elementor-container elementor-column-gap-default\">\n\t\t\t\t\t<div class=\"elementor-column elementor-col-100 elementor-top-column elementor-element elementor-element-3b41186\" data-id=\"3b41186\" data-element_type=\"column\" data-e-type=\"column\">\n\t\t\t<div class=\"elementor-widget-wrap elementor-element-populated\">\n\t\t\t\t\t\t<div class=\"elementor-element elementor-element-5e35920 areas-box elementor-widget__width-initial elementor-position-top elementor-widget elementor-widget-image-box\" data-id=\"5e35920\" data-element_type=\"widget\" data-e-type=\"widget\" data-widget_type=\"image-box.default\">\n\t\t\t\t<div class=\"elementor-widget-container\">\n\t\t\t\t\t<div class=\"elementor-image-box-wrapper\"><figure class=\"elementor-image-box-img\"><a href=\"#\" tabindex=\"-1\"><img decoding=\"async\" width=\"179\" height=\"300\" src=\"https:\/\/www.elmak.de\/wp-content\/uploads\/2025\/10\/SatoriusPCFilterhalter-179x300.jpg\" class=\"attachment-medium size-medium wp-image-2258\" alt=\"\" srcset=\"https:\/\/www.elmak.de\/wp-content\/uploads\/2025\/10\/SatoriusPCFilterhalter-179x300.jpg 179w, https:\/\/www.elmak.de\/wp-content\/uploads\/2025\/10\/SatoriusPCFilterhalter-600x1007.jpg 600w, https:\/\/www.elmak.de\/wp-content\/uploads\/2025\/10\/SatoriusPCFilterhalter-610x1024.jpg 610w, https:\/\/www.elmak.de\/wp-content\/uploads\/2025\/10\/SatoriusPCFilterhalter-768x1288.jpg 768w, https:\/\/www.elmak.de\/wp-content\/uploads\/2025\/10\/SatoriusPCFilterhalter-7x12.jpg 7w, https:\/\/www.elmak.de\/wp-content\/uploads\/2025\/10\/SatoriusPCFilterhalter.jpg 800w\" sizes=\"(max-width: 179px) 100vw, 179px\" \/><\/a><\/figure><div class=\"elementor-image-box-content\"><h2 class=\"elementor-image-box-title\"><a href=\"#\">Filterhalter - Polycarbonat - Satorius Typ 1651<\/a><\/h2><p class=\"elementor-image-box-description\">Satorius Art Nr 16511. 16 Stk. verf\u00fcgbar. 80 EUR\/Stk.<\/p><\/div><\/div>\t\t\t\t<\/div>\n\t\t\t\t<\/div>\n\t\t\t\t\t<\/div>\n\t\t<\/div>\n\t\t\t\t\t<\/div>\n\t\t<\/section>\n\t\t\t\t<section class=\"elementor-section elementor-top-section elementor-element elementor-element-6aaced8 elementor-section-boxed elementor-section-height-default elementor-section-height-default\" data-id=\"6aaced8\" data-element_type=\"section\" data-e-type=\"section\" data-settings=\"{&quot;background_background&quot;:&quot;classic&quot;,&quot;_ha_eqh_enable&quot;:false}\">\n\t\t\t\t\t\t<div class=\"elementor-container elementor-column-gap-default\">\n\t\t\t\t\t<div class=\"elementor-column elementor-col-100 elementor-top-column elementor-element elementor-element-ceb32e6\" data-id=\"ceb32e6\" data-element_type=\"column\" data-e-type=\"column\">\n\t\t\t<div class=\"elementor-widget-wrap elementor-element-populated\">\n\t\t\t\t\t\t<div class=\"elementor-element elementor-element-1edcf2a areas-box elementor-widget__width-initial elementor-widget elementor-widget-image-box\" data-id=\"1edcf2a\" data-element_type=\"widget\" data-e-type=\"widget\" data-widget_type=\"image-box.default\">\n\t\t\t\t<div class=\"elementor-widget-container\">\n\t\t\t\t\t<div class=\"elementor-image-box-wrapper\"><div class=\"elementor-image-box-content\"><h2 class=\"elementor-image-box-title\"><a href=\"#\">Restposten aus der Anlagenbau\/Ger\u00e4tebau\/Geb\u00e4udetechnik:<\/a><\/h2><p class=\"elementor-image-box-description\">Die folgenden Teile sind unbenutzt und weisen auf Lagerspuren die keine Wirkung auf der Funktion haben.\n<\/p><\/div><\/div>\t\t\t\t<\/div>\n\t\t\t\t<\/div>\n\t\t\t\t\t<\/div>\n\t\t<\/div>\n\t\t\t\t\t<\/div>\n\t\t<\/section>\n\t\t<div class=\"elementor-element elementor-element-c656ccd e-flex e-con-boxed e-con e-parent\" data-id=\"c656ccd\" data-element_type=\"container\" data-e-type=\"container\" data-settings=\"{&quot;_ha_eqh_enable&quot;:false}\">\n\t\t\t\t\t<div class=\"e-con-inner\">\n\t\t\t\t<div class=\"elementor-element elementor-element-ba2ccf0 elementor-widget elementor-widget-text-editor\" data-id=\"ba2ccf0\" data-element_type=\"widget\" data-e-type=\"widget\" data-widget_type=\"text-editor.default\">\n\t\t\t\t<div class=\"elementor-widget-container\">\n\t\t\t\t\t\t\t\t\t<table width=\"957\"><tbody><tr><td width=\"797\"><p><strong>Beschreibung<\/strong><\/p><\/td><td width=\"80\"><p>Preis Pro Stk. EUR<\/p><\/td><td width=\"80\"><p>Vorrat<\/p><\/td><\/tr><tr><td width=\"797\"><p>Thermostatventil, Durchgangsform, selbstdichtend, mit umgekehrter Flussrichtung und Adapteranschluss &#8211; Giacomini R432C 1\/2&#8243; x18<img decoding=\"async\" class=\"alignnone size-medium wp-image-2245\" src=\"https:\/\/www.elmak.de\/wp-content\/uploads\/2025\/10\/GiacominiR432C_400x-286x300.jpg\" alt=\"\" width=\"286\" height=\"300\" srcset=\"https:\/\/www.elmak.de\/wp-content\/uploads\/2025\/10\/GiacominiR432C_400x-286x300.jpg 286w, https:\/\/www.elmak.de\/wp-content\/uploads\/2025\/10\/GiacominiR432C_400x-11x12.jpg 11w, https:\/\/www.elmak.de\/wp-content\/uploads\/2025\/10\/GiacominiR432C_400x.jpg 400w\" sizes=\"(max-width: 286px) 100vw, 286px\" \/><\/p><\/td><td width=\"80\"><p>10<\/p><\/td><td width=\"80\"><p>4<\/p><\/td><\/tr><tr><td width=\"797\"><p>Honeywell \u00dcberstr\u00f6mventil DU146 Messing 1 1\/4&#8243;<img loading=\"lazy\" decoding=\"async\" class=\"alignnone size-medium wp-image-2246\" src=\"https:\/\/www.elmak.de\/wp-content\/uploads\/2025\/10\/BraukmannDN32USV_400x-169x300.jpg\" alt=\"\" width=\"169\" height=\"300\" srcset=\"https:\/\/www.elmak.de\/wp-content\/uploads\/2025\/10\/BraukmannDN32USV_400x-169x300.jpg 169w, https:\/\/www.elmak.de\/wp-content\/uploads\/2025\/10\/BraukmannDN32USV_400x-7x12.jpg 7w, https:\/\/www.elmak.de\/wp-content\/uploads\/2025\/10\/BraukmannDN32USV_400x.jpg 400w\" sizes=\"(max-width: 169px) 100vw, 169px\" \/><\/p><\/td><td width=\"80\"><p>84<\/p><\/td><td width=\"80\"><p>3<\/p><\/td><\/tr><tr><td width=\"797\"><p>Syr Differenzdruckregler Typ 390 1&#8243;<img loading=\"lazy\" decoding=\"async\" class=\"alignnone size-medium wp-image-2247\" src=\"https:\/\/www.elmak.de\/wp-content\/uploads\/2025\/10\/SyrUSV_400x-214x300.jpg\" alt=\"\" width=\"214\" height=\"300\" srcset=\"https:\/\/www.elmak.de\/wp-content\/uploads\/2025\/10\/SyrUSV_400x-214x300.jpg 214w, https:\/\/www.elmak.de\/wp-content\/uploads\/2025\/10\/SyrUSV_400x-9x12.jpg 9w, https:\/\/www.elmak.de\/wp-content\/uploads\/2025\/10\/SyrUSV_400x.jpg 400w\" sizes=\"(max-width: 214px) 100vw, 214px\" \/><\/p><\/td><td width=\"80\"><p>58<\/p><\/td><td width=\"80\"><p>3<\/p><\/td><\/tr><tr><td width=\"797\"><p>Schmutzf\u00e4nger &#8211; Watts SMY 80 DN 80 &#8211; 3&#8243;, Rotguss, PN 16, 800 \u03bcm<img loading=\"lazy\" decoding=\"async\" class=\"alignnone size-medium wp-image-2253\" src=\"https:\/\/www.elmak.de\/wp-content\/uploads\/2025\/10\/3ZollSF_400x-300x266.jpg\" alt=\"\" width=\"300\" height=\"266\" srcset=\"https:\/\/www.elmak.de\/wp-content\/uploads\/2025\/10\/3ZollSF_400x-300x266.jpg 300w, https:\/\/www.elmak.de\/wp-content\/uploads\/2025\/10\/3ZollSF_400x-14x12.jpg 14w, https:\/\/www.elmak.de\/wp-content\/uploads\/2025\/10\/3ZollSF_400x.jpg 400w\" sizes=\"(max-width: 300px) 100vw, 300px\" \/><\/p><\/td><td width=\"80\"><p>280<\/p><\/td><td width=\"80\"><p>1<\/p><\/td><\/tr><tr><td width=\"797\"><p>Schmutzf\u00e4nger &#8211; Watts SMY 65 DN 65 &#8211; 2\u00bd&#8220;, Rotguss, PN 16, 800 \u03bcm<\/p><\/td><td width=\"80\"><p>138<\/p><\/td><td width=\"80\"><p>3<\/p><\/td><\/tr><tr><td width=\"797\"><p>Axiall\u00fcfter f. Schaltschrank 120mm EBM AS 113-200W 101\u00a0 20W 220V 50Hz<img loading=\"lazy\" decoding=\"async\" class=\"alignnone size-medium wp-image-2248\" src=\"https:\/\/www.elmak.de\/wp-content\/uploads\/2025\/10\/EBMLufter_1_800x-300x284.jpg\" alt=\"\" width=\"300\" height=\"284\" srcset=\"https:\/\/www.elmak.de\/wp-content\/uploads\/2025\/10\/EBMLufter_1_800x-300x284.jpg 300w, https:\/\/www.elmak.de\/wp-content\/uploads\/2025\/10\/EBMLufter_1_800x-600x567.jpg 600w, https:\/\/www.elmak.de\/wp-content\/uploads\/2025\/10\/EBMLufter_1_800x-768x726.jpg 768w, https:\/\/www.elmak.de\/wp-content\/uploads\/2025\/10\/EBMLufter_1_800x-13x12.jpg 13w, https:\/\/www.elmak.de\/wp-content\/uploads\/2025\/10\/EBMLufter_1_800x.jpg 800w\" sizes=\"(max-width: 300px) 100vw, 300px\" \/><\/p><\/td><td width=\"80\"><p>60<\/p><\/td><td width=\"80\"><p>7<\/p><\/td><\/tr><tr><td width=\"797\"><p>Honeywell-Braukmann R\u00fccksp\u00fclfilter F76S1-AA\u00a0 1&#8243;<img loading=\"lazy\" decoding=\"async\" class=\"alignnone size-medium wp-image-2249\" src=\"https:\/\/www.elmak.de\/wp-content\/uploads\/2025\/10\/HoneywellBraukmannRSF-193x300.jpg\" alt=\"\" width=\"193\" height=\"300\" srcset=\"https:\/\/www.elmak.de\/wp-content\/uploads\/2025\/10\/HoneywellBraukmannRSF-193x300.jpg 193w, https:\/\/www.elmak.de\/wp-content\/uploads\/2025\/10\/HoneywellBraukmannRSF-8x12.jpg 8w, https:\/\/www.elmak.de\/wp-content\/uploads\/2025\/10\/HoneywellBraukmannRSF.jpg 400w\" sizes=\"(max-width: 193px) 100vw, 193px\" \/><\/p><\/td><td width=\"80\"><p>280<\/p><\/td><td width=\"80\"><p>1<\/p><\/td><\/tr><tr><td width=\"797\"><p>Oventrop Rucksp\u00fclfilter DN25\/ 1&#8243; Typ 620 00 08 -Voll Messing! Wird nicht mehr produziert<img loading=\"lazy\" decoding=\"async\" class=\"alignnone size-medium wp-image-2244\" src=\"https:\/\/www.elmak.de\/wp-content\/uploads\/2025\/10\/OvertropRSFilter_800x-190x300.jpg\" alt=\"\" width=\"190\" height=\"300\" srcset=\"https:\/\/www.elmak.de\/wp-content\/uploads\/2025\/10\/OvertropRSFilter_800x-190x300.jpg 190w, https:\/\/www.elmak.de\/wp-content\/uploads\/2025\/10\/OvertropRSFilter_800x-600x947.jpg 600w, https:\/\/www.elmak.de\/wp-content\/uploads\/2025\/10\/OvertropRSFilter_800x-649x1024.jpg 649w, https:\/\/www.elmak.de\/wp-content\/uploads\/2025\/10\/OvertropRSFilter_800x-768x1212.jpg 768w, https:\/\/www.elmak.de\/wp-content\/uploads\/2025\/10\/OvertropRSFilter_800x-8x12.jpg 8w, https:\/\/www.elmak.de\/wp-content\/uploads\/2025\/10\/OvertropRSFilter_800x.jpg 800w\" sizes=\"(max-width: 190px) 100vw, 190px\" \/><\/p><\/td><td width=\"80\"><p>40<\/p><\/td><td width=\"80\"><p>1<\/p><\/td><\/tr><tr><td width=\"797\"><p>Prominent Dulcofilt 85 Schutzfilter DN40 1\/2&#8243;\u00a0\u00a0 95 \u00b5m<img loading=\"lazy\" decoding=\"async\" class=\"alignnone size-medium wp-image-2252\" src=\"https:\/\/www.elmak.de\/wp-content\/uploads\/2025\/10\/ProminentFIlter_400x-166x300.jpg\" alt=\"\" width=\"166\" height=\"300\" srcset=\"https:\/\/www.elmak.de\/wp-content\/uploads\/2025\/10\/ProminentFIlter_400x-166x300.jpg 166w, https:\/\/www.elmak.de\/wp-content\/uploads\/2025\/10\/ProminentFIlter_400x-7x12.jpg 7w, https:\/\/www.elmak.de\/wp-content\/uploads\/2025\/10\/ProminentFIlter_400x.jpg 400w\" sizes=\"(max-width: 166px) 100vw, 166px\" \/><\/p><\/td><td width=\"80\"><p>40<\/p><\/td><td width=\"80\"><p>1<\/p><\/td><\/tr><tr><td width=\"797\"><p>Honeywell Centra DR50GFLA &#8211; Drei-Wege-Mischer PN6 DN50<img loading=\"lazy\" decoding=\"async\" class=\"alignnone size-medium wp-image-2243\" src=\"https:\/\/www.elmak.de\/wp-content\/uploads\/2025\/10\/HoneywellCentraKit-300x266.jpg\" alt=\"\" width=\"300\" height=\"266\" srcset=\"https:\/\/www.elmak.de\/wp-content\/uploads\/2025\/10\/HoneywellCentraKit-300x266.jpg 300w, https:\/\/www.elmak.de\/wp-content\/uploads\/2025\/10\/HoneywellCentraKit-scaled-600x533.jpg 600w, https:\/\/www.elmak.de\/wp-content\/uploads\/2025\/10\/HoneywellCentraKit-1024x909.jpg 1024w, https:\/\/www.elmak.de\/wp-content\/uploads\/2025\/10\/HoneywellCentraKit-768x682.jpg 768w, https:\/\/www.elmak.de\/wp-content\/uploads\/2025\/10\/HoneywellCentraKit-1536x1364.jpg 1536w, https:\/\/www.elmak.de\/wp-content\/uploads\/2025\/10\/HoneywellCentraKit-2048x1819.jpg 2048w, https:\/\/www.elmak.de\/wp-content\/uploads\/2025\/10\/HoneywellCentraKit-14x12.jpg 14w\" sizes=\"(max-width: 300px) 100vw, 300px\" \/><\/p><\/td><td width=\"80\"><p>215<\/p><\/td><td width=\"80\"><p>1<\/p><\/td><\/tr><tr><td width=\"797\"><p>Honeywell ZG215N analog Raumregler 1 Mischkreis<\/p><\/td><td width=\"80\"><p>670<\/p><\/td><td width=\"80\"><p>1<\/p><\/td><\/tr><tr><td width=\"797\"><p>Honeywell Sollwertsteller TW22A-N<\/p><\/td><td width=\"80\"><p>95<\/p><\/td><td width=\"80\"><p>1<\/p><\/td><\/tr><tr><td width=\"797\"><p>Honeywell VMM50 Stellmotor<\/p><\/td><td width=\"80\"><p>485<\/p><\/td><td width=\"80\"><p>1<\/p><\/td><\/tr><tr><td width=\"797\"><p>Honeywell VF20T Vorlauftemperaturf\u00fchler NTC20Kohm<\/p><\/td><td width=\"80\"><p>84<\/p><\/td><td width=\"80\"><p>1<\/p><\/td><\/tr><tr><td width=\"797\"><p>Kugelhahn DN80 MSvc R3&#8243; 2xIG &#8211; Giacomini R250X010<\/p><\/td><td width=\"80\"><p>170<\/p><\/td><td width=\"80\"><p>4<\/p><\/td><\/tr><tr><td width=\"797\"><p>Kugelhahn DN65 MSvc R 21\/2&#8243;xIG mit Hebelgriff &#8211; Giacomini R250X009<\/p><\/td><td width=\"80\"><p>130<\/p><\/td><td width=\"80\"><p>2<\/p><\/td><\/tr><tr><td width=\"797\"><p>Kugelhahn DN50 MSvc R\u00a0 2 I+AG mit Hebelgriff- Giacomini\u00a0 R254LX008<\/p><\/td><td width=\"80\"><p>50<\/p><\/td><td width=\"80\"><p>4<\/p><\/td><\/tr><tr><td width=\"797\"><p>Kugelhahn DN50 MSvc R\u00a0 2 2xIG mit Hebelgriff &#8211; Giacomini R250WX028<\/p><\/td><td width=\"80\"><p>46<\/p><\/td><td width=\"80\"><p>1<\/p><\/td><\/tr><tr><td width=\"797\"><p>Losflansch f. V-Bund d110 DN100 PN10 Deltaflex PP<img loading=\"lazy\" decoding=\"async\" class=\"alignnone size-medium wp-image-2251\" src=\"https:\/\/www.elmak.de\/wp-content\/uploads\/2025\/10\/Deltaflex_DN100_400x-288x300.jpg\" alt=\"\" width=\"288\" height=\"300\" srcset=\"https:\/\/www.elmak.de\/wp-content\/uploads\/2025\/10\/Deltaflex_DN100_400x-288x300.jpg 288w, https:\/\/www.elmak.de\/wp-content\/uploads\/2025\/10\/Deltaflex_DN100_400x-12x12.jpg 12w, https:\/\/www.elmak.de\/wp-content\/uploads\/2025\/10\/Deltaflex_DN100_400x.jpg 400w\" sizes=\"(max-width: 288px) 100vw, 288px\" \/><\/p><\/td><td width=\"80\"><p>22<\/p><\/td><td width=\"80\"><p>10<\/p><\/td><\/tr><tr><td width=\"797\"><p>Losflansch f. V-Bund d160 DN150 PN10 Deltaflex PP<\/p><\/td><td width=\"80\"><p>42<\/p><\/td><td width=\"80\"><p>0<\/p><\/td><\/tr><tr><td width=\"797\"><p>L\u00fcftungsrohrschellen DN 300mm Sikla 4016 M8<img loading=\"lazy\" decoding=\"async\" class=\"alignnone size-medium wp-image-2250\" src=\"https:\/\/www.elmak.de\/wp-content\/uploads\/2025\/10\/LuftungschelleDN300_400x-300x225.jpg\" alt=\"\" width=\"300\" height=\"225\" srcset=\"https:\/\/www.elmak.de\/wp-content\/uploads\/2025\/10\/LuftungschelleDN300_400x-300x225.jpg 300w, https:\/\/www.elmak.de\/wp-content\/uploads\/2025\/10\/LuftungschelleDN300_400x-16x12.jpg 16w, https:\/\/www.elmak.de\/wp-content\/uploads\/2025\/10\/LuftungschelleDN300_400x.jpg 400w\" sizes=\"(max-width: 300px) 100vw, 300px\" \/><\/p><\/td><td width=\"80\"><p>6<\/p><\/td><td width=\"80\"><p>20<\/p><\/td><\/tr><\/tbody><\/table>\t\t\t\t\t\t\t\t<\/div>\n\t\t\t\t<\/div>\n\t\t\t\t\t<\/div>\n\t\t\t\t<\/div>\n\t\t<div class=\"elementor-element elementor-element-725257d e-flex e-con-boxed e-con e-parent\" data-id=\"725257d\" data-element_type=\"container\" data-e-type=\"container\" data-settings=\"{&quot;_ha_eqh_enable&quot;:false}\">\n\t\t\t\t\t<div class=\"e-con-inner\">\n\t\t\t\t\t<\/div>\n\t\t\t\t<\/div>\n\t\t\t\t<\/div>\n\t\t","protected":false},"excerpt":{"rendered":"<p>Lava Sand 0,4-0,8mm Dieser Lavasand hat handels\u00fcbliche Filterqualit\u00e4t. Die Charge ist f\u00fcr unseren normalen Gebrauch zu staubig und erfordert bei Verwendung in Filteranlagen viel Wasser f\u00fcr die erste R\u00fccksp\u00fclung. Aus diesem Grund empfehlen wir ihn nicht f\u00fcr private Nutzer in Poolfiltern \u2013 es w\u00fcrde eine ganze Poolf\u00fcllung Wasser ben\u00f6tigen, um ihn zu reinigen. Neben der [&hellip;]<\/p>\n","protected":false},"author":1,"featured_media":0,"parent":0,"menu_order":0,"comment_status":"closed","ping_status":"closed","template":"","meta":{"ocean_post_layout":"full-screen","ocean_both_sidebars_style":"","ocean_both_sidebars_content_width":0,"ocean_both_sidebars_sidebars_width":0,"ocean_sidebar":"0","ocean_second_sidebar":"0","ocean_disable_margins":"enable","ocean_add_body_class":"","ocean_shortcode_before_top_bar":"","ocean_shortcode_after_top_bar":"","ocean_shortcode_before_header":"","ocean_shortcode_after_header":"","ocean_has_shortcode":"","ocean_shortcode_after_title":"","ocean_shortcode_before_footer_widgets":"","ocean_shortcode_after_footer_widgets":"","ocean_shortcode_before_footer_bottom":"","ocean_shortcode_after_footer_bottom":"","ocean_display_top_bar":"default","ocean_display_header":"default","ocean_header_style":"","ocean_center_header_left_menu":"0","ocean_custom_header_template":"0","ocean_custom_logo":0,"ocean_custom_retina_logo":0,"ocean_custom_logo_max_width":0,"ocean_custom_logo_tablet_max_width":0,"ocean_custom_logo_mobile_max_width":0,"ocean_custom_logo_max_height":0,"ocean_custom_logo_tablet_max_height":0,"ocean_custom_logo_mobile_max_height":0,"ocean_header_custom_menu":"0","ocean_menu_typo_font_family":"0","ocean_menu_typo_font_subset":"","ocean_menu_typo_font_size":0,"ocean_menu_typo_font_size_tablet":0,"ocean_menu_typo_font_size_mobile":0,"ocean_menu_typo_font_size_unit":"px","ocean_menu_typo_font_weight":"","ocean_menu_typo_font_weight_tablet":"","ocean_menu_typo_font_weight_mobile":"","ocean_menu_typo_transform":"","ocean_menu_typo_transform_tablet":"","ocean_menu_typo_transform_mobile":"","ocean_menu_typo_line_height":0,"ocean_menu_typo_line_height_tablet":0,"ocean_menu_typo_line_height_mobile":0,"ocean_menu_typo_line_height_unit":"","ocean_menu_typo_spacing":0,"ocean_menu_typo_spacing_tablet":0,"ocean_menu_typo_spacing_mobile":0,"ocean_menu_typo_spacing_unit":"","ocean_menu_link_color":"","ocean_menu_link_color_hover":"","ocean_menu_link_color_active":"","ocean_menu_link_background":"","ocean_menu_link_hover_background":"","ocean_menu_link_active_background":"","ocean_menu_social_links_bg":"","ocean_menu_social_hover_links_bg":"","ocean_menu_social_links_color":"","ocean_menu_social_hover_links_color":"","ocean_disable_title":"default","ocean_disable_heading":"default","ocean_post_title":"","ocean_post_subheading":"","ocean_post_title_style":"","ocean_post_title_background_color":"","ocean_post_title_background":0,"ocean_post_title_bg_image_position":"","ocean_post_title_bg_image_attachment":"","ocean_post_title_bg_image_repeat":"","ocean_post_title_bg_image_size":"","ocean_post_title_height":0,"ocean_post_title_bg_overlay":0.5,"ocean_post_title_bg_overlay_color":"","ocean_disable_breadcrumbs":"default","ocean_breadcrumbs_color":"","ocean_breadcrumbs_separator_color":"","ocean_breadcrumbs_links_color":"","ocean_breadcrumbs_links_hover_color":"","ocean_display_footer_widgets":"default","ocean_display_footer_bottom":"default","ocean_custom_footer_template":"0","footnotes":""},"class_list":["post-2231","page","type-page","status-publish","hentry","entry","owp-thumbs-layout-horizontal","owp-btn-normal","owp-tabs-layout-horizontal","has-no-thumbnails","has-product-nav"],"_links":{"self":[{"href":"https:\/\/www.elmak.de\/de\/wp-json\/wp\/v2\/pages\/2231","targetHints":{"allow":["GET"]}}],"collection":[{"href":"https:\/\/www.elmak.de\/de\/wp-json\/wp\/v2\/pages"}],"about":[{"href":"https:\/\/www.elmak.de\/de\/wp-json\/wp\/v2\/types\/page"}],"author":[{"embeddable":true,"href":"https:\/\/www.elmak.de\/de\/wp-json\/wp\/v2\/users\/1"}],"replies":[{"embeddable":true,"href":"https:\/\/www.elmak.de\/de\/wp-json\/wp\/v2\/comments?post=2231"}],"version-history":[{"count":10,"href":"https:\/\/www.elmak.de\/de\/wp-json\/wp\/v2\/pages\/2231\/revisions"}],"predecessor-version":[{"id":2261,"href":"https:\/\/www.elmak.de\/de\/wp-json\/wp\/v2\/pages\/2231\/revisions\/2261"}],"wp:attachment":[{"href":"https:\/\/www.elmak.de\/de\/wp-json\/wp\/v2\/media?parent=2231"}],"curies":[{"name":"wp","href":"https:\/\/api.w.org\/{rel}","templated":true}]}}