{"id":2103,"date":"2025-07-09T06:53:56","date_gmt":"2025-07-09T06:53:56","guid":{"rendered":"https:\/\/www.elmak.de\/?page_id=2103"},"modified":"2025-07-09T06:56:02","modified_gmt":"2025-07-09T06:56:02","slug":"wm-kt","status":"publish","type":"page","link":"https:\/\/www.elmak.de\/de\/wm-kt\/","title":{"rendered":"Watermaster K\u00fchlturmkontrollle"},"content":{"rendered":"\t\t<div data-elementor-type=\"wp-post\" data-elementor-id=\"2103\" class=\"elementor elementor-2103\" data-elementor-settings=\"{&quot;ha_cmc_init_switcher&quot;:&quot;no&quot;}\">\n\t\t\t\t<div class=\"elementor-element elementor-element-0cf2b52 e-flex e-con-boxed e-con e-parent\" data-id=\"0cf2b52\" data-element_type=\"container\" data-e-type=\"container\" data-settings=\"{&quot;_ha_eqh_enable&quot;:false}\">\n\t\t\t\t\t<div class=\"e-con-inner\">\n\t\t<div class=\"elementor-element elementor-element-a37a21e e-con-full e-flex e-con e-child\" data-id=\"a37a21e\" data-element_type=\"container\" data-e-type=\"container\" data-settings=\"{&quot;_ha_eqh_enable&quot;:false}\">\n\t\t\t\t<div class=\"elementor-element elementor-element-09b0d45 elementor-widget elementor-widget-text-editor\" data-id=\"09b0d45\" data-element_type=\"widget\" data-e-type=\"widget\" data-widget_type=\"text-editor.default\">\n\t\t\t\t<div class=\"elementor-widget-container\">\n\t\t\t\t\t\t\t\t\t<p>Die Energie- und Wasserkosten steigen.\u00a0 Gut, dass Sie auf der Energieseite einen K\u00fchlturm einsetzen, aber nutzen Sie das teure Wasser, das Sie in Ihren K\u00fchlt\u00fcrmen verwenden, auch optimal?<\/p><p>Verwendet Ihr System \u201efake\u201c Ausl\u00f6ser f\u00fcr die Abschl\u00e4mmung, weil es die alte Leitf\u00e4higkeitstechnologie verwendet?<\/p><p>Wir haben eine bessere Methode entwickelt, um das eingesetzte Wasser optimal zu nutzen, die Abschl\u00e4mmung auf ein konstantes Minimum zu beschr\u00e4nken und dadurch reproduzierbare Ergebnisse zu erzielen, die auch Ablagerungen verhindern.<\/p><p>In diesem Prozess haben wir es auch viel einfacher gemacht, in Fragen wie der K\u00fchlturmhygiene die Vorschriften einzuhalten.<\/p><p>\u00a0<\/p><p>Fragen Sie uns einfach nach unserer Water Master-Technologie f\u00fcr K\u00fchlt\u00fcrme.<\/p><p>Wir verwenden das Grundprinzip \u201eWas reingeht, muss auch wieder rauskommen\u201c &#8211; oder die proportionale Wasserkontrolle.<\/p><p>\u00a0<\/p><p>Es ist so einfach, dass Sie sich vielleicht fragen, warum noch niemand daran gedacht hat.<\/p><p>Nun, wir haben es getan, wir haben es patentiert &#8211; und jetzt ist es f\u00fcr Sie verf\u00fcgbar.<\/p><p>Optimieren Sie Ihre Kosten &#8211; sparen Sie Wasser, retten Sie Ihr Unternehmen und die Erde.<\/p>\t\t\t\t\t\t\t\t<\/div>\n\t\t\t\t<\/div>\n\t\t\t\t<\/div>\n\t\t<div class=\"elementor-element elementor-element-fe14d0a e-con-full e-flex e-con e-child\" data-id=\"fe14d0a\" data-element_type=\"container\" data-e-type=\"container\" data-settings=\"{&quot;_ha_eqh_enable&quot;:false}\">\n\t\t<div class=\"elementor-element elementor-element-63addb6 e-flex e-con-boxed e-con e-child\" data-id=\"63addb6\" data-element_type=\"container\" data-e-type=\"container\" data-settings=\"{&quot;_ha_eqh_enable&quot;:false}\">\n\t\t\t\t\t<div class=\"e-con-inner\">\n\t\t\t\t<div class=\"elementor-element elementor-element-c926013 elementor-widget elementor-widget-image\" data-id=\"c926013\" data-element_type=\"widget\" data-e-type=\"widget\" data-widget_type=\"image.default\">\n\t\t\t\t<div class=\"elementor-widget-container\">\n\t\t\t\t\t\t\t\t\t\t\t\t\t\t\t<img fetchpriority=\"high\" decoding=\"async\" width=\"130\" height=\"400\" src=\"https:\/\/www.elmak.de\/wp-content\/uploads\/2023\/12\/Watermaster-Stack-Frei_130x400y.png\" class=\"attachment-large size-large wp-image-1703\" alt=\"\" srcset=\"https:\/\/www.elmak.de\/wp-content\/uploads\/2023\/12\/Watermaster-Stack-Frei_130x400y.png 130w, https:\/\/www.elmak.de\/wp-content\/uploads\/2023\/12\/Watermaster-Stack-Frei_130x400y-4x12.png 4w\" sizes=\"(max-width: 130px) 100vw, 130px\" \/>\t\t\t\t\t\t\t\t\t\t\t\t\t\t\t<\/div>\n\t\t\t\t<\/div>\n\t\t\t\t\t<\/div>\n\t\t\t\t<\/div>\n\t\t\t\t<\/div>\n\t\t\t\t\t<\/div>\n\t\t\t\t<\/div>\n\t\t\t\t<\/div>\n\t\t","protected":false},"excerpt":{"rendered":"<p>Die Energie- und Wasserkosten steigen.\u00a0 Gut, dass Sie auf der Energieseite einen K\u00fchlturm einsetzen, aber nutzen Sie das teure Wasser, das Sie in Ihren K\u00fchlt\u00fcrmen verwenden, auch optimal? Verwendet Ihr System \u201efake\u201c Ausl\u00f6ser f\u00fcr die Abschl\u00e4mmung, weil es die alte Leitf\u00e4higkeitstechnologie verwendet? Wir haben eine bessere Methode entwickelt, um das eingesetzte Wasser optimal zu nutzen, [&hellip;]<\/p>\n","protected":false},"author":1,"featured_media":0,"parent":0,"menu_order":0,"comment_status":"closed","ping_status":"closed","template":"","meta":{"ocean_post_layout":"full-screen","ocean_both_sidebars_style":"","ocean_both_sidebars_content_width":0,"ocean_both_sidebars_sidebars_width":0,"ocean_sidebar":"0","ocean_second_sidebar":"0","ocean_disable_margins":"enable","ocean_add_body_class":"","ocean_shortcode_before_top_bar":"","ocean_shortcode_after_top_bar":"","ocean_shortcode_before_header":"","ocean_shortcode_after_header":"","ocean_has_shortcode":"","ocean_shortcode_after_title":"","ocean_shortcode_before_footer_widgets":"","ocean_shortcode_after_footer_widgets":"","ocean_shortcode_before_footer_bottom":"","ocean_shortcode_after_footer_bottom":"","ocean_display_top_bar":"default","ocean_display_header":"default","ocean_header_style":"","ocean_center_header_left_menu":"0","ocean_custom_header_template":"0","ocean_custom_logo":0,"ocean_custom_retina_logo":0,"ocean_custom_logo_max_width":0,"ocean_custom_logo_tablet_max_width":0,"ocean_custom_logo_mobile_max_width":0,"ocean_custom_logo_max_height":0,"ocean_custom_logo_tablet_max_height":0,"ocean_custom_logo_mobile_max_height":0,"ocean_header_custom_menu":"0","ocean_menu_typo_font_family":"0","ocean_menu_typo_font_subset":"","ocean_menu_typo_font_size":0,"ocean_menu_typo_font_size_tablet":0,"ocean_menu_typo_font_size_mobile":0,"ocean_menu_typo_font_size_unit":"px","ocean_menu_typo_font_weight":"","ocean_menu_typo_font_weight_tablet":"","ocean_menu_typo_font_weight_mobile":"","ocean_menu_typo_transform":"","ocean_menu_typo_transform_tablet":"","ocean_menu_typo_transform_mobile":"","ocean_menu_typo_line_height":0,"ocean_menu_typo_line_height_tablet":0,"ocean_menu_typo_line_height_mobile":0,"ocean_menu_typo_line_height_unit":"","ocean_menu_typo_spacing":0,"ocean_menu_typo_spacing_tablet":0,"ocean_menu_typo_spacing_mobile":0,"ocean_menu_typo_spacing_unit":"","ocean_menu_link_color":"","ocean_menu_link_color_hover":"","ocean_menu_link_color_active":"","ocean_menu_link_background":"","ocean_menu_link_hover_background":"","ocean_menu_link_active_background":"","ocean_menu_social_links_bg":"","ocean_menu_social_hover_links_bg":"","ocean_menu_social_links_color":"","ocean_menu_social_hover_links_color":"","ocean_disable_title":"default","ocean_disable_heading":"default","ocean_post_title":"","ocean_post_subheading":"","ocean_post_title_style":"","ocean_post_title_background_color":"","ocean_post_title_background":0,"ocean_post_title_bg_image_position":"","ocean_post_title_bg_image_attachment":"","ocean_post_title_bg_image_repeat":"","ocean_post_title_bg_image_size":"","ocean_post_title_height":0,"ocean_post_title_bg_overlay":0.5,"ocean_post_title_bg_overlay_color":"","ocean_disable_breadcrumbs":"default","ocean_breadcrumbs_color":"","ocean_breadcrumbs_separator_color":"","ocean_breadcrumbs_links_color":"","ocean_breadcrumbs_links_hover_color":"","ocean_display_footer_widgets":"default","ocean_display_footer_bottom":"default","ocean_custom_footer_template":"0","footnotes":""},"class_list":["post-2103","page","type-page","status-publish","hentry","entry","owp-thumbs-layout-horizontal","owp-btn-normal","owp-tabs-layout-horizontal","has-no-thumbnails","has-product-nav"],"_links":{"self":[{"href":"https:\/\/www.elmak.de\/de\/wp-json\/wp\/v2\/pages\/2103","targetHints":{"allow":["GET"]}}],"collection":[{"href":"https:\/\/www.elmak.de\/de\/wp-json\/wp\/v2\/pages"}],"about":[{"href":"https:\/\/www.elmak.de\/de\/wp-json\/wp\/v2\/types\/page"}],"author":[{"embeddable":true,"href":"https:\/\/www.elmak.de\/de\/wp-json\/wp\/v2\/users\/1"}],"replies":[{"embeddable":true,"href":"https:\/\/www.elmak.de\/de\/wp-json\/wp\/v2\/comments?post=2103"}],"version-history":[{"count":4,"href":"https:\/\/www.elmak.de\/de\/wp-json\/wp\/v2\/pages\/2103\/revisions"}],"predecessor-version":[{"id":2107,"href":"https:\/\/www.elmak.de\/de\/wp-json\/wp\/v2\/pages\/2103\/revisions\/2107"}],"wp:attachment":[{"href":"https:\/\/www.elmak.de\/de\/wp-json\/wp\/v2\/media?parent=2103"}],"curies":[{"name":"wp","href":"https:\/\/api.w.org\/{rel}","templated":true}]}}