{"id":1926,"date":"2024-12-02T14:30:56","date_gmt":"2024-12-02T14:30:56","guid":{"rendered":"https:\/\/www.elmak.de\/?page_id=1926"},"modified":"2025-11-12T14:38:45","modified_gmt":"2025-11-12T14:38:45","slug":"analytik","status":"publish","type":"page","link":"https:\/\/www.elmak.de\/de\/analytik\/","title":{"rendered":"Diagnostik und Analytik"},"content":{"rendered":"\t\t<div data-elementor-type=\"wp-post\" data-elementor-id=\"1926\" class=\"elementor elementor-1926\" data-elementor-settings=\"{&quot;ha_cmc_init_switcher&quot;:&quot;no&quot;}\">\n\t\t\t\t<div class=\"elementor-element elementor-element-0cf2b52 e-flex e-con-boxed e-con e-parent\" data-id=\"0cf2b52\" data-element_type=\"container\" data-e-type=\"container\" data-settings=\"{&quot;_ha_eqh_enable&quot;:false}\">\n\t\t\t\t\t<div class=\"e-con-inner\">\n\t\t<div class=\"elementor-element elementor-element-a37a21e e-con-full e-flex e-con e-child\" data-id=\"a37a21e\" data-element_type=\"container\" data-e-type=\"container\" data-settings=\"{&quot;_ha_eqh_enable&quot;:false}\">\n\t\t\t\t<div class=\"elementor-element elementor-element-09b0d45 elementor-widget elementor-widget-text-editor\" data-id=\"09b0d45\" data-element_type=\"widget\" data-e-type=\"widget\" data-widget_type=\"text-editor.default\">\n\t\t\t\t<div class=\"elementor-widget-container\">\n\t\t\t\t\t\t\t\t\t<p>Wir verf\u00fcgen \u00fcber mehr als 60 Jahre Erfahrung in der Analyse der schwierigsten Probleme in der Wassertechnik.<br \/><br \/>Die L\u00f6sung von Problemen in Wassersystemen kann schwierig erscheinen. Vielleicht haben Sie bereits die Ergebnisse und Kosten schlechter Beratung und symptomatischer Behandlungsans\u00e4tze erlebt.<\/p><p>Mit einem Labortest und\/oder einer Systembestandsaufnahme k\u00f6nnen wir Ihnen helfen, das wirkliche Problem zu identifizieren und zu l\u00f6sen.<\/p><p><br \/>Bei K\u00fchl- und Produktionswasser haben wir nicht nur schwierige Korrosionsprobleme erfolgreich gel\u00f6st, sondern auch Leckagen, Diffusionen, Querverbindungen, Druck- und Durchflussprobleme aufgesp\u00fcrt und Kavitations- und Verengungsprobleme erkannt, die mit den meisten Standardmethoden nicht erkannt werden konnten.<\/p><p>Wir haben erfolgreich Materialanalysen von Verunreinigungen durchgef\u00fchrt, um Korrosionsprodukte, biologisches Material, Kunststoffr\u00fcckst\u00e4nde, \u00d6le und Fette, Salze und Kalkablagerungen zu trennen.<\/p><p>Mit unserem hauseigenen Labor k\u00f6nnen wir Korrosionsprobleme diagnostizieren, Autopsien von verstopften und besch\u00e4digten Pumpen, Werkzeuge und W\u00e4rmetauschern durchf\u00fchren und praktische L\u00f6sungen vorschlagen.<\/p><p>Bei Fragen der VDI 6044 Konformit\u00e4t k\u00f6nnen wir eine Anlage-Bestandsaufnahme durchf\u00fchren und kundenspezifische L\u00f6sungen geben damit der VDI-Empfehlungen optimal erf\u00fcllt werden k\u00f6nnen.<\/p><p>Im Trinkwasserbereich k\u00f6nnen wir Legionellenprobleme diagnostizieren, bevor Sie einen Gutachter ben\u00f6tigen.<\/p><p>F\u00fcr unsere Sterilisationskunden f\u00fchren wir NKG-Analysen gem. EN 285 durch.<\/p><p>Wenn Sie nur \u00fcberpr\u00fcfen wollen, ob Ihr Korrosionsschutz \u201eim gr\u00fcnen Bereich\u201c ist, k\u00f6nnen Sie unsere Standard-Labortests in Auftrag geben.\u00a0 Wir ben\u00f6tigen eine Mindestprobe von 1 Liter.<\/p><p>Wenn Sie nicht wissen, was los ist, und eine Antwort auf die Frage brauchen, was Ihr Wasser tut oder tun sollte &#8211; fragen Sie uns.<\/p>\t\t\t\t\t\t\t\t<\/div>\n\t\t\t\t<\/div>\n\t\t\t\t<\/div>\n\t\t<div class=\"elementor-element elementor-element-fe14d0a e-con-full e-flex e-con e-child\" data-id=\"fe14d0a\" data-element_type=\"container\" data-e-type=\"container\" data-settings=\"{&quot;_ha_eqh_enable&quot;:false}\">\n\t\t<div class=\"elementor-element elementor-element-63addb6 e-flex e-con-boxed e-con e-child\" data-id=\"63addb6\" data-element_type=\"container\" data-e-type=\"container\" data-settings=\"{&quot;_ha_eqh_enable&quot;:false}\">\n\t\t\t\t\t<div class=\"e-con-inner\">\n\t\t\t\t<div class=\"elementor-element elementor-element-c926013 elementor-widget elementor-widget-image\" data-id=\"c926013\" data-element_type=\"widget\" data-e-type=\"widget\" data-widget_type=\"image.default\">\n\t\t\t\t<div class=\"elementor-widget-container\">\n\t\t\t\t\t\t\t\t\t\t\t\t\t\t\t<img fetchpriority=\"high\" decoding=\"async\" width=\"768\" height=\"1024\" src=\"https:\/\/www.elmak.de\/wp-content\/uploads\/2024\/12\/Lab12MODverl_800x-768x1024.png\" class=\"attachment-large size-large wp-image-1928\" alt=\"\" srcset=\"https:\/\/www.elmak.de\/wp-content\/uploads\/2024\/12\/Lab12MODverl_800x-768x1024.png 768w, https:\/\/www.elmak.de\/wp-content\/uploads\/2024\/12\/Lab12MODverl_800x-600x800.png 600w, https:\/\/www.elmak.de\/wp-content\/uploads\/2024\/12\/Lab12MODverl_800x-225x300.png 225w, https:\/\/www.elmak.de\/wp-content\/uploads\/2024\/12\/Lab12MODverl_800x-9x12.png 9w, https:\/\/www.elmak.de\/wp-content\/uploads\/2024\/12\/Lab12MODverl_800x.png 800w\" sizes=\"(max-width: 768px) 100vw, 768px\" \/>\t\t\t\t\t\t\t\t\t\t\t\t\t\t\t<\/div>\n\t\t\t\t<\/div>\n\t\t\t\t\t<\/div>\n\t\t\t\t<\/div>\n\t\t\t\t<\/div>\n\t\t\t\t\t<\/div>\n\t\t\t\t<\/div>\n\t\t<div class=\"elementor-element elementor-element-58aa80d e-flex e-con-boxed e-con e-parent\" data-id=\"58aa80d\" data-element_type=\"container\" data-e-type=\"container\" data-settings=\"{&quot;_ha_eqh_enable&quot;:false}\">\n\t\t\t\t\t<div class=\"e-con-inner\">\n\t\t<div class=\"elementor-element elementor-element-8f6f3d8 e-grid e-con-full e-con e-child\" data-id=\"8f6f3d8\" data-element_type=\"container\" data-e-type=\"container\" data-settings=\"{&quot;_ha_eqh_enable&quot;:false}\">\n\t\t\t\t<div class=\"elementor-element elementor-element-fd87aa5 elementor-widget elementor-widget-image\" data-id=\"fd87aa5\" data-element_type=\"widget\" data-e-type=\"widget\" data-widget_type=\"image.default\">\n\t\t\t\t<div class=\"elementor-widget-container\">\n\t\t\t\t\t\t\t\t\t\t\t\t<figure class=\"wp-caption\">\n\t\t\t\t\t\t\t\t\t\t<img decoding=\"async\" width=\"300\" height=\"300\" src=\"https:\/\/www.elmak.de\/wp-content\/uploads\/2024\/11\/Composite-Analysis400x400-300x300.png\" class=\"attachment-medium size-medium wp-image-1834\" alt=\"\" srcset=\"https:\/\/www.elmak.de\/wp-content\/uploads\/2024\/11\/Composite-Analysis400x400-300x300.png 300w, https:\/\/www.elmak.de\/wp-content\/uploads\/2024\/11\/Composite-Analysis400x400-100x100.png 100w, https:\/\/www.elmak.de\/wp-content\/uploads\/2024\/11\/Composite-Analysis400x400-150x150.png 150w, https:\/\/www.elmak.de\/wp-content\/uploads\/2024\/11\/Composite-Analysis400x400-12x12.png 12w, https:\/\/www.elmak.de\/wp-content\/uploads\/2024\/11\/Composite-Analysis400x400.png 400w\" sizes=\"(max-width: 300px) 100vw, 300px\" \/>\t\t\t\t\t\t\t\t\t\t\t<figcaption class=\"widget-image-caption wp-caption-text\">W\u00e4rmemessung, TG Pumpen Untersuchung, Nasschemie<\/figcaption>\n\t\t\t\t\t\t\t\t\t\t<\/figure>\n\t\t\t\t\t\t\t\t\t<\/div>\n\t\t\t\t<\/div>\n\t\t\t\t<div class=\"elementor-element elementor-element-fa14e30 elementor-widget elementor-widget-image\" data-id=\"fa14e30\" data-element_type=\"widget\" data-e-type=\"widget\" data-widget_type=\"image.default\">\n\t\t\t\t<div class=\"elementor-widget-container\">\n\t\t\t\t\t\t\t\t\t\t\t\t<figure class=\"wp-caption\">\n\t\t\t\t\t\t\t\t\t\t<img decoding=\"async\" width=\"300\" height=\"300\" src=\"https:\/\/www.elmak.de\/wp-content\/uploads\/2025\/11\/Feststoff_300x300.png\" class=\"attachment-medium size-medium wp-image-2517\" alt=\"\" srcset=\"https:\/\/www.elmak.de\/wp-content\/uploads\/2025\/11\/Feststoff_300x300.png 300w, https:\/\/www.elmak.de\/wp-content\/uploads\/2025\/11\/Feststoff_300x300-150x150.png 150w, https:\/\/www.elmak.de\/wp-content\/uploads\/2025\/11\/Feststoff_300x300-12x12.png 12w, https:\/\/www.elmak.de\/wp-content\/uploads\/2025\/11\/Feststoff_300x300-100x100.png 100w\" sizes=\"(max-width: 300px) 100vw, 300px\" \/>\t\t\t\t\t\t\t\t\t\t\t<figcaption class=\"widget-image-caption wp-caption-text\">Ablagerunganalyse<\/figcaption>\n\t\t\t\t\t\t\t\t\t\t<\/figure>\n\t\t\t\t\t\t\t\t\t<\/div>\n\t\t\t\t<\/div>\n\t\t\t\t<div class=\"elementor-element elementor-element-a913fb1 elementor-widget elementor-widget-image\" data-id=\"a913fb1\" data-element_type=\"widget\" data-e-type=\"widget\" data-widget_type=\"image.default\">\n\t\t\t\t<div class=\"elementor-widget-container\">\n\t\t\t\t\t\t\t\t\t\t\t\t<figure class=\"wp-caption\">\n\t\t\t\t\t\t\t\t\t\t<img loading=\"lazy\" decoding=\"async\" width=\"300\" height=\"275\" src=\"https:\/\/www.elmak.de\/wp-content\/uploads\/2025\/10\/KorrosionsMuster-Schnell-400x-300x275.png\" class=\"attachment-medium size-medium wp-image-2170\" alt=\"Stahlwolle Test\" srcset=\"https:\/\/www.elmak.de\/wp-content\/uploads\/2025\/10\/KorrosionsMuster-Schnell-400x-300x275.png 300w, https:\/\/www.elmak.de\/wp-content\/uploads\/2025\/10\/KorrosionsMuster-Schnell-400x-13x12.png 13w, https:\/\/www.elmak.de\/wp-content\/uploads\/2025\/10\/KorrosionsMuster-Schnell-400x.png 400w\" sizes=\"(max-width: 300px) 100vw, 300px\" \/>\t\t\t\t\t\t\t\t\t\t\t<figcaption class=\"widget-image-caption wp-caption-text\">Empirische Korrosionstests<\/figcaption>\n\t\t\t\t\t\t\t\t\t\t<\/figure>\n\t\t\t\t\t\t\t\t\t<\/div>\n\t\t\t\t<\/div>\n\t\t\t\t<div class=\"elementor-element elementor-element-b11299c elementor-widget elementor-widget-image\" data-id=\"b11299c\" data-element_type=\"widget\" data-e-type=\"widget\" data-widget_type=\"image.default\">\n\t\t\t\t<div class=\"elementor-widget-container\">\n\t\t\t\t\t\t\t\t\t\t\t\t<figure class=\"wp-caption\">\n\t\t\t\t\t\t\t\t\t\t<img loading=\"lazy\" decoding=\"async\" width=\"300\" height=\"300\" src=\"https:\/\/www.elmak.de\/wp-content\/uploads\/2024\/11\/AIImage-BYCE_plate-like-300x300.jpg\" class=\"attachment-medium size-medium wp-image-1879\" alt=\"\" srcset=\"https:\/\/www.elmak.de\/wp-content\/uploads\/2024\/11\/AIImage-BYCE_plate-like-300x300.jpg 300w, https:\/\/www.elmak.de\/wp-content\/uploads\/2024\/11\/AIImage-BYCE_plate-like-100x100.jpg 100w, https:\/\/www.elmak.de\/wp-content\/uploads\/2024\/11\/AIImage-BYCE_plate-like-150x150.jpg 150w, https:\/\/www.elmak.de\/wp-content\/uploads\/2024\/11\/AIImage-BYCE_plate-like-12x12.jpg 12w, https:\/\/www.elmak.de\/wp-content\/uploads\/2024\/11\/AIImage-BYCE_plate-like.jpg 512w\" sizes=\"(max-width: 300px) 100vw, 300px\" \/>\t\t\t\t\t\t\t\t\t\t\t<figcaption class=\"widget-image-caption wp-caption-text\">Bio-Analysen<\/figcaption>\n\t\t\t\t\t\t\t\t\t\t<\/figure>\n\t\t\t\t\t\t\t\t\t<\/div>\n\t\t\t\t<\/div>\n\t\t\t\t<div class=\"elementor-element elementor-element-711b24e elementor-widget elementor-widget-image\" data-id=\"711b24e\" data-element_type=\"widget\" data-e-type=\"widget\" data-widget_type=\"image.default\">\n\t\t\t\t<div class=\"elementor-widget-container\">\n\t\t\t\t\t\t\t\t\t\t\t\t<figure class=\"wp-caption\">\n\t\t\t\t\t\t\t\t\t\t<img loading=\"lazy\" decoding=\"async\" width=\"300\" height=\"201\" src=\"https:\/\/www.elmak.de\/wp-content\/uploads\/2025\/03\/Kavitation-Zoom3_800x-300x201.jpg\" class=\"attachment-medium size-medium wp-image-2057\" alt=\"\" srcset=\"https:\/\/www.elmak.de\/wp-content\/uploads\/2025\/03\/Kavitation-Zoom3_800x-300x201.jpg 300w, https:\/\/www.elmak.de\/wp-content\/uploads\/2025\/03\/Kavitation-Zoom3_800x-600x402.jpg 600w, https:\/\/www.elmak.de\/wp-content\/uploads\/2025\/03\/Kavitation-Zoom3_800x-768x515.jpg 768w, https:\/\/www.elmak.de\/wp-content\/uploads\/2025\/03\/Kavitation-Zoom3_800x-18x12.jpg 18w, https:\/\/www.elmak.de\/wp-content\/uploads\/2025\/03\/Kavitation-Zoom3_800x.jpg 800w\" sizes=\"(max-width: 300px) 100vw, 300px\" \/>\t\t\t\t\t\t\t\t\t\t\t<figcaption class=\"widget-image-caption wp-caption-text\">Werkzeugautopsie<\/figcaption>\n\t\t\t\t\t\t\t\t\t\t<\/figure>\n\t\t\t\t\t\t\t\t\t<\/div>\n\t\t\t\t<\/div>\n\t\t\t\t<div class=\"elementor-element elementor-element-add0c9b elementor-widget elementor-widget-image\" data-id=\"add0c9b\" data-element_type=\"widget\" data-e-type=\"widget\" data-widget_type=\"image.default\">\n\t\t\t\t<div class=\"elementor-widget-container\">\n\t\t\t\t\t\t\t\t\t\t\t\t<figure class=\"wp-caption\">\n\t\t\t\t\t\t\t\t\t\t<img loading=\"lazy\" decoding=\"async\" width=\"300\" height=\"300\" src=\"https:\/\/www.elmak.de\/wp-content\/uploads\/2025\/11\/Endoscope4-400x400-1-300x300.jpeg\" class=\"attachment-medium size-medium wp-image-2500\" alt=\"\" srcset=\"https:\/\/www.elmak.de\/wp-content\/uploads\/2025\/11\/Endoscope4-400x400-1-300x300.jpeg 300w, https:\/\/www.elmak.de\/wp-content\/uploads\/2025\/11\/Endoscope4-400x400-1-150x150.jpeg 150w, https:\/\/www.elmak.de\/wp-content\/uploads\/2025\/11\/Endoscope4-400x400-1-12x12.jpeg 12w, https:\/\/www.elmak.de\/wp-content\/uploads\/2025\/11\/Endoscope4-400x400-1-100x100.jpeg 100w, https:\/\/www.elmak.de\/wp-content\/uploads\/2025\/11\/Endoscope4-400x400-1.jpeg 400w\" sizes=\"(max-width: 300px) 100vw, 300px\" \/>\t\t\t\t\t\t\t\t\t\t\t<figcaption class=\"widget-image-caption wp-caption-text\">Endoskopie<\/figcaption>\n\t\t\t\t\t\t\t\t\t\t<\/figure>\n\t\t\t\t\t\t\t\t\t<\/div>\n\t\t\t\t<\/div>\n\t\t\t\t<\/div>\n\t\t\t\t\t<\/div>\n\t\t\t\t<\/div>\n\t\t\t\t<\/div>\n\t\t","protected":false},"excerpt":{"rendered":"<p>Wir verf\u00fcgen \u00fcber mehr als 60 Jahre Erfahrung in der Analyse der schwierigsten Probleme in der Wassertechnik. Die L\u00f6sung von Problemen in Wassersystemen kann schwierig erscheinen. Vielleicht haben Sie bereits die Ergebnisse und Kosten schlechter Beratung und symptomatischer Behandlungsans\u00e4tze erlebt. Mit einem Labortest und\/oder einer Systembestandsaufnahme k\u00f6nnen wir Ihnen helfen, das wirkliche Problem zu identifizieren [&hellip;]<\/p>\n","protected":false},"author":1,"featured_media":0,"parent":0,"menu_order":0,"comment_status":"closed","ping_status":"closed","template":"","meta":{"ocean_post_layout":"full-screen","ocean_both_sidebars_style":"","ocean_both_sidebars_content_width":0,"ocean_both_sidebars_sidebars_width":0,"ocean_sidebar":"0","ocean_second_sidebar":"0","ocean_disable_margins":"enable","ocean_add_body_class":"","ocean_shortcode_before_top_bar":"","ocean_shortcode_after_top_bar":"","ocean_shortcode_before_header":"","ocean_shortcode_after_header":"","ocean_has_shortcode":"","ocean_shortcode_after_title":"","ocean_shortcode_before_footer_widgets":"","ocean_shortcode_after_footer_widgets":"","ocean_shortcode_before_footer_bottom":"","ocean_shortcode_after_footer_bottom":"","ocean_display_top_bar":"default","ocean_display_header":"default","ocean_header_style":"","ocean_center_header_left_menu":"0","ocean_custom_header_template":"0","ocean_custom_logo":0,"ocean_custom_retina_logo":0,"ocean_custom_logo_max_width":0,"ocean_custom_logo_tablet_max_width":0,"ocean_custom_logo_mobile_max_width":0,"ocean_custom_logo_max_height":0,"ocean_custom_logo_tablet_max_height":0,"ocean_custom_logo_mobile_max_height":0,"ocean_header_custom_menu":"0","ocean_menu_typo_font_family":"0","ocean_menu_typo_font_subset":"","ocean_menu_typo_font_size":0,"ocean_menu_typo_font_size_tablet":0,"ocean_menu_typo_font_size_mobile":0,"ocean_menu_typo_font_size_unit":"px","ocean_menu_typo_font_weight":"","ocean_menu_typo_font_weight_tablet":"","ocean_menu_typo_font_weight_mobile":"","ocean_menu_typo_transform":"","ocean_menu_typo_transform_tablet":"","ocean_menu_typo_transform_mobile":"","ocean_menu_typo_line_height":0,"ocean_menu_typo_line_height_tablet":0,"ocean_menu_typo_line_height_mobile":0,"ocean_menu_typo_line_height_unit":"","ocean_menu_typo_spacing":0,"ocean_menu_typo_spacing_tablet":0,"ocean_menu_typo_spacing_mobile":0,"ocean_menu_typo_spacing_unit":"","ocean_menu_link_color":"","ocean_menu_link_color_hover":"","ocean_menu_link_color_active":"","ocean_menu_link_background":"","ocean_menu_link_hover_background":"","ocean_menu_link_active_background":"","ocean_menu_social_links_bg":"","ocean_menu_social_hover_links_bg":"","ocean_menu_social_links_color":"","ocean_menu_social_hover_links_color":"","ocean_disable_title":"default","ocean_disable_heading":"default","ocean_post_title":"","ocean_post_subheading":"","ocean_post_title_style":"","ocean_post_title_background_color":"","ocean_post_title_background":0,"ocean_post_title_bg_image_position":"","ocean_post_title_bg_image_attachment":"","ocean_post_title_bg_image_repeat":"","ocean_post_title_bg_image_size":"","ocean_post_title_height":0,"ocean_post_title_bg_overlay":0.5,"ocean_post_title_bg_overlay_color":"","ocean_disable_breadcrumbs":"default","ocean_breadcrumbs_color":"","ocean_breadcrumbs_separator_color":"","ocean_breadcrumbs_links_color":"","ocean_breadcrumbs_links_hover_color":"","ocean_display_footer_widgets":"default","ocean_display_footer_bottom":"default","ocean_custom_footer_template":"0","footnotes":""},"class_list":["post-1926","page","type-page","status-publish","hentry","entry","owp-thumbs-layout-horizontal","owp-btn-normal","owp-tabs-layout-horizontal","has-no-thumbnails","has-product-nav"],"_links":{"self":[{"href":"https:\/\/www.elmak.de\/de\/wp-json\/wp\/v2\/pages\/1926","targetHints":{"allow":["GET"]}}],"collection":[{"href":"https:\/\/www.elmak.de\/de\/wp-json\/wp\/v2\/pages"}],"about":[{"href":"https:\/\/www.elmak.de\/de\/wp-json\/wp\/v2\/types\/page"}],"author":[{"embeddable":true,"href":"https:\/\/www.elmak.de\/de\/wp-json\/wp\/v2\/users\/1"}],"replies":[{"embeddable":true,"href":"https:\/\/www.elmak.de\/de\/wp-json\/wp\/v2\/comments?post=1926"}],"version-history":[{"count":25,"href":"https:\/\/www.elmak.de\/de\/wp-json\/wp\/v2\/pages\/1926\/revisions"}],"predecessor-version":[{"id":2759,"href":"https:\/\/www.elmak.de\/de\/wp-json\/wp\/v2\/pages\/1926\/revisions\/2759"}],"wp:attachment":[{"href":"https:\/\/www.elmak.de\/de\/wp-json\/wp\/v2\/media?parent=1926"}],"curies":[{"name":"wp","href":"https:\/\/api.w.org\/{rel}","templated":true}]}}