{"id":161,"date":"2016-10-25T15:19:54","date_gmt":"2016-10-25T15:19:54","guid":{"rendered":"http:\/\/lawyer2.mythemecloud.io\/?page_id=161"},"modified":"2025-11-12T14:57:11","modified_gmt":"2025-11-12T14:57:11","slug":"home","status":"publish","type":"page","link":"https:\/\/www.elmak.de\/de\/","title":{"rendered":"Home"},"content":{"rendered":"\t\t<div data-elementor-type=\"wp-post\" data-elementor-id=\"161\" class=\"elementor elementor-161\" data-elementor-settings=\"{&quot;ha_cmc_init_switcher&quot;:&quot;no&quot;}\">\n\t\t\t\t\t\t<section class=\"elementor-section elementor-top-section elementor-element elementor-element-q0x262l elementor-section-height-min-height elementor-section-boxed elementor-section-height-default elementor-section-items-middle\" data-id=\"q0x262l\" data-element_type=\"section\" data-e-type=\"section\" data-settings=\"{&quot;background_background&quot;:&quot;classic&quot;,&quot;_ha_eqh_enable&quot;:false}\">\n\t\t\t\t\t\t\t<div class=\"elementor-background-overlay\"><\/div>\n\t\t\t\t\t\t\t<div class=\"elementor-container elementor-column-gap-default\">\n\t\t\t\t\t<div class=\"elementor-column elementor-col-50 elementor-top-column elementor-element elementor-element-biy7ig8\" data-id=\"biy7ig8\" data-element_type=\"column\" data-e-type=\"column\" data-settings=\"{&quot;background_background&quot;:&quot;classic&quot;}\">\n\t\t\t<div class=\"elementor-widget-wrap elementor-element-populated\">\n\t\t\t\t\t\t<div class=\"elementor-element elementor-element-hj7wqof elementor-widget elementor-widget-heading\" data-id=\"hj7wqof\" data-element_type=\"widget\" data-e-type=\"widget\" data-widget_type=\"heading.default\">\n\t\t\t\t<div class=\"elementor-widget-container\">\n\t\t\t\t\t<h1 class=\"elementor-heading-title elementor-size-default\">Wir engagieren uns f\u00fcr Ihren Erfolg.<\/h1>\t\t\t\t<\/div>\n\t\t\t\t<\/div>\n\t\t\t\t<div class=\"elementor-element elementor-element-f6k1q97 elementor-widget-divider--view-line elementor-widget elementor-widget-divider\" data-id=\"f6k1q97\" data-element_type=\"widget\" data-e-type=\"widget\" data-widget_type=\"divider.default\">\n\t\t\t\t<div class=\"elementor-widget-container\">\n\t\t\t\t\t\t\t<div class=\"elementor-divider\">\n\t\t\t<span class=\"elementor-divider-separator\">\n\t\t\t\t\t\t<\/span>\n\t\t<\/div>\n\t\t\t\t\t\t<\/div>\n\t\t\t\t<\/div>\n\t\t\t\t<div class=\"elementor-element elementor-element-9kuff4d elementor-widget elementor-widget-text-editor\" data-id=\"9kuff4d\" data-element_type=\"widget\" data-e-type=\"widget\" data-widget_type=\"text-editor.default\">\n\t\t\t\t<div class=\"elementor-widget-container\">\n\t\t\t\t\t\t\t\t\t<p>Daf\u00fcr m\u00f6chten wir Ihnen die richtigen Wasseraufbereitungsmethoden anbieten, die Ihre Gesamtbetriebskosten wirklich senken.<\/p><p>Oft geht es nicht um die bestm\u00f6gliche Technologie, sondern um die richtigen Methoden, bei denen die Kosten-Nutzen-Analyse eindeutig positiv ausf\u00e4llt.<\/p><p>Aus diesem Grund bleiben wir bodenfest und nutzen unser Verst\u00e4ndnis von Physik, Chemie und Technik, um das, was funktioniert, auf dem Tisch zu behalten und die fantasievollen \u201eL\u00f6sungen\u201c dort zu lassen, wo sie hingeh\u00f6ren: im M\u00fclleimer.<\/p><p>Wir empfehlen ihnen unserer Beratungsservice in Anspruch zu nehmen und Ihre tats\u00e4chlichen Kosten zu berechnen.\u00a0 Wir helfen ihnen bewusst eine sinnvolle Investition zu bet\u00e4tigen.<\/p>\t\t\t\t\t\t\t\t<\/div>\n\t\t\t\t<\/div>\n\t\t\t\t<div class=\"elementor-element elementor-element-u5f0864 elementor-widget elementor-widget-button\" data-id=\"u5f0864\" data-element_type=\"widget\" data-e-type=\"widget\" data-widget_type=\"button.default\">\n\t\t\t\t<div class=\"elementor-widget-container\">\n\t\t\t\t\t\t\t\t\t<div class=\"elementor-button-wrapper\">\n\t\t\t\t\t<a class=\"elementor-button elementor-button-link elementor-size-sm\" href=\"\/elmakwp\/kontakt\">\n\t\t\t\t\t\t<span class=\"elementor-button-content-wrapper\">\n\t\t\t\t\t\t<span class=\"elementor-button-icon\">\n\t\t\t\t<i aria-hidden=\"true\" class=\"fas fa-long-arrow-alt-right\"><\/i>\t\t\t<\/span>\n\t\t\t\t\t\t\t\t\t<span class=\"elementor-button-text\">Nehmen Sie Kontakt mit uns auf<\/span>\n\t\t\t\t\t<\/span>\n\t\t\t\t\t<\/a>\n\t\t\t\t<\/div>\n\t\t\t\t\t\t\t\t<\/div>\n\t\t\t\t<\/div>\n\t\t\t\t\t<\/div>\n\t\t<\/div>\n\t\t\t\t<div class=\"elementor-column elementor-col-50 elementor-top-column elementor-element elementor-element-jlert5r\" data-id=\"jlert5r\" data-element_type=\"column\" data-e-type=\"column\">\n\t\t\t<div class=\"elementor-widget-wrap elementor-element-populated\">\n\t\t\t\t<div class=\"elementor-element elementor-element-a1c006a e-con-full e-flex e-con e-parent\" data-id=\"a1c006a\" data-element_type=\"container\" data-e-type=\"container\" data-settings=\"{&quot;background_background&quot;:&quot;slideshow&quot;,&quot;background_slideshow_gallery&quot;:[{&quot;id&quot;:1661,&quot;url&quot;:&quot;https:\\\/\\\/www.elmak.de\\\/wp-content\\\/uploads\\\/2023\\\/12\\\/KT-QuarderDawn-800x960y.png&quot;},{&quot;id&quot;:2681,&quot;url&quot;:&quot;https:\\\/\\\/www.elmak.de\\\/wp-content\\\/uploads\\\/2025\\\/11\\\/2KT-Merten-frei-600x600y.png&quot;},{&quot;id&quot;:2682,&quot;url&quot;:&quot;https:\\\/\\\/www.elmak.de\\\/wp-content\\\/uploads\\\/2025\\\/11\\\/ContainerInnenBK600x600y.jpg&quot;},{&quot;id&quot;:2683,&quot;url&quot;:&quot;https:\\\/\\\/www.elmak.de\\\/wp-content\\\/uploads\\\/2025\\\/11\\\/EG110undVRZ-600x600-1.png&quot;},{&quot;id&quot;:2684,&quot;url&quot;:&quot;https:\\\/\\\/www.elmak.de\\\/wp-content\\\/uploads\\\/2025\\\/11\\\/Watermaster-Frei-600x-600y.png&quot;},{&quot;id&quot;:2685,&quot;url&quot;:&quot;https:\\\/\\\/www.elmak.de\\\/wp-content\\\/uploads\\\/2025\\\/11\\\/ExV20L-600x600y.png&quot;}],&quot;background_slideshow_loop&quot;:&quot;yes&quot;,&quot;background_slideshow_slide_duration&quot;:5000,&quot;background_slideshow_slide_transition&quot;:&quot;fade&quot;,&quot;background_slideshow_transition_duration&quot;:500,&quot;_ha_eqh_enable&quot;:false}\">\n\t\t\t\t<\/div>\n\t\t\t\t\t<\/div>\n\t\t<\/div>\n\t\t\t\t\t<\/div>\n\t\t<\/section>\n\t\t<div class=\"elementor-element elementor-element-a17462a e-flex e-con-boxed e-con e-parent\" data-id=\"a17462a\" data-element_type=\"container\" data-e-type=\"container\" data-settings=\"{&quot;_ha_eqh_enable&quot;:false}\">\n\t\t\t\t\t<div class=\"e-con-inner\">\n\t\t\t\t<div class=\"elementor-element elementor-element-4a1c7aa elementor-widget elementor-widget-text-editor\" data-id=\"4a1c7aa\" data-element_type=\"widget\" data-e-type=\"widget\" data-widget_type=\"text-editor.default\">\n\t\t\t\t<div class=\"elementor-widget-container\">\n\t\t\t\t\t\t\t\t\t<p>Hinweis: Diese Webseite befindet sich im Aufbau.\u00a0 Danke f\u00fcr Ihren Besuch.<\/p>\t\t\t\t\t\t\t\t<\/div>\n\t\t\t\t<\/div>\n\t\t\t\t\t<\/div>\n\t\t\t\t<\/div>\n\t\t\t\t<section class=\"elementor-section elementor-top-section elementor-element elementor-element-ownwyz4 elementor-section-boxed elementor-section-height-default elementor-section-height-default\" data-id=\"ownwyz4\" data-element_type=\"section\" data-e-type=\"section\" data-settings=\"{&quot;background_background&quot;:&quot;classic&quot;,&quot;_ha_eqh_enable&quot;:false}\">\n\t\t\t\t\t\t<div class=\"elementor-container elementor-column-gap-default\">\n\t\t\t\t\t<div class=\"elementor-column elementor-col-100 elementor-top-column elementor-element elementor-element-gyk2vrf\" data-id=\"gyk2vrf\" data-element_type=\"column\" data-e-type=\"column\">\n\t\t\t<div class=\"elementor-widget-wrap elementor-element-populated\">\n\t\t\t\t\t\t<div class=\"elementor-element elementor-element-jq33ejj elementor-widget elementor-widget-heading\" data-id=\"jq33ejj\" data-element_type=\"widget\" data-e-type=\"widget\" data-widget_type=\"heading.default\">\n\t\t\t\t<div class=\"elementor-widget-container\">\n\t\t\t\t\t<h2 class=\"elementor-heading-title elementor-size-default\">Was interessiert Sie?<\/h2>\t\t\t\t<\/div>\n\t\t\t\t<\/div>\n\t\t\t\t\t<\/div>\n\t\t<\/div>\n\t\t\t\t\t<\/div>\n\t\t<\/section>\n\t\t\t\t<section class=\"elementor-section elementor-top-section elementor-element elementor-element-af0e0b2 elementor-section-boxed elementor-section-height-default elementor-section-height-default\" data-id=\"af0e0b2\" data-element_type=\"section\" data-e-type=\"section\" data-settings=\"{&quot;background_background&quot;:&quot;classic&quot;,&quot;_ha_eqh_enable&quot;:&quot;yes&quot;,&quot;_ha_eqh_widget&quot;:[&quot;image-box&quot;],&quot;_ha_eqh_to&quot;:&quot;widget&quot;,&quot;_ha_eqh_disable_on_tablet&quot;:&quot;no&quot;,&quot;_ha_eqh_disable_on_mobile&quot;:&quot;yes&quot;}\">\n\t\t\t\t\t\t<div class=\"elementor-container elementor-column-gap-default\">\n\t\t\t\t\t<div class=\"elementor-column elementor-col-33 elementor-top-column elementor-element elementor-element-8afd795\" data-id=\"8afd795\" data-element_type=\"column\" data-e-type=\"column\" data-settings=\"{&quot;background_background&quot;:&quot;classic&quot;}\">\n\t\t\t<div class=\"elementor-widget-wrap elementor-element-populated\">\n\t\t\t\t\t\t<div class=\"elementor-element elementor-element-ee92364 elementor-vertical-align-top elementor-widget elementor-widget-image-box\" data-id=\"ee92364\" data-element_type=\"widget\" data-e-type=\"widget\" data-widget_type=\"image-box.default\">\n\t\t\t\t<div class=\"elementor-widget-container\">\n\t\t\t\t\t<div class=\"elementor-image-box-wrapper\"><figure class=\"elementor-image-box-img\"><a href=\"\/kuehlwasser\" tabindex=\"-1\"><img fetchpriority=\"high\" decoding=\"async\" width=\"300\" height=\"300\" src=\"https:\/\/www.elmak.de\/wp-content\/uploads\/2023\/12\/3StepKorrosionsschutz-400x400-1-300x300.png\" class=\"attachment-medium size-medium wp-image-1693\" alt=\"\" srcset=\"https:\/\/www.elmak.de\/wp-content\/uploads\/2023\/12\/3StepKorrosionsschutz-400x400-1-300x300.png 300w, https:\/\/www.elmak.de\/wp-content\/uploads\/2023\/12\/3StepKorrosionsschutz-400x400-1-100x100.png 100w, https:\/\/www.elmak.de\/wp-content\/uploads\/2023\/12\/3StepKorrosionsschutz-400x400-1-150x150.png 150w, https:\/\/www.elmak.de\/wp-content\/uploads\/2023\/12\/3StepKorrosionsschutz-400x400-1-12x12.png 12w, https:\/\/www.elmak.de\/wp-content\/uploads\/2023\/12\/3StepKorrosionsschutz-400x400-1.png 400w\" sizes=\"(max-width: 300px) 100vw, 300px\" \/><\/a><\/figure><div class=\"elementor-image-box-content\"><h3 class=\"elementor-image-box-title\"><a href=\"\/kuehlwasser\">K\u00fchlwasser und Temperierwasser<\/a><\/h3><p class=\"elementor-image-box-description\">Technologien<br>\nWasseraufbereitung  &amp; Korrosionsschutz<br>\nDienstleistungen<br><br><\/p><\/div><\/div>\t\t\t\t<\/div>\n\t\t\t\t<\/div>\n\t\t\t\t\t<\/div>\n\t\t<\/div>\n\t\t\t\t<div class=\"elementor-column elementor-col-33 elementor-top-column elementor-element elementor-element-1a82f16\" data-id=\"1a82f16\" data-element_type=\"column\" data-e-type=\"column\" data-settings=\"{&quot;background_background&quot;:&quot;classic&quot;}\">\n\t\t\t<div class=\"elementor-widget-wrap elementor-element-populated\">\n\t\t\t\t\t\t<div class=\"elementor-element elementor-element-6373c0b elementor-vertical-align-top elementor-widget elementor-widget-image-box\" data-id=\"6373c0b\" data-element_type=\"widget\" data-e-type=\"widget\" data-widget_type=\"image-box.default\">\n\t\t\t\t<div class=\"elementor-widget-container\">\n\t\t\t\t\t<div class=\"elementor-image-box-wrapper\"><figure class=\"elementor-image-box-img\"><a href=\"\/gebaeude\" tabindex=\"-1\"><img decoding=\"async\" width=\"300\" height=\"300\" src=\"https:\/\/www.elmak.de\/wp-content\/uploads\/2025\/11\/GlasofWater-300x300.jpg\" class=\"attachment-medium size-medium wp-image-2650\" alt=\"\" srcset=\"https:\/\/www.elmak.de\/wp-content\/uploads\/2025\/11\/GlasofWater-300x300.jpg 300w, https:\/\/www.elmak.de\/wp-content\/uploads\/2025\/11\/GlasofWater-150x150.jpg 150w, https:\/\/www.elmak.de\/wp-content\/uploads\/2025\/11\/GlasofWater-12x12.jpg 12w, https:\/\/www.elmak.de\/wp-content\/uploads\/2025\/11\/GlasofWater-600x600.jpg 600w, https:\/\/www.elmak.de\/wp-content\/uploads\/2025\/11\/GlasofWater-100x100.jpg 100w, https:\/\/www.elmak.de\/wp-content\/uploads\/2025\/11\/GlasofWater.jpg 640w\" sizes=\"(max-width: 300px) 100vw, 300px\" \/><\/a><\/figure><div class=\"elementor-image-box-content\"><h3 class=\"elementor-image-box-title\"><a href=\"\/gebaeude\">Geb\u00e4udetechnik  -Trinkwasserhygiene  und Heizungen<\/a><\/h3><p class=\"elementor-image-box-description\">Technologien\nLegionellenbek\u00e4mpfung<br>\nWasseraufbereitung  &amp; Korrosionsschutz<br>\nDienstleistungen<\/p><\/div><\/div>\t\t\t\t<\/div>\n\t\t\t\t<\/div>\n\t\t\t\t\t<\/div>\n\t\t<\/div>\n\t\t\t\t<div class=\"elementor-column elementor-col-33 elementor-top-column elementor-element elementor-element-fab9e06\" data-id=\"fab9e06\" data-element_type=\"column\" data-e-type=\"column\">\n\t\t\t<div class=\"elementor-widget-wrap elementor-element-populated\">\n\t\t\t\t\t\t<div class=\"elementor-element elementor-element-340c97c elementor-vertical-align-top elementor-widget elementor-widget-image-box\" data-id=\"340c97c\" data-element_type=\"widget\" data-e-type=\"widget\" data-widget_type=\"image-box.default\">\n\t\t\t\t<div class=\"elementor-widget-container\">\n\t\t\t\t\t<div class=\"elementor-image-box-wrapper\"><figure class=\"elementor-image-box-img\"><a href=\"\/medizin\" tabindex=\"-1\"><img decoding=\"async\" width=\"300\" height=\"300\" src=\"https:\/\/www.elmak.de\/wp-content\/uploads\/2023\/12\/Eg136-Freigestell-400x400-1-300x300.png\" class=\"attachment-medium size-medium wp-image-1705\" alt=\"\" srcset=\"https:\/\/www.elmak.de\/wp-content\/uploads\/2023\/12\/Eg136-Freigestell-400x400-1-300x300.png 300w, https:\/\/www.elmak.de\/wp-content\/uploads\/2023\/12\/Eg136-Freigestell-400x400-1-100x100.png 100w, https:\/\/www.elmak.de\/wp-content\/uploads\/2023\/12\/Eg136-Freigestell-400x400-1-150x150.png 150w, https:\/\/www.elmak.de\/wp-content\/uploads\/2023\/12\/Eg136-Freigestell-400x400-1-12x12.png 12w, https:\/\/www.elmak.de\/wp-content\/uploads\/2023\/12\/Eg136-Freigestell-400x400-1.png 400w\" sizes=\"(max-width: 300px) 100vw, 300px\" \/><\/a><\/figure><div class=\"elementor-image-box-content\"><h3 class=\"elementor-image-box-title\"><a href=\"\/medizin\">Andere Spezialit\u00e4ten<\/a><\/h3><p class=\"elementor-image-box-description\">ELMAK\u00ae Vakuum-Entgasung f\u00fcr Dampfsterilzatoren<br>\n<br>\nSolarthermie Wassertechnik-L\u00f6sungen<br>\nWasserpflege in der Energiesektor<br>\n\n<\/p><\/div><\/div>\t\t\t\t<\/div>\n\t\t\t\t<\/div>\n\t\t\t\t\t<\/div>\n\t\t<\/div>\n\t\t\t\t\t<\/div>\n\t\t<\/section>\n\t\t\t\t<section class=\"elementor-section elementor-top-section elementor-element elementor-element-0247c40 elementor-section-boxed elementor-section-height-default elementor-section-height-default\" data-id=\"0247c40\" data-element_type=\"section\" data-e-type=\"section\" data-settings=\"{&quot;background_background&quot;:&quot;classic&quot;,&quot;_ha_eqh_enable&quot;:false}\">\n\t\t\t\t\t\t<div class=\"elementor-container elementor-column-gap-default\">\n\t\t\t\t\t<div class=\"elementor-column elementor-col-100 elementor-top-column elementor-element elementor-element-23c254e\" data-id=\"23c254e\" data-element_type=\"column\" data-e-type=\"column\">\n\t\t\t<div class=\"elementor-widget-wrap elementor-element-populated\">\n\t\t\t\t\t\t<div class=\"elementor-element elementor-element-z2sx271 elementor-widget elementor-widget-text-editor\" data-id=\"z2sx271\" data-element_type=\"widget\" data-e-type=\"widget\" data-widget_type=\"text-editor.default\">\n\t\t\t\t<div class=\"elementor-widget-container\">\n\t\t\t\t\t\t\t\t\t<p>Heizung, Solarthermie\u00a0\u00a0 :\u00a0\u00a0 K\u00fchlwasser und Kaltwasser hermetisch und offen\u00a0\u00a0\u00a0\u00a0\u00a0 : \u00a0\u00a0 Temperiersysteme offen und hermetisch\u00a0 \u00a0 :\u00a0\u00a0\u00a0 Trinkwasser Anti- Stagnation, Anti-Legionellen\u00a0\u00a0 :\u00a0\u00a0 K\u00fchlt\u00fcrme Verdunstungsk\u00fchler + Legionellenschutz\u00a0\u00a0 :\u00a0\u00a0 Chemikalien, Korrosionsschutz und Wasseraufbereitung : Werkzeugreinigung : K\u00fchlwasserreinigung<\/p>\t\t\t\t\t\t\t\t<\/div>\n\t\t\t\t<\/div>\n\t\t\t\t\t<\/div>\n\t\t<\/div>\n\t\t\t\t\t<\/div>\n\t\t<\/section>\n\t\t\t\t<\/div>\n\t\t","protected":false},"excerpt":{"rendered":"<p>Wir engagieren uns f\u00fcr Ihren Erfolg. Daf\u00fcr m\u00f6chten wir Ihnen die richtigen Wasseraufbereitungsmethoden anbieten, die Ihre Gesamtbetriebskosten wirklich senken. Oft geht es nicht um die bestm\u00f6gliche Technologie, sondern um die richtigen Methoden, bei denen die Kosten-Nutzen-Analyse eindeutig positiv ausf\u00e4llt. Aus diesem Grund bleiben wir bodenfest und nutzen unser Verst\u00e4ndnis von Physik, Chemie und Technik, um [&hellip;]<\/p>\n","protected":false},"author":1,"featured_media":0,"parent":0,"menu_order":0,"comment_status":"closed","ping_status":"closed","template":"","meta":{"ocean_post_layout":"full-screen","ocean_both_sidebars_style":"","ocean_both_sidebars_content_width":0,"ocean_both_sidebars_sidebars_width":0,"ocean_sidebar":"","ocean_second_sidebar":"","ocean_disable_margins":"on","ocean_add_body_class":"","ocean_shortcode_before_top_bar":"","ocean_shortcode_after_top_bar":"","ocean_shortcode_before_header":"","ocean_shortcode_after_header":"","ocean_has_shortcode":"","ocean_shortcode_after_title":"","ocean_shortcode_before_footer_widgets":"","ocean_shortcode_after_footer_widgets":"","ocean_shortcode_before_footer_bottom":"","ocean_shortcode_after_footer_bottom":"","ocean_display_top_bar":"default","ocean_display_header":"default","ocean_header_style":"","ocean_center_header_left_menu":"","ocean_custom_header_template":"","ocean_custom_logo":0,"ocean_custom_retina_logo":0,"ocean_custom_logo_max_width":0,"ocean_custom_logo_tablet_max_width":0,"ocean_custom_logo_mobile_max_width":0,"ocean_custom_logo_max_height":0,"ocean_custom_logo_tablet_max_height":0,"ocean_custom_logo_mobile_max_height":0,"ocean_header_custom_menu":"","ocean_menu_typo_font_family":"","ocean_menu_typo_font_subset":"","ocean_menu_typo_font_size":0,"ocean_menu_typo_font_size_tablet":0,"ocean_menu_typo_font_size_mobile":0,"ocean_menu_typo_font_size_unit":"px","ocean_menu_typo_font_weight":"","ocean_menu_typo_font_weight_tablet":"","ocean_menu_typo_font_weight_mobile":"","ocean_menu_typo_transform":"","ocean_menu_typo_transform_tablet":"","ocean_menu_typo_transform_mobile":"","ocean_menu_typo_line_height":0,"ocean_menu_typo_line_height_tablet":0,"ocean_menu_typo_line_height_mobile":0,"ocean_menu_typo_line_height_unit":"","ocean_menu_typo_spacing":0,"ocean_menu_typo_spacing_tablet":0,"ocean_menu_typo_spacing_mobile":0,"ocean_menu_typo_spacing_unit":"","ocean_menu_link_color":"","ocean_menu_link_color_hover":"","ocean_menu_link_color_active":"","ocean_menu_link_background":"","ocean_menu_link_hover_background":"","ocean_menu_link_active_background":"","ocean_menu_social_links_bg":"","ocean_menu_social_hover_links_bg":"","ocean_menu_social_links_color":"","ocean_menu_social_hover_links_color":"","ocean_disable_title":"on","ocean_disable_heading":"default","ocean_post_title":"","ocean_post_subheading":"","ocean_post_title_style":"","ocean_post_title_background_color":"","ocean_post_title_background":0,"ocean_post_title_bg_image_position":"","ocean_post_title_bg_image_attachment":"","ocean_post_title_bg_image_repeat":"","ocean_post_title_bg_image_size":"","ocean_post_title_height":0,"ocean_post_title_bg_overlay":0.5,"ocean_post_title_bg_overlay_color":"","ocean_disable_breadcrumbs":"default","ocean_breadcrumbs_color":"","ocean_breadcrumbs_separator_color":"","ocean_breadcrumbs_links_color":"","ocean_breadcrumbs_links_hover_color":"","ocean_display_footer_widgets":"default","ocean_display_footer_bottom":"default","ocean_custom_footer_template":"","footnotes":""},"class_list":["post-161","page","type-page","status-publish","hentry","entry","owp-thumbs-layout-horizontal","owp-btn-normal","owp-tabs-layout-horizontal","has-no-thumbnails","has-product-nav"],"_links":{"self":[{"href":"https:\/\/www.elmak.de\/de\/wp-json\/wp\/v2\/pages\/161","targetHints":{"allow":["GET"]}}],"collection":[{"href":"https:\/\/www.elmak.de\/de\/wp-json\/wp\/v2\/pages"}],"about":[{"href":"https:\/\/www.elmak.de\/de\/wp-json\/wp\/v2\/types\/page"}],"author":[{"embeddable":true,"href":"https:\/\/www.elmak.de\/de\/wp-json\/wp\/v2\/users\/1"}],"replies":[{"embeddable":true,"href":"https:\/\/www.elmak.de\/de\/wp-json\/wp\/v2\/comments?post=161"}],"version-history":[{"count":301,"href":"https:\/\/www.elmak.de\/de\/wp-json\/wp\/v2\/pages\/161\/revisions"}],"predecessor-version":[{"id":2769,"href":"https:\/\/www.elmak.de\/de\/wp-json\/wp\/v2\/pages\/161\/revisions\/2769"}],"wp:attachment":[{"href":"https:\/\/www.elmak.de\/de\/wp-json\/wp\/v2\/media?parent=161"}],"curies":[{"name":"wp","href":"https:\/\/api.w.org\/{rel}","templated":true}]}}