{"id":1170,"date":"2023-10-18T11:27:58","date_gmt":"2023-10-18T11:27:58","guid":{"rendered":"https:\/\/elmak.de\/?page_id=1170"},"modified":"2025-10-08T09:22:06","modified_gmt":"2025-10-08T09:22:06","slug":"entgasung","status":"publish","type":"page","link":"https:\/\/www.elmak.de\/de\/entgasung\/","title":{"rendered":"Entgasung"},"content":{"rendered":"\t\t<div data-elementor-type=\"wp-post\" data-elementor-id=\"1170\" class=\"elementor elementor-1170\" data-elementor-settings=\"{&quot;ha_cmc_init_switcher&quot;:&quot;no&quot;}\">\n\t\t\t\t\t\t<section class=\"elementor-section elementor-top-section elementor-element elementor-element-bu71rau elementor-section-boxed elementor-section-height-default elementor-section-height-default\" data-id=\"bu71rau\" data-element_type=\"section\" data-e-type=\"section\" data-settings=\"{&quot;background_background&quot;:&quot;classic&quot;,&quot;_ha_eqh_enable&quot;:false}\">\n\t\t\t\t\t\t<div class=\"elementor-container elementor-column-gap-default\">\n\t\t\t\t\t<div class=\"elementor-column elementor-col-33 elementor-top-column elementor-element elementor-element-p4b3n7m\" data-id=\"p4b3n7m\" data-element_type=\"column\" data-e-type=\"column\">\n\t\t\t<div class=\"elementor-widget-wrap elementor-element-populated\">\n\t\t\t\t\t\t<div class=\"elementor-element elementor-element-73gt1to areas-box elementor-position-top elementor-widget elementor-widget-image-box\" data-id=\"73gt1to\" data-element_type=\"widget\" data-e-type=\"widget\" data-widget_type=\"image-box.default\">\n\t\t\t\t<div class=\"elementor-widget-container\">\n\t\t\t\t\t<div class=\"elementor-image-box-wrapper\"><figure class=\"elementor-image-box-img\"><a href=\"#\" tabindex=\"-1\"><img fetchpriority=\"high\" decoding=\"async\" width=\"200\" height=\"527\" src=\"https:\/\/www.elmak.de\/wp-content\/uploads\/2023\/10\/EG100-freigest-200x527-1.png\" class=\"attachment-full size-full wp-image-1120\" alt=\"\" \/><\/a><\/figure><div class=\"elementor-image-box-content\"><h2 class=\"elementor-image-box-title\"><a href=\"#\">Hermetische Kreisl\u00e4ufe<\/a><\/h2><p class=\"elementor-image-box-description\">ELMAK-Kaltentgasungsverfahren erm\u00f6glicht Entgasung aller hermetischer Kreisl\u00e4ufe (korrosionstechnisch geschlossene Anlagen) in Teilstrom - ohne Hauptstr\u00f6mungs\u00e4nderungen.\nUnsere EG100 Baureihe ist f\u00fcr K\u00fchlwasser, Heizungen, Klimatisierungsanlagen, Motoren- und Transformatorenk\u00fchlwasser anwendbar. <br><br>\nEs ist besonders n\u00fctzlich, um die Konformit\u00e4t mit VDI 6044 f\u00fcr Stickstoff, Kohlendioxid und Sauerstoff zu erreichen.<\/p><\/div><\/div>\t\t\t\t<\/div>\n\t\t\t\t<\/div>\n\t\t\t\t\t<\/div>\n\t\t<\/div>\n\t\t\t\t<div class=\"elementor-column elementor-col-33 elementor-top-column elementor-element elementor-element-94z8gp3\" data-id=\"94z8gp3\" data-element_type=\"column\" data-e-type=\"column\">\n\t\t\t<div class=\"elementor-widget-wrap elementor-element-populated\">\n\t\t\t\t\t\t<div class=\"elementor-element elementor-element-o8y6vue areas-box elementor-position-top elementor-widget elementor-widget-image-box\" data-id=\"o8y6vue\" data-element_type=\"widget\" data-e-type=\"widget\" data-widget_type=\"image-box.default\">\n\t\t\t\t<div class=\"elementor-widget-container\">\n\t\t\t\t\t<div class=\"elementor-image-box-wrapper\"><figure class=\"elementor-image-box-img\"><a href=\"#\" tabindex=\"-1\"><img decoding=\"async\" width=\"200\" height=\"466\" src=\"https:\/\/www.elmak.de\/wp-content\/uploads\/2023\/10\/EG138-frei-200x466-1.png\" class=\"attachment-full size-full wp-image-1195\" alt=\"\" \/><\/a><\/figure><div class=\"elementor-image-box-content\"><h2 class=\"elementor-image-box-title\"><a href=\"#\"><br><br>Offene Kreisl\u00e4ufe<\/a><\/h2><p class=\"elementor-image-box-description\">Haben Sie einen offenen R\u00fccklauftank? Die EG138 Baureihe erm\u00f6glicht Entgasung und Filtration eines offenen Kreislaufs.\n\nDieses Modell ist perfekt f\u00fcr herk\u00f6mmliche \"preiswerte Anlagen\" konzipiert, wo kein Ruhedruck vorhanden ist.\n<br><br>\nZusammen mit unserem Korrosionsschutz tr\u00e4gt dieses Ger\u00e4t dazu bei, einen Gehalt an gel\u00f6sten Gasen zu erreichen, der dem in geschlossenen Kreisl\u00e4ufen nahekommt, wodurch der Korrosionsschutz erheblich verbessert und viele Ziele der VDI 6044 erreicht werden.\n<br><br>\nDie EG138 beinhaltet auch Teilstromfiltration mit Trennsch\u00e4rfe &lt;5\u00b5m, auch eine VDI 6044 Ziel.\n\n<\/p><\/div><\/div>\t\t\t\t<\/div>\n\t\t\t\t<\/div>\n\t\t\t\t\t<\/div>\n\t\t<\/div>\n\t\t\t\t<div class=\"elementor-column elementor-col-33 elementor-top-column elementor-element elementor-element-phobwjz\" data-id=\"phobwjz\" data-element_type=\"column\" data-e-type=\"column\">\n\t\t\t<div class=\"elementor-widget-wrap elementor-element-populated\">\n\t\t\t\t\t\t<div class=\"elementor-element elementor-element-clyq47f areas-box elementor-position-top elementor-widget elementor-widget-image-box\" data-id=\"clyq47f\" data-element_type=\"widget\" data-e-type=\"widget\" data-widget_type=\"image-box.default\">\n\t\t\t\t<div class=\"elementor-widget-container\">\n\t\t\t\t\t<div class=\"elementor-image-box-wrapper\"><figure class=\"elementor-image-box-img\"><a href=\"#\" tabindex=\"-1\"><img decoding=\"async\" width=\"200\" height=\"350\" src=\"https:\/\/www.elmak.de\/wp-content\/uploads\/2023\/10\/EG136-mWAT-200x350-1.png\" class=\"attachment-full size-full wp-image-1276\" alt=\"\" \/><\/a><\/figure><div class=\"elementor-image-box-content\"><h2 class=\"elementor-image-box-title\"><a href=\"#\"><br><br><br><br><br><br>Sterilisatoren<\/a><\/h2><p class=\"elementor-image-box-description\">Sterilisatoren brauchen Wasser mit niedrigen NKG-Werten.  ELMAK-Entgasungstechnik senkt diesen NKG, ohne das Wasser zu erhitzen.\n<br><br>\nUnsere Konstruktionen f\u00fcr den Medizin\/Pharmabereich sind schwarzmetall- und gummifrei.\n<br><br>\nDiese Ger\u00e4te erreichen problemlos die in EN 285 geforderten NKG-Werte.<\/p><\/div><\/div>\t\t\t\t<\/div>\n\t\t\t\t<\/div>\n\t\t\t\t\t<\/div>\n\t\t<\/div>\n\t\t\t\t\t<\/div>\n\t\t<\/section>\n\t\t\t\t<\/div>\n\t\t","protected":false},"excerpt":{"rendered":"<p>Hermetische Kreisl\u00e4ufe ELMAK-Kaltentgasungsverfahren erm\u00f6glicht Entgasung aller hermetischer Kreisl\u00e4ufe (korrosionstechnisch geschlossene Anlagen) in Teilstrom &#8211; ohne Hauptstr\u00f6mungs\u00e4nderungen. Unsere EG100 Baureihe ist f\u00fcr K\u00fchlwasser, Heizungen, Klimatisierungsanlagen, Motoren- und Transformatorenk\u00fchlwasser anwendbar. Es ist besonders n\u00fctzlich, um die Konformit\u00e4t mit VDI 6044 f\u00fcr Stickstoff, Kohlendioxid und Sauerstoff zu erreichen. Offene Kreisl\u00e4ufe Haben Sie einen offenen R\u00fccklauftank? Die EG138 Baureihe [&hellip;]<\/p>\n","protected":false},"author":1,"featured_media":0,"parent":0,"menu_order":0,"comment_status":"closed","ping_status":"closed","template":"","meta":{"ocean_post_layout":"full-screen","ocean_both_sidebars_style":"","ocean_both_sidebars_content_width":0,"ocean_both_sidebars_sidebars_width":0,"ocean_sidebar":"0","ocean_second_sidebar":"0","ocean_disable_margins":"enable","ocean_add_body_class":"","ocean_shortcode_before_top_bar":"","ocean_shortcode_after_top_bar":"","ocean_shortcode_before_header":"","ocean_shortcode_after_header":"","ocean_has_shortcode":"","ocean_shortcode_after_title":"","ocean_shortcode_before_footer_widgets":"","ocean_shortcode_after_footer_widgets":"","ocean_shortcode_before_footer_bottom":"","ocean_shortcode_after_footer_bottom":"","ocean_display_top_bar":"default","ocean_display_header":"default","ocean_header_style":"","ocean_center_header_left_menu":"0","ocean_custom_header_template":"0","ocean_custom_logo":0,"ocean_custom_retina_logo":0,"ocean_custom_logo_max_width":0,"ocean_custom_logo_tablet_max_width":0,"ocean_custom_logo_mobile_max_width":0,"ocean_custom_logo_max_height":0,"ocean_custom_logo_tablet_max_height":0,"ocean_custom_logo_mobile_max_height":0,"ocean_header_custom_menu":"0","ocean_menu_typo_font_family":"0","ocean_menu_typo_font_subset":"","ocean_menu_typo_font_size":0,"ocean_menu_typo_font_size_tablet":0,"ocean_menu_typo_font_size_mobile":0,"ocean_menu_typo_font_size_unit":"px","ocean_menu_typo_font_weight":"","ocean_menu_typo_font_weight_tablet":"","ocean_menu_typo_font_weight_mobile":"","ocean_menu_typo_transform":"","ocean_menu_typo_transform_tablet":"","ocean_menu_typo_transform_mobile":"","ocean_menu_typo_line_height":0,"ocean_menu_typo_line_height_tablet":0,"ocean_menu_typo_line_height_mobile":0,"ocean_menu_typo_line_height_unit":"","ocean_menu_typo_spacing":0,"ocean_menu_typo_spacing_tablet":0,"ocean_menu_typo_spacing_mobile":0,"ocean_menu_typo_spacing_unit":"","ocean_menu_link_color":"","ocean_menu_link_color_hover":"","ocean_menu_link_color_active":"","ocean_menu_link_background":"","ocean_menu_link_hover_background":"","ocean_menu_link_active_background":"","ocean_menu_social_links_bg":"","ocean_menu_social_hover_links_bg":"","ocean_menu_social_links_color":"","ocean_menu_social_hover_links_color":"","ocean_disable_title":"default","ocean_disable_heading":"default","ocean_post_title":"","ocean_post_subheading":"","ocean_post_title_style":"","ocean_post_title_background_color":"","ocean_post_title_background":0,"ocean_post_title_bg_image_position":"","ocean_post_title_bg_image_attachment":"","ocean_post_title_bg_image_repeat":"","ocean_post_title_bg_image_size":"","ocean_post_title_height":0,"ocean_post_title_bg_overlay":0.5,"ocean_post_title_bg_overlay_color":"","ocean_disable_breadcrumbs":"default","ocean_breadcrumbs_color":"","ocean_breadcrumbs_separator_color":"","ocean_breadcrumbs_links_color":"","ocean_breadcrumbs_links_hover_color":"","ocean_display_footer_widgets":"default","ocean_display_footer_bottom":"default","ocean_custom_footer_template":"0","footnotes":""},"class_list":["post-1170","page","type-page","status-publish","hentry","entry","owp-thumbs-layout-horizontal","owp-btn-normal","owp-tabs-layout-horizontal","has-no-thumbnails","has-product-nav"],"_links":{"self":[{"href":"https:\/\/www.elmak.de\/de\/wp-json\/wp\/v2\/pages\/1170","targetHints":{"allow":["GET"]}}],"collection":[{"href":"https:\/\/www.elmak.de\/de\/wp-json\/wp\/v2\/pages"}],"about":[{"href":"https:\/\/www.elmak.de\/de\/wp-json\/wp\/v2\/types\/page"}],"author":[{"embeddable":true,"href":"https:\/\/www.elmak.de\/de\/wp-json\/wp\/v2\/users\/1"}],"replies":[{"embeddable":true,"href":"https:\/\/www.elmak.de\/de\/wp-json\/wp\/v2\/comments?post=1170"}],"version-history":[{"count":52,"href":"https:\/\/www.elmak.de\/de\/wp-json\/wp\/v2\/pages\/1170\/revisions"}],"predecessor-version":[{"id":2174,"href":"https:\/\/www.elmak.de\/de\/wp-json\/wp\/v2\/pages\/1170\/revisions\/2174"}],"wp:attachment":[{"href":"https:\/\/www.elmak.de\/de\/wp-json\/wp\/v2\/media?parent=1170"}],"curies":[{"name":"wp","href":"https:\/\/api.w.org\/{rel}","templated":true}]}}