{"id":1164,"date":"2023-10-18T10:09:20","date_gmt":"2023-10-18T10:09:20","guid":{"rendered":"https:\/\/elmak.de\/?page_id=1164"},"modified":"2024-11-13T10:44:15","modified_gmt":"2024-11-13T10:44:15","slug":"wasseraufbereitung","status":"publish","type":"page","link":"https:\/\/www.elmak.de\/de\/wasseraufbereitung\/","title":{"rendered":"Wasseraufbereitung"},"content":{"rendered":"\t\t<div data-elementor-type=\"wp-post\" data-elementor-id=\"1164\" class=\"elementor elementor-1164\" data-elementor-settings=\"{&quot;ha_cmc_init_switcher&quot;:&quot;no&quot;}\">\n\t\t\t\t\t\t<section class=\"elementor-section elementor-top-section elementor-element elementor-element-bu71rau elementor-section-boxed elementor-section-height-default elementor-section-height-default\" data-id=\"bu71rau\" data-element_type=\"section\" data-e-type=\"section\" data-settings=\"{&quot;background_background&quot;:&quot;classic&quot;,&quot;_ha_eqh_enable&quot;:false}\">\n\t\t\t\t\t\t<div class=\"elementor-container elementor-column-gap-default\">\n\t\t\t\t\t<div class=\"elementor-column elementor-col-33 elementor-top-column elementor-element elementor-element-p4b3n7m\" data-id=\"p4b3n7m\" data-element_type=\"column\" data-e-type=\"column\">\n\t\t\t<div class=\"elementor-widget-wrap elementor-element-populated\">\n\t\t\t\t\t\t<div class=\"elementor-element elementor-element-73gt1to areas-box elementor-position-top elementor-widget elementor-widget-image-box\" data-id=\"73gt1to\" data-element_type=\"widget\" data-e-type=\"widget\" data-widget_type=\"image-box.default\">\n\t\t\t\t<div class=\"elementor-widget-container\">\n\t\t\t\t\t<div class=\"elementor-image-box-wrapper\"><figure class=\"elementor-image-box-img\"><a href=\"#\" tabindex=\"-1\"><img fetchpriority=\"high\" decoding=\"async\" width=\"200\" height=\"283\" src=\"https:\/\/www.elmak.de\/wp-content\/uploads\/2023\/10\/ks20-u-cleanform-200x.png\" class=\"attachment-full size-full wp-image-1123\" alt=\"\" \/><\/a><\/figure><div class=\"elementor-image-box-content\"><h2 class=\"elementor-image-box-title\"><a href=\"#\">Korrosionsschutzmittel<\/a><\/h2><p class=\"elementor-image-box-description\">K\u00fchlwasser impfen und danach vergessen?  Nein!  K\u00fchlwasser muss aufbereitet und im Sollbereich gehalten werden.  \"Impfen\" ist ein Industrieirrtum. <br>\nK\u00fchlwasser ist ein wertvolles Betriebsmittel und sollte entspechend gepflegt werden.\nSo ist unser Korrosionsschutzmittel-Programm gedacht.:<br>\n- Wirksamer Stoff der temperaturbest\u00e4ndig ist und die Korrosion stoppt.  <br>\n- Produkte, die keine Umwelt- und Entsorgungsprobleme bereiten. <br> Das liefern wir.<br><br><br><br><br><br><\/p><\/div><\/div>\t\t\t\t<\/div>\n\t\t\t\t<\/div>\n\t\t\t\t<div class=\"elementor-element elementor-element-mudrmeq areas-box elementor-position-top elementor-widget elementor-widget-image-box\" data-id=\"mudrmeq\" data-element_type=\"widget\" data-e-type=\"widget\" data-widget_type=\"image-box.default\">\n\t\t\t\t<div class=\"elementor-widget-container\">\n\t\t\t\t\t<div class=\"elementor-image-box-wrapper\"><figure class=\"elementor-image-box-img\"><a href=\"#\" tabindex=\"-1\"><img decoding=\"async\" width=\"250\" height=\"222\" src=\"https:\/\/www.elmak.de\/wp-content\/uploads\/2023\/10\/Kanister-freigestellt.png\" class=\"attachment-full size-full wp-image-1211\" alt=\"\" \/><\/a><\/figure><div class=\"elementor-image-box-content\"><h2 class=\"elementor-image-box-title\"><a href=\"#\">Sonstige Produkte<\/a><\/h2><p class=\"elementor-image-box-description\">Biozide,\nChemikalien zur pH-Korrketur,\nH\u00e4rtestabilisatoren,\nEntkalkungsmittel, Reinigungschemie f\u00fcr K\u00fchlkan\u00e4le im Kunststoffspritzguss,\nKupfer-Korrosionsschutzmittel,\nRohrleitungsreinigungs-Chemie,\n\u00d6l- und Fettl\u00f6ser,\nDispergiermittel.\nDosierpumpen, aut. Dosierstationen und Zubeh\u00f6r.\nPers\u00f6nliche Schutzausr\u00fcstung f\u00fcr alle unsere Produkte.<\/p><\/div><\/div>\t\t\t\t<\/div>\n\t\t\t\t<\/div>\n\t\t\t\t\t<\/div>\n\t\t<\/div>\n\t\t\t\t<div class=\"elementor-column elementor-col-33 elementor-top-column elementor-element elementor-element-94z8gp3\" data-id=\"94z8gp3\" data-element_type=\"column\" data-e-type=\"column\">\n\t\t\t<div class=\"elementor-widget-wrap elementor-element-populated\">\n\t\t\t\t\t\t<div class=\"elementor-element elementor-element-o8y6vue areas-box elementor-position-top elementor-widget elementor-widget-image-box\" data-id=\"o8y6vue\" data-element_type=\"widget\" data-e-type=\"widget\" data-widget_type=\"image-box.default\">\n\t\t\t\t<div class=\"elementor-widget-container\">\n\t\t\t\t\t<div class=\"elementor-image-box-wrapper\"><figure class=\"elementor-image-box-img\"><a href=\"#\" tabindex=\"-1\"><img decoding=\"async\" width=\"200\" height=\"283\" src=\"https:\/\/www.elmak.de\/wp-content\/uploads\/2023\/10\/Untersuchungen200x283.png\" class=\"attachment-full size-full wp-image-1293\" alt=\"\" \/><\/a><\/figure><div class=\"elementor-image-box-content\"><h2 class=\"elementor-image-box-title\"><a href=\"#\">Analyse und Beratung<\/a><\/h2><p class=\"elementor-image-box-description\">Labortests sind n\u00fctzlich, aber was haben sie f\u00fcr eine Bedeutung?  \n<br>\nWir analysieren Systemwasser und bieten praktische Hilfe zur Systemverbesserung an.\n<br><br>\nDies erg\u00e4nzen wir nach Bedarf mit unsere Hardware Analytik-Dienstleistungen:\nTemperierger\u00e4t-Autopsien,\nKunststoff-Formwerkzeuge-Autopsien,\nAblagerungen Untersuchungen,\nWerkstoff-Korrosionsfestigkeit,\nKavitation Untersuchungen<br><br>\nUnser Laborservice schliesst auch Eigenkontroll-methoden ein, um Ihre Kosten auf niedrigstem Niveau zu halten.\n<br>\n<br><br>\n<\/p><\/div><\/div>\t\t\t\t<\/div>\n\t\t\t\t<\/div>\n\t\t\t\t<div class=\"elementor-element elementor-element-osow2h8 areas-box elementor-position-top elementor-widget elementor-widget-image-box\" data-id=\"osow2h8\" data-element_type=\"widget\" data-e-type=\"widget\" data-widget_type=\"image-box.default\">\n\t\t\t\t<div class=\"elementor-widget-container\">\n\t\t\t\t\t<div class=\"elementor-image-box-wrapper\"><figure class=\"elementor-image-box-img\"><a href=\"#\" tabindex=\"-1\"><img loading=\"lazy\" decoding=\"async\" width=\"78\" height=\"300\" src=\"https:\/\/www.elmak.de\/wp-content\/uploads\/2023\/10\/Doppelanka-78x300-1.png\" class=\"attachment-full size-full wp-image-1251\" alt=\"\" \/><\/a><\/figure><div class=\"elementor-image-box-content\"><h2 class=\"elementor-image-box-title\"><a href=\"#\">Entsalzung und Enth\u00e4rtung<\/a><\/h2><p class=\"elementor-image-box-description\">ELMAK liefert Wasserenth\u00e4rter und Vollentsalzungsger\u00e4te mit besonderer Option zur \u00dcberwachung. <br><br><br>\n<\/p><\/div><\/div>\t\t\t\t<\/div>\n\t\t\t\t<\/div>\n\t\t\t\t\t<\/div>\n\t\t<\/div>\n\t\t\t\t<div class=\"elementor-column elementor-col-33 elementor-top-column elementor-element elementor-element-phobwjz\" data-id=\"phobwjz\" data-element_type=\"column\" data-e-type=\"column\">\n\t\t\t<div class=\"elementor-widget-wrap elementor-element-populated\">\n\t\t\t\t\t\t<div class=\"elementor-element elementor-element-clyq47f areas-box elementor-position-top elementor-widget elementor-widget-image-box\" data-id=\"clyq47f\" data-element_type=\"widget\" data-e-type=\"widget\" data-widget_type=\"image-box.default\">\n\t\t\t\t<div class=\"elementor-widget-container\">\n\t\t\t\t\t<div class=\"elementor-image-box-wrapper\"><figure class=\"elementor-image-box-img\"><a href=\"#\" tabindex=\"-1\"><img loading=\"lazy\" decoding=\"async\" width=\"200\" height=\"231\" src=\"https:\/\/www.elmak.de\/wp-content\/uploads\/2024\/11\/NV100E-200x231-1.png\" class=\"attachment-full size-full wp-image-1839\" alt=\"\" srcset=\"https:\/\/www.elmak.de\/wp-content\/uploads\/2024\/11\/NV100E-200x231-1.png 200w, https:\/\/www.elmak.de\/wp-content\/uploads\/2024\/11\/NV100E-200x231-1-10x12.png 10w\" sizes=\"(max-width: 200px) 100vw, 200px\" \/><\/a><\/figure><div class=\"elementor-image-box-content\"><h2 class=\"elementor-image-box-title\"><a href=\"#\">R\u00fcckgewinnung und Druckhaltung<\/a><\/h2><p class=\"elementor-image-box-description\">Aufbereitetes Wasser ist ein Betriebsmittel und sollte nicht einfach ins Abwasser abgelassen werden.\n<br>\nELMAK-Anlagen \u00fcberwachen den Wassernachsatz gegen Lecks, halten den Ruhedruck und erlauben die R\u00fcckf\u00fchrung von Wasser aus Formen und Instandhaltungseingriffen. Frischwassernachstaz wird Salzfrei gestellt. \u00dcberwachung von 9 Alarme. Datenlogging und IP f\u00e4hige Steurerung inklusive.<br><br><br><br><br><br><br><br><br><\/p><\/div><\/div>\t\t\t\t<\/div>\n\t\t\t\t<\/div>\n\t\t\t\t\t<\/div>\n\t\t<\/div>\n\t\t\t\t\t<\/div>\n\t\t<\/section>\n\t\t\t\t<\/div>\n\t\t","protected":false},"excerpt":{"rendered":"<p>Korrosionsschutzmittel K\u00fchlwasser impfen und danach vergessen? Nein! K\u00fchlwasser muss aufbereitet und im Sollbereich gehalten werden. &#8222;Impfen&#8220; ist ein Industrieirrtum. K\u00fchlwasser ist ein wertvolles Betriebsmittel und sollte entspechend gepflegt werden. So ist unser Korrosionsschutzmittel-Programm gedacht.: &#8211; Wirksamer Stoff der temperaturbest\u00e4ndig ist und die Korrosion stoppt. &#8211; Produkte, die keine Umwelt- und Entsorgungsprobleme bereiten. Das liefern wir. [&hellip;]<\/p>\n","protected":false},"author":1,"featured_media":0,"parent":0,"menu_order":0,"comment_status":"closed","ping_status":"closed","template":"","meta":{"ocean_post_layout":"full-screen","ocean_both_sidebars_style":"","ocean_both_sidebars_content_width":0,"ocean_both_sidebars_sidebars_width":0,"ocean_sidebar":"0","ocean_second_sidebar":"0","ocean_disable_margins":"enable","ocean_add_body_class":"","ocean_shortcode_before_top_bar":"","ocean_shortcode_after_top_bar":"","ocean_shortcode_before_header":"","ocean_shortcode_after_header":"","ocean_has_shortcode":"","ocean_shortcode_after_title":"","ocean_shortcode_before_footer_widgets":"","ocean_shortcode_after_footer_widgets":"","ocean_shortcode_before_footer_bottom":"","ocean_shortcode_after_footer_bottom":"","ocean_display_top_bar":"default","ocean_display_header":"default","ocean_header_style":"","ocean_center_header_left_menu":"0","ocean_custom_header_template":"0","ocean_custom_logo":0,"ocean_custom_retina_logo":0,"ocean_custom_logo_max_width":0,"ocean_custom_logo_tablet_max_width":0,"ocean_custom_logo_mobile_max_width":0,"ocean_custom_logo_max_height":0,"ocean_custom_logo_tablet_max_height":0,"ocean_custom_logo_mobile_max_height":0,"ocean_header_custom_menu":"0","ocean_menu_typo_font_family":"0","ocean_menu_typo_font_subset":"","ocean_menu_typo_font_size":0,"ocean_menu_typo_font_size_tablet":0,"ocean_menu_typo_font_size_mobile":0,"ocean_menu_typo_font_size_unit":"px","ocean_menu_typo_font_weight":"","ocean_menu_typo_font_weight_tablet":"","ocean_menu_typo_font_weight_mobile":"","ocean_menu_typo_transform":"","ocean_menu_typo_transform_tablet":"","ocean_menu_typo_transform_mobile":"","ocean_menu_typo_line_height":0,"ocean_menu_typo_line_height_tablet":0,"ocean_menu_typo_line_height_mobile":0,"ocean_menu_typo_line_height_unit":"","ocean_menu_typo_spacing":0,"ocean_menu_typo_spacing_tablet":0,"ocean_menu_typo_spacing_mobile":0,"ocean_menu_typo_spacing_unit":"","ocean_menu_link_color":"","ocean_menu_link_color_hover":"","ocean_menu_link_color_active":"","ocean_menu_link_background":"","ocean_menu_link_hover_background":"","ocean_menu_link_active_background":"","ocean_menu_social_links_bg":"","ocean_menu_social_hover_links_bg":"","ocean_menu_social_links_color":"","ocean_menu_social_hover_links_color":"","ocean_disable_title":"default","ocean_disable_heading":"default","ocean_post_title":"","ocean_post_subheading":"","ocean_post_title_style":"","ocean_post_title_background_color":"","ocean_post_title_background":0,"ocean_post_title_bg_image_position":"","ocean_post_title_bg_image_attachment":"","ocean_post_title_bg_image_repeat":"","ocean_post_title_bg_image_size":"","ocean_post_title_height":0,"ocean_post_title_bg_overlay":0.5,"ocean_post_title_bg_overlay_color":"","ocean_disable_breadcrumbs":"default","ocean_breadcrumbs_color":"","ocean_breadcrumbs_separator_color":"","ocean_breadcrumbs_links_color":"","ocean_breadcrumbs_links_hover_color":"","ocean_display_footer_widgets":"default","ocean_display_footer_bottom":"default","ocean_custom_footer_template":"0","footnotes":""},"class_list":["post-1164","page","type-page","status-publish","hentry","entry","owp-thumbs-layout-horizontal","owp-btn-normal","owp-tabs-layout-horizontal","has-no-thumbnails","has-product-nav"],"_links":{"self":[{"href":"https:\/\/www.elmak.de\/de\/wp-json\/wp\/v2\/pages\/1164","targetHints":{"allow":["GET"]}}],"collection":[{"href":"https:\/\/www.elmak.de\/de\/wp-json\/wp\/v2\/pages"}],"about":[{"href":"https:\/\/www.elmak.de\/de\/wp-json\/wp\/v2\/types\/page"}],"author":[{"embeddable":true,"href":"https:\/\/www.elmak.de\/de\/wp-json\/wp\/v2\/users\/1"}],"replies":[{"embeddable":true,"href":"https:\/\/www.elmak.de\/de\/wp-json\/wp\/v2\/comments?post=1164"}],"version-history":[{"count":127,"href":"https:\/\/www.elmak.de\/de\/wp-json\/wp\/v2\/pages\/1164\/revisions"}],"predecessor-version":[{"id":1852,"href":"https:\/\/www.elmak.de\/de\/wp-json\/wp\/v2\/pages\/1164\/revisions\/1852"}],"wp:attachment":[{"href":"https:\/\/www.elmak.de\/de\/wp-json\/wp\/v2\/media?parent=1164"}],"curies":[{"name":"wp","href":"https:\/\/api.w.org\/{rel}","templated":true}]}}